{"id":590,"date":"2022-05-29T21:47:04","date_gmt":"2022-05-29T21:47:04","guid":{"rendered":"https:\/\/kinfirm.com\/?page_id=590"},"modified":"2024-03-26T22:56:30","modified_gmt":"2024-03-26T20:56:30","slug":"klientu-savitarnos-portalai","status":"publish","type":"page","link":"https:\/\/kinfirm.com\/lt\/programavimo-paslaugos\/klientu-savitarnos-portalai\/","title":{"rendered":"Klient\u0173 savitarnos portalai"},"content":{"rendered":"<div class=\"section-wrapper \">\n    <section class=\" sm:pt-[190px] pt-[120px] flex flex-col justify-center\">\n    <div class=\"container\">\n      <div class=\"border-b border-solid border-gray-40 sm:pb-[120px] pb-[50px]\">\n                  <h1 class=\"tracking-small lg:text-96px md:text-64px text-40px text-white\"><span class=\"slash\">\/<\/span>Klient\u0173 savitarnos<br \/>\r\nportal\u0173 programavimas\n          <\/h1>\n                          <div class=\"prose tracking-small text-white md:text-32px sm:text-24px md:mt-8 mt-6\">\n            <p>Kuriame individualius klient\u0173 savitarnos portalus. Funkcionali ir patogi klient\u0173 zona &#8211; didelis konkurencinis prana\u0161umas j\u016bs\u0173 verslui.<\/p>\n\n          <\/div>\n                              <\/div>\n    <\/div>\n  <\/section>\n  <\/div>\n\n\n<div class=\"section-wrapper pt-10\">\n    <section class=\"md:py-8 py-6 px-4\" data-scroll-section>\n      <div class=\" container \">\n        <div\n          class=\"grid md:grid-cols-2 grid-cols-1 gap-x-10 md:gap-y-6 lg:gap-x-24 items-center justify-between\">\n          <div\n            class=\"md:order-none order-1 p-6 py-10  md:py-16 mx-auto\">\n            <h2 class=\"h text-white tracking-small lg:text-48p  x md:text-48px sm:text-32px text-24px md:mb-8 mb-6\">\n              <span class=\"slash\">\/<\/span>24\/7 pasiekiamumas\n            <\/h2>\n                          <div class=\"c prose md:prose-md tracking-small text-white\">\n                <p>Klientai gali rasti reikiam\u0105 informacij\u0105 net ir tada, kai j\u016bs\u0173 komanda nedirba.<\/p>\n\n              <\/div>\n                      <\/div>\n\n          <div class=\"w-full order-none md:order-1 h-full flex items-center\">\n            <img loading=\"lazy\" decoding=\"async\" width=\"2560\" height=\"1463\" src=\"https:\/\/kinfirm.com\/app\/uploads\/2022\/05\/vilpra-2-scaled.jpg\" class=\"w-full rounded-[20px]\" alt=\"\" srcset=\"https:\/\/kinfirm.com\/app\/uploads\/2022\/05\/vilpra-2-scaled.jpg 2560w, https:\/\/kinfirm.com\/app\/uploads\/2022\/05\/vilpra-2-300x171.jpg 300w, https:\/\/kinfirm.com\/app\/uploads\/2022\/05\/vilpra-2-1024x585.jpg 1024w, https:\/\/kinfirm.com\/app\/uploads\/2022\/05\/vilpra-2-1536x878.jpg 1536w, https:\/\/kinfirm.com\/app\/uploads\/2022\/05\/vilpra-2-2048x1170.jpg 2048w, https:\/\/kinfirm.com\/app\/uploads\/2022\/05\/vilpra-2-300x171@2x.jpg 600w\" sizes=\"auto, (max-width: 2560px) 100vw, 2560px\" \/>\n          <\/div>\n        <\/div>\n      <\/div>\n    <\/section>\n  <\/div>\n\n\n\n<div class=\"section-wrapper \">\n    <section class=\"md:py-8 py-6 px-4\" data-scroll-section>\n      <div class=\" container \">\n        <div\n          class=\"grid md:grid-cols-2 grid-cols-1 gap-x-10 md:gap-y-6 lg:gap-x-24 items-center justify-between\">\n          <div\n            class=\"md:order-2 order-1 p-6 py-10  md:py-16 mx-auto\">\n            <h2 class=\"h text-white tracking-small lg:text-48p  x md:text-48px sm:text-32px text-24px md:mb-8 mb-6\">\n              <span class=\"slash\">\/<\/span>U\u017esakym\u0173 pateikimas\n            <\/h2>\n                          <div class=\"c prose md:prose-md tracking-small text-white\">\n                <p>\u012egalinkite klientus. Patogus u\u017esakym\u0173 pateikimas be papildom\u0173 skambu\u010di\u0173 ar el. lai\u0161k\u0173.<\/p>\n\n              <\/div>\n                      <\/div>\n\n          <div class=\"w-full order-none md:order-1 h-full flex items-center\">\n            <img loading=\"lazy\" decoding=\"async\" width=\"2560\" height=\"1463\" src=\"https:\/\/kinfirm.com\/app\/uploads\/2024\/02\/icl-2-scaled.jpg\" class=\"w-full rounded-[20px]\" alt=\"\" srcset=\"https:\/\/kinfirm.com\/app\/uploads\/2024\/02\/icl-2-scaled.jpg 2560w, https:\/\/kinfirm.com\/app\/uploads\/2024\/02\/icl-2-300x171.jpg 300w, https:\/\/kinfirm.com\/app\/uploads\/2024\/02\/icl-2-1024x585.jpg 1024w, https:\/\/kinfirm.com\/app\/uploads\/2024\/02\/icl-2-1536x878.jpg 1536w, https:\/\/kinfirm.com\/app\/uploads\/2024\/02\/icl-2-2048x1170.jpg 2048w, https:\/\/kinfirm.com\/app\/uploads\/2024\/02\/icl-2-300x171@2x.jpg 600w\" sizes=\"auto, (max-width: 2560px) 100vw, 2560px\" \/>\n          <\/div>\n        <\/div>\n      <\/div>\n    <\/section>\n  <\/div>\n\n\n\n<div class=\"section-wrapper \">\n    <section class=\"md:py-8 py-6 px-4\" data-scroll-section>\n      <div class=\" container \">\n        <div\n          class=\"grid md:grid-cols-2 grid-cols-1 gap-x-10 md:gap-y-6 lg:gap-x-24 items-center justify-between\">\n          <div\n            class=\"md:order-none order-1 p-6 py-10  md:py-16 mx-auto\">\n            <h2 class=\"h text-white tracking-small lg:text-48p  x md:text-48px sm:text-32px text-24px md:mb-8 mb-6\">\n              <span class=\"slash\">\/<\/span>Neribotas funkcionalumas\n            <\/h2>\n                          <div class=\"c prose md:prose-md tracking-small text-white\">\n                <p>Suteikite galimyb\u0119 klientams naudotis i\u0161skirtiniais \u012frankiais ir funkcijomis.<\/p>\n\n              <\/div>\n                      <\/div>\n\n          <div class=\"w-full order-none md:order-1 h-full flex items-center\">\n            <img loading=\"lazy\" decoding=\"async\" width=\"2560\" height=\"1463\" src=\"https:\/\/kinfirm.com\/app\/uploads\/2024\/02\/unvero-2-scaled.jpg\" class=\"w-full rounded-[20px]\" alt=\"\" srcset=\"https:\/\/kinfirm.com\/app\/uploads\/2024\/02\/unvero-2-scaled.jpg 2560w, https:\/\/kinfirm.com\/app\/uploads\/2024\/02\/unvero-2-300x171.jpg 300w, https:\/\/kinfirm.com\/app\/uploads\/2024\/02\/unvero-2-1024x585.jpg 1024w, https:\/\/kinfirm.com\/app\/uploads\/2024\/02\/unvero-2-1536x878.jpg 1536w, https:\/\/kinfirm.com\/app\/uploads\/2024\/02\/unvero-2-2048x1170.jpg 2048w, https:\/\/kinfirm.com\/app\/uploads\/2024\/02\/unvero-2-300x171@2x.jpg 600w\" sizes=\"auto, (max-width: 2560px) 100vw, 2560px\" \/>\n          <\/div>\n        <\/div>\n      <\/div>\n    <\/section>\n  <\/div>\n\n\n\n<div class=\"section-wrapper \">\n    <section class=\"bg-gray-100 lg:pt-24 sm:py-12 py-8\" data-scroll-section>\n      <div class=\"container\">\n        <div class=\"container-md\">\n                      <h2 class=\"text-white tracking-small lg:text-64px md:text-48px sm:text-32px text-24px md:mb-8 mb-6\">\n              <span class=\"slash\">\/<\/span>Klient\u0173 savitarnos portalo <br \/>\r\nprivalumai             <\/h2>\n                    \n            \n              <div class=\"accordion\">\n\n                 \n                  <div class=\"accordion__block\"  :class=\"{ 'active': faq, '': !(faq) }\" x-data=\"{ faq: false }\">\n\n                                          <div class=\"accordion__block--heading\" x-on:click=\"faq = !faq\">\n                        <div class=\"h\">Daugiau pardavim\u0173<\/div>\n                        <div class=\"w-6\">\n                          <svg class=\"fill-current text-white\" width=\"21\" height=\"20\">\n                            <use xlink:href=\"https:\/\/kinfirm.com\/app\/themes\/kinfirm\/public\/images\/icons\/icons.ad8643.svg#arrow-down\"\/>\n                          <\/svg>\n                        <\/div>\n                      <\/div>\n                    \n                                          <div class=\"accordion__block--content\">\n                        <p>Galimyb\u0117 u\u017esakyti paslaugas bet kuriuo metu padeda didinti pardavimus.<\/p>\n\n                      <\/div>\n                                      <\/div>\n                 \n                  <div class=\"accordion__block\"  :class=\"{ 'active': faq, '': !(faq) }\" x-data=\"{ faq: false }\">\n\n                                          <div class=\"accordion__block--heading\" x-on:click=\"faq = !faq\">\n                        <div class=\"h\">Ka\u0161t\u0173 taupymas ir efektyvumas<\/div>\n                        <div class=\"w-6\">\n                          <svg class=\"fill-current text-white\" width=\"21\" height=\"20\">\n                            <use xlink:href=\"https:\/\/kinfirm.com\/app\/themes\/kinfirm\/public\/images\/icons\/icons.ad8643.svg#arrow-down\"\/>\n                          <\/svg>\n                        <\/div>\n                      <\/div>\n                    \n                                          <div class=\"accordion__block--content\">\n                        <p>Kiekvienas atsakymas \u012f kliento u\u017eklaus\u0105 telefonu ar el. pa\u0161tu reikalauja aptarnavimo ar vadybos specialist\u0173. Sutaupyti ir padidinti aptarnavimo efektyvum\u0105 galima sukuriant bei \u012fdiegiant klient\u0173 savitarnos portal\u0105. Kaip sufleruoja pavadinimas, \u0161iame portale klientai gali patys atlikti u\u017esakymus ir rasti atsakymus \u012f svarbiausius klausimus. Tai \u2013 \u012frankis, veikiantis visada, net kai j\u016bs\u0173 vadybos komanda ilsisi. Su klient\u0173 savitarnos portalu j\u016bs\u0173 klient\u0173 klausimai ir problemos gali b\u016bti sprend\u017eiami i\u0161kart, nepriklausomai nuo savait\u0117s dienos ar aptarnavimo specialist\u0173 darbo laiko.<\/p>\n\n                      <\/div>\n                                      <\/div>\n                 \n                  <div class=\"accordion__block\"  :class=\"{ 'active': faq, '': !(faq) }\" x-data=\"{ faq: false }\">\n\n                                          <div class=\"accordion__block--heading\" x-on:click=\"faq = !faq\">\n                        <div class=\"h\">Patogumas klientams<\/div>\n                        <div class=\"w-6\">\n                          <svg class=\"fill-current text-white\" width=\"21\" height=\"20\">\n                            <use xlink:href=\"https:\/\/kinfirm.com\/app\/themes\/kinfirm\/public\/images\/icons\/icons.ad8643.svg#arrow-down\"\/>\n                          <\/svg>\n                        <\/div>\n                      <\/div>\n                    \n                                          <div class=\"accordion__block--content\">\n                        <p>Turint savitarnos portal\u0105, klientai gali atlikti u\u017esakymus jiems patogiu metu, nepriklausomai nuo j\u016bs\u0173 vadybos komandos darbo laiko. Patogiai ir ai\u0161kiai pateikta informacija apie prekes\/paslaugas suteikia galimyb\u0119 klientams rasti atsakymus \u012f jiems r\u016bpimus klausimus bei suformuoti u\u017esakym\u0105 b\u016bnant bet kurioje pasaulio vietoje ir bet kuriuo paros metu. Pateikiant u\u017esakymus klient\u0173 savitarnos portale taip pat ma\u017einama klaid\u0173 tikimyb\u0117 d\u0117l nesusikalb\u0117jimo ar neteisingai i\u0161girst\u0173 pra\u0161ym\u0173 telefoninio skambu\u010dio metu. Klientas pats mato vis\u0105 asortiment\u0105 bei jam aktuali\u0105 preki\u0173\/paslaug\u0173 informacij\u0105.<\/p>\n\n                      <\/div>\n                                      <\/div>\n                 \n                  <div class=\"accordion__block\"  :class=\"{ 'active': faq, '': !(faq) }\" x-data=\"{ faq: false }\">\n\n                                          <div class=\"accordion__block--heading\" x-on:click=\"faq = !faq\">\n                        <div class=\"h\">Lojalumas<\/div>\n                        <div class=\"w-6\">\n                          <svg class=\"fill-current text-white\" width=\"21\" height=\"20\">\n                            <use xlink:href=\"https:\/\/kinfirm.com\/app\/themes\/kinfirm\/public\/images\/icons\/icons.ad8643.svg#arrow-down\"\/>\n                          <\/svg>\n                        <\/div>\n                      <\/div>\n                    \n                                          <div class=\"accordion__block--content\">\n                        <p>Tyrim\u0173 duomenys rodo tiesiogin\u012f ry\u0161\u012f tarp turinio personalizavimo ir vartotoj\u0173 pasitenkinimo, o auk\u0161tas klient\u0173 pasitenkinimas rei\u0161kia, kad klientas ir ateityje teiks pirmenyb\u0119 j\u016bs\u0173 verslui. Koks vaidmuo \u010dia tenka savitarnos portalams? Informacij\u0105, gaunam\u0105 klientams naudojantis savitarnos portalu, galite panaudoti kiekvieno vartotojo patirties (UX) tobulinimui ar paversti suasmenintais pasi\u016blymais, tinklara\u0161\u010dio \u012fra\u0161ais konkre\u010diomis klientus dominan\u010diomis temomis. \u0160is \u012frankis \u2013 puikus sprendimas, siekiant suprasti, ko reikia vartotojui ir, atsi\u017evelgiant \u012f tai, tobulinti aptarnavim\u0105 ir didinti klient\u0173 lojalum\u0105. Klient\u0173 savitarnos portalo d\u0117ka galite nesud\u0117tingai \u012fdiegti bet kokio sud\u0117tingumo lojalumo program\u0105 bei j\u0105 kombinuoti su jau veikian\u010dia lojalumo programa kitose turimose sistemose.<\/p>\n<p>Kokybi\u0161kas savitarnos portalas kliento akyse suformuoja tiesiogin\u012f ry\u0161\u012f tarp j\u016bs\u0173 verslo, tuo pa\u010diu i\u0161vengiant didelio telefonini\u0173 skambu\u010di\u0173 ar elektronini\u0173 lai\u0161k\u0173 kiekio. Tyrim\u0173 duomenys rodo vis augant\u012f vartotoj\u0173 poreik\u012f savitarnos portalams, tad dabar yra puikus metas verslui i\u0161naudoti visus \u0161io \u012frankio teikiamus privalumus.<\/p>\n\n                      <\/div>\n                                      <\/div>\n                 \n                  <div class=\"accordion__block\"  :class=\"{ 'active': faq, '': !(faq) }\" x-data=\"{ faq: false }\">\n\n                                          <div class=\"accordion__block--heading\" x-on:click=\"faq = !faq\">\n                        <div class=\"h\">Viskas vienoje vietoje<\/div>\n                        <div class=\"w-6\">\n                          <svg class=\"fill-current text-white\" width=\"21\" height=\"20\">\n                            <use xlink:href=\"https:\/\/kinfirm.com\/app\/themes\/kinfirm\/public\/images\/icons\/icons.ad8643.svg#arrow-down\"\/>\n                          <\/svg>\n                        <\/div>\n                      <\/div>\n                    \n                                          <div class=\"accordion__block--content\">\n                        <p>Viena i\u0161 da\u017eniausiai klient\u0173 savitarnos portaluose diegiam\u0173 funkcij\u0173 \u2013 duomen\u0173 integracija ir atvaizdavimas vienoje vietoje. Klientai gali ne tik atlikti u\u017esakymus, ta\u010diau ir steb\u0117ti u\u017esakymo situacij\u0105 ir eig\u0105, rasti visas s\u0105skaitas ar kitus reikalingus dokumentus, matyti savo skolas ar kit\u0105 jiems aktuali\u0105 statistin\u0119 informacij\u0105.<\/p>\n<p>Da\u017enu atveju savitarnos portalai patys generuoja s\u0105skaitas fakt\u016bras ir jas API pagrindu perduoda buhalterin\u0117ms sistemoms, ta\u010diau galimas ir atvirk\u0161tinis ry\u0161ys, kuomet s\u0105skaita fakt\u016bra atkeliauja i\u0161 j\u016bs\u0173 buhalterin\u0117s programos.<\/p>\n<p>Klient\u0173 savitarnos portal\u0105 galima integruoti su bet kokiomis sistemomis, turin\u010diomis API, ir i\u0161 j\u0173 tiek gauti, tiek perduoti reikaling\u0105 informacij\u0105.<\/p>\n\n                      <\/div>\n                                      <\/div>\n                 \n                  <div class=\"accordion__block\"  :class=\"{ 'active': faq, '': !(faq) }\" x-data=\"{ faq: false }\">\n\n                                          <div class=\"accordion__block--heading\" x-on:click=\"faq = !faq\">\n                        <div class=\"h\">Didesnis lankytoj\u0173 srautas<\/div>\n                        <div class=\"w-6\">\n                          <svg class=\"fill-current text-white\" width=\"21\" height=\"20\">\n                            <use xlink:href=\"https:\/\/kinfirm.com\/app\/themes\/kinfirm\/public\/images\/icons\/icons.ad8643.svg#arrow-down\"\/>\n                          <\/svg>\n                        <\/div>\n                      <\/div>\n                    \n                                          <div class=\"accordion__block--content\">\n                        <p>Klient\u0173 savitarnos portalas \u2013 puikus kanalas siekiant klientus informuoti apie naujas akcijas, prekes ar kitus aktualius pasi\u016blymus. Nuolatos pateikiant nauding\u0105 informacij\u0105, lankymasis klient\u0173 savitarnos portale tampa \u012fpro\u010diu, tod\u0117l be dideli\u0173 papildom\u0173 i\u0161laid\u0173 reklamai galite tur\u0117ti nauj\u0105 kanal\u0105, kur\u012f klientai nor\u0117s aplankyti nuolatos.<\/p>\n\n                      <\/div>\n                                      <\/div>\n                \n              <\/div>\n            \n        <\/div>\n      <\/div>\n    <\/section>\n  <\/div>\n\n\n<div class=\"section-wrapper \">\n    <section class=\"lg:py-24 md:py-12 py-6\" data-scroll-section>\n    <div class=\"container\">\n      <h2 class=\"lg:pb-16 md:pb-10 pb-6 text-white tracking-small lg:text-64px md:text-48px sm:text-32px text-24px\">\n        <span class=\"slash\">\/<\/span>Klient\u0173 savitarnos portal\u0173 kainos\n      <\/h2>\n\n      <div class=\"btn-gray__group\">\n\n                          <a href=\"https:\/\/kinfirm.com\/lt\/klientu-savitarnos-portalo-programavimo-kaina\/\" class=\"btn-gray__link\">\n                    <div class=\"btn-gray__title\">\n              Preliminarios kainos\n            <\/div>\n                  <\/a>\n                \n      <\/div>\n\n    <\/div>\n  <\/section>\n  <\/div>\n\n\n<div class=\"section-wrapper \">\n    <section class=\"lg:py-24 md:py-12 py-6\" data-scroll-section>\n    <div class=\"container\">\n      <h2 class=\"lg:pb-16 md:pb-10 pb-6 text-white tracking-small lg:text-64px md:text-48px sm:text-32px text-24px\">\n        <span class=\"slash\">\/<\/span>Pasikalb\u0117kime apie J\u016bs\u0173<br \/>\r\nklient\u0173 savitarnos portal\u0105\n      <\/h2>\n\n      <div class=\"btn-gray__group\">\n\n                          <a href=\"https:\/\/kinfirm.com\/lt\/programavimo-paslaugu-uzklausa\/\" class=\"btn-gray__link\">\n                    <div class=\"btn-gray__title\">\n              Pateikite u\u017eklaus\u0105\n            <\/div>\n                  <\/a>\n                \n      <\/div>\n\n    <\/div>\n  <\/section>\n  <\/div>\n","protected":false},"excerpt":{"rendered":"","protected":false},"author":1,"featured_media":0,"parent":25,"menu_order":0,"comment_status":"closed","ping_status":"closed","template":"page-blocks.blade.php","meta":{"_acf_changed":false,"inline_featured_image":false,"footnotes":""},"class_list":["post-590","page","type-page","status-publish","hentry"],"acf":[],"yoast_head":"<!-- This site is optimized with the Yoast SEO plugin v26.9 - https:\/\/yoast.com\/product\/yoast-seo-wordpress\/ -->\n<title>Klient\u0173 savitarnos portal\u0173 programavimas \/Kinfirm<\/title>\n<meta name=\"description\" content=\"Kuriame unikalaus funkcionalumo klient\u0173 savitarnos portalus verslui. Patogiai administruokite u\u017esakymus ir pagerinkite klient\u0173 patirt\u012f.\" \/>\n<meta name=\"robots\" content=\"index, follow, max-snippet:-1, max-image-preview:large, max-video-preview:-1\" \/>\n<link rel=\"canonical\" href=\"https:\/\/kinfirm.com\/lt\/programavimo-paslaugos\/klientu-savitarnos-portalai\/\" \/>\n<meta property=\"og:locale\" content=\"lt_LT\" \/>\n<meta property=\"og:type\" content=\"article\" \/>\n<meta property=\"og:title\" content=\"Klient\u0173 savitarnos portal\u0173 programavimas \/Kinfirm\" \/>\n<meta property=\"og:description\" content=\"Kuriame unikalaus funkcionalumo klient\u0173 savitarnos portalus verslui. Patogiai administruokite u\u017esakymus ir pagerinkite klient\u0173 patirt\u012f.\" \/>\n<meta property=\"og:url\" content=\"https:\/\/kinfirm.com\/lt\/programavimo-paslaugos\/klientu-savitarnos-portalai\/\" \/>\n<meta property=\"og:site_name\" content=\"Kinfirm\" \/>\n<meta property=\"article:modified_time\" content=\"2024-03-26T20:56:30+00:00\" \/>\n<meta property=\"og:image\" content=\"https:\/\/kinfirm.com\/app\/uploads\/2022\/05\/kinfirm_og.jpg\" \/>\n\t<meta property=\"og:image:width\" content=\"1200\" \/>\n\t<meta property=\"og:image:height\" content=\"673\" \/>\n\t<meta property=\"og:image:type\" content=\"image\/jpeg\" \/>\n<meta name=\"twitter:card\" content=\"summary_large_image\" \/>\n<script type=\"application\/ld+json\" class=\"yoast-schema-graph\">{\"@context\":\"https:\/\/schema.org\",\"@graph\":[{\"@type\":\"WebPage\",\"@id\":\"https:\/\/kinfirm.com\/lt\/programavimo-paslaugos\/klientu-savitarnos-portalai\/\",\"url\":\"https:\/\/kinfirm.com\/lt\/programavimo-paslaugos\/klientu-savitarnos-portalai\/\",\"name\":\"Klient\u0173 savitarnos portal\u0173 programavimas \/Kinfirm\",\"isPartOf\":{\"@id\":\"https:\/\/kinfirm.com\/lt\/#website\"},\"datePublished\":\"2022-05-29T21:47:04+00:00\",\"dateModified\":\"2024-03-26T20:56:30+00:00\",\"description\":\"Kuriame unikalaus funkcionalumo klient\u0173 savitarnos portalus verslui. Patogiai administruokite u\u017esakymus ir pagerinkite klient\u0173 patirt\u012f.\",\"breadcrumb\":{\"@id\":\"https:\/\/kinfirm.com\/lt\/programavimo-paslaugos\/klientu-savitarnos-portalai\/#breadcrumb\"},\"inLanguage\":\"lt-LT\",\"potentialAction\":[{\"@type\":\"ReadAction\",\"target\":[\"https:\/\/kinfirm.com\/lt\/programavimo-paslaugos\/klientu-savitarnos-portalai\/\"]}]},{\"@type\":\"BreadcrumbList\",\"@id\":\"https:\/\/kinfirm.com\/lt\/programavimo-paslaugos\/klientu-savitarnos-portalai\/#breadcrumb\",\"itemListElement\":[{\"@type\":\"ListItem\",\"position\":1,\"name\":\"Home\",\"item\":\"https:\/\/kinfirm.com\/lt\/\"},{\"@type\":\"ListItem\",\"position\":2,\"name\":\"Programavimas\",\"item\":\"https:\/\/kinfirm.com\/lt\/programavimo-paslaugos\/\"},{\"@type\":\"ListItem\",\"position\":3,\"name\":\"Klient\u0173 savitarnos portalai\"}]},{\"@type\":\"WebSite\",\"@id\":\"https:\/\/kinfirm.com\/lt\/#website\",\"url\":\"https:\/\/kinfirm.com\/lt\/\",\"name\":\"Kinfirm\",\"description\":\"\",\"publisher\":{\"@id\":\"https:\/\/kinfirm.com\/lt\/#organization\"},\"potentialAction\":[{\"@type\":\"SearchAction\",\"target\":{\"@type\":\"EntryPoint\",\"urlTemplate\":\"https:\/\/kinfirm.com\/lt\/?s={search_term_string}\"},\"query-input\":{\"@type\":\"PropertyValueSpecification\",\"valueRequired\":true,\"valueName\":\"search_term_string\"}}],\"inLanguage\":\"lt-LT\"},{\"@type\":\"Organization\",\"@id\":\"https:\/\/kinfirm.com\/lt\/#organization\",\"name\":\"Kinfirm\",\"url\":\"https:\/\/kinfirm.com\/lt\/\",\"logo\":{\"@type\":\"ImageObject\",\"inLanguage\":\"lt-LT\",\"@id\":\"https:\/\/kinfirm.com\/lt\/#\/schema\/logo\/image\/\",\"url\":\"https:\/\/kinfirm.com\/app\/uploads\/2022\/05\/Kinfirm-logo.svg\",\"contentUrl\":\"https:\/\/kinfirm.com\/app\/uploads\/2022\/05\/Kinfirm-logo.svg\",\"width\":\"1024\",\"height\":\"1024\",\"caption\":\"Kinfirm\"},\"image\":{\"@id\":\"https:\/\/kinfirm.com\/lt\/#\/schema\/logo\/image\/\"}}]}<\/script>\n<!-- \/ Yoast SEO plugin. -->","yoast_head_json":{"title":"Klient\u0173 savitarnos portal\u0173 programavimas \/Kinfirm","description":"Kuriame unikalaus funkcionalumo klient\u0173 savitarnos portalus verslui. Patogiai administruokite u\u017esakymus ir pagerinkite klient\u0173 patirt\u012f.","robots":{"index":"index","follow":"follow","max-snippet":"max-snippet:-1","max-image-preview":"max-image-preview:large","max-video-preview":"max-video-preview:-1"},"canonical":"https:\/\/kinfirm.com\/lt\/programavimo-paslaugos\/klientu-savitarnos-portalai\/","og_locale":"lt_LT","og_type":"article","og_title":"Klient\u0173 savitarnos portal\u0173 programavimas \/Kinfirm","og_description":"Kuriame unikalaus funkcionalumo klient\u0173 savitarnos portalus verslui. Patogiai administruokite u\u017esakymus ir pagerinkite klient\u0173 patirt\u012f.","og_url":"https:\/\/kinfirm.com\/lt\/programavimo-paslaugos\/klientu-savitarnos-portalai\/","og_site_name":"Kinfirm","article_modified_time":"2024-03-26T20:56:30+00:00","og_image":[{"width":1200,"height":673,"url":"https:\/\/kinfirm.com\/app\/uploads\/2022\/05\/kinfirm_og.jpg","type":"image\/jpeg"}],"twitter_card":"summary_large_image","schema":{"@context":"https:\/\/schema.org","@graph":[{"@type":"WebPage","@id":"https:\/\/kinfirm.com\/lt\/programavimo-paslaugos\/klientu-savitarnos-portalai\/","url":"https:\/\/kinfirm.com\/lt\/programavimo-paslaugos\/klientu-savitarnos-portalai\/","name":"Klient\u0173 savitarnos portal\u0173 programavimas \/Kinfirm","isPartOf":{"@id":"https:\/\/kinfirm.com\/lt\/#website"},"datePublished":"2022-05-29T21:47:04+00:00","dateModified":"2024-03-26T20:56:30+00:00","description":"Kuriame unikalaus funkcionalumo klient\u0173 savitarnos portalus verslui. Patogiai administruokite u\u017esakymus ir pagerinkite klient\u0173 patirt\u012f.","breadcrumb":{"@id":"https:\/\/kinfirm.com\/lt\/programavimo-paslaugos\/klientu-savitarnos-portalai\/#breadcrumb"},"inLanguage":"lt-LT","potentialAction":[{"@type":"ReadAction","target":["https:\/\/kinfirm.com\/lt\/programavimo-paslaugos\/klientu-savitarnos-portalai\/"]}]},{"@type":"BreadcrumbList","@id":"https:\/\/kinfirm.com\/lt\/programavimo-paslaugos\/klientu-savitarnos-portalai\/#breadcrumb","itemListElement":[{"@type":"ListItem","position":1,"name":"Home","item":"https:\/\/kinfirm.com\/lt\/"},{"@type":"ListItem","position":2,"name":"Programavimas","item":"https:\/\/kinfirm.com\/lt\/programavimo-paslaugos\/"},{"@type":"ListItem","position":3,"name":"Klient\u0173 savitarnos portalai"}]},{"@type":"WebSite","@id":"https:\/\/kinfirm.com\/lt\/#website","url":"https:\/\/kinfirm.com\/lt\/","name":"Kinfirm","description":"","publisher":{"@id":"https:\/\/kinfirm.com\/lt\/#organization"},"potentialAction":[{"@type":"SearchAction","target":{"@type":"EntryPoint","urlTemplate":"https:\/\/kinfirm.com\/lt\/?s={search_term_string}"},"query-input":{"@type":"PropertyValueSpecification","valueRequired":true,"valueName":"search_term_string"}}],"inLanguage":"lt-LT"},{"@type":"Organization","@id":"https:\/\/kinfirm.com\/lt\/#organization","name":"Kinfirm","url":"https:\/\/kinfirm.com\/lt\/","logo":{"@type":"ImageObject","inLanguage":"lt-LT","@id":"https:\/\/kinfirm.com\/lt\/#\/schema\/logo\/image\/","url":"https:\/\/kinfirm.com\/app\/uploads\/2022\/05\/Kinfirm-logo.svg","contentUrl":"https:\/\/kinfirm.com\/app\/uploads\/2022\/05\/Kinfirm-logo.svg","width":"1024","height":"1024","caption":"Kinfirm"},"image":{"@id":"https:\/\/kinfirm.com\/lt\/#\/schema\/logo\/image\/"}}]}},"_links":{"self":[{"href":"https:\/\/kinfirm.com\/lt\/wp-json\/wp\/v2\/pages\/590","targetHints":{"allow":["GET"]}}],"collection":[{"href":"https:\/\/kinfirm.com\/lt\/wp-json\/wp\/v2\/pages"}],"about":[{"href":"https:\/\/kinfirm.com\/lt\/wp-json\/wp\/v2\/types\/page"}],"author":[{"embeddable":true,"href":"https:\/\/kinfirm.com\/lt\/wp-json\/wp\/v2\/users\/1"}],"replies":[{"embeddable":true,"href":"https:\/\/kinfirm.com\/lt\/wp-json\/wp\/v2\/comments?post=590"}],"version-history":[{"count":5,"href":"https:\/\/kinfirm.com\/lt\/wp-json\/wp\/v2\/pages\/590\/revisions"}],"predecessor-version":[{"id":3694,"href":"https:\/\/kinfirm.com\/lt\/wp-json\/wp\/v2\/pages\/590\/revisions\/3694"}],"up":[{"embeddable":true,"href":"https:\/\/kinfirm.com\/lt\/wp-json\/wp\/v2\/pages\/25"}],"wp:attachment":[{"href":"https:\/\/kinfirm.com\/lt\/wp-json\/wp\/v2\/media?parent=590"}],"curies":[{"name":"wp","href":"https:\/\/api.w.org\/{rel}","templated":true}]}}