{"id":443,"date":"2022-05-26T19:25:44","date_gmt":"2022-05-26T19:25:44","guid":{"rendered":"https:\/\/kinfirm.com\/?page_id=443"},"modified":"2024-03-11T23:02:56","modified_gmt":"2024-03-11T21:02:56","slug":"laravel","status":"publish","type":"page","link":"https:\/\/kinfirm.com\/lt\/programavimo-paslaugos\/laravel\/","title":{"rendered":"Laravel"},"content":{"rendered":"<div class=\"section-wrapper \">\n    <section class=\" sm:pt-[190px] pt-[120px] flex flex-col justify-center\">\n    <div class=\"container\">\n      <div class=\"border-b border-solid border-gray-40 sm:pb-[120px] pb-[50px]\">\n                  <h1 class=\"tracking-small lg:text-96px md:text-64px text-40px text-white\"><span class=\"slash\">\/<\/span>Laravel<br \/>\r\nprogramavimas\n          <\/h1>\n                          <div class=\"prose tracking-small text-white md:text-32px sm:text-24px md:mt-8 mt-6\">\n            <p>Laravel yra populiariausias pasaulyje PHP atviro kodo karkasas (angl. framework), skirtas unikalaus funkcionalumo interneto svetaini\u0173 bei web aplikacij\u0173 k\u016brimui.<\/p>\n\n          <\/div>\n                              <\/div>\n    <\/div>\n  <\/section>\n  <\/div>\n\n\n<div class=\"section-wrapper sm:mt-14 mt-5 \">\n      <section class=\"py-0 pb-10 px-4\" data-scroll-section>\n\n      <div class=\"relative overflow-hidden\">\n        <div class=\"container-large bg-gray-100 md:pr-4 pr-0 pl-0\">\n          <div class=\"grid lg:grid-cols-12 md:grid-cols-2 grid-cols-1 xl:gap-x-28 lg:gap-x-20 gap-x-10 items-center\">\n\n            <div class=\"order-none md:order-1 reverse__img h-full lg:col-span-5\">\n              <img loading=\"lazy\" decoding=\"async\" width=\"1306\" height=\"1280\" src=\"https:\/\/kinfirm.com\/app\/uploads\/2022\/05\/laravel-standarts.png\" class=\"control__cnv h-full w-full object-cover rounded-[20px] object-right-center\" alt=\"\" srcset=\"https:\/\/kinfirm.com\/app\/uploads\/2022\/05\/laravel-standarts.png 1306w, https:\/\/kinfirm.com\/app\/uploads\/2022\/05\/laravel-standarts-300x294.png 300w, https:\/\/kinfirm.com\/app\/uploads\/2022\/05\/laravel-standarts-1024x1004.png 1024w, https:\/\/kinfirm.com\/app\/uploads\/2022\/05\/laravel-standarts-300x294@2x.png 600w\" sizes=\"auto, (max-width: 1306px) 100vw, 1306px\" \/>\n            <\/div>\n\n            <div class=\"md:order-2 order-1 reverse__text lg:col-span-7 p-6 py-10\">\n              <div class=\"lg:max-w-[480px] \">\n                <h2 class=\"h text-gray-100 tracking-small lg:text-64px md:text-48px sm:text-32px text-24px sm:mb-8 mb-4\">\n                  <span class=\"slash\">\/<\/span>Laravel standartai\n                <\/h2>\n                                  <div class=\"c prose md:prose-md tracking-small\">\n                    <p>Vienas i\u0161 svarbiausi\u0173 tvarios sistemos pagrind\u0173 &#8211; standart\u0173 laikymasis. Programuodami su Laravel laikom\u0117s oficiali\u0173 Laravel standart\u0173.<\/p>\n\n                  <\/div>\n                              <\/div>\n            <\/div>\n\n          <\/div>\n\n        <\/div>\n\n      <\/div>\n\n    <\/section>\n    <\/div>\n  \n\n\n<div class=\"section-wrapper sm:mt-14 mt-5 \">\n      <section class=\"py-0 pb-10 px-4\" data-scroll-section>\n\n      <div class=\"relative overflow-hidden\">\n        <div class=\"container-large bg-gray-100 md:pl-4 pr-0 pl-0\">\n          <div class=\"grid lg:grid-cols-12 md:grid-cols-2 grid-cols-1 xl:gap-x-28 lg:gap-x-20 gap-x-10 items-center\">\n\n            <div class=\"order-none md:order-1 reverse__img h-full lg:col-span-5\">\n              <img loading=\"lazy\" decoding=\"async\" width=\"3008\" height=\"2014\" src=\"https:\/\/kinfirm.com\/app\/uploads\/2022\/05\/laravel-nova.png\" class=\"control__cnv h-full w-full object-cover rounded-[20px] object-right-center\" alt=\"\" srcset=\"https:\/\/kinfirm.com\/app\/uploads\/2022\/05\/laravel-nova.png 3008w, https:\/\/kinfirm.com\/app\/uploads\/2022\/05\/laravel-nova-300x201.png 300w, https:\/\/kinfirm.com\/app\/uploads\/2022\/05\/laravel-nova-1024x686.png 1024w, https:\/\/kinfirm.com\/app\/uploads\/2022\/05\/laravel-nova-1536x1028.png 1536w, https:\/\/kinfirm.com\/app\/uploads\/2022\/05\/laravel-nova-2048x1371.png 2048w, https:\/\/kinfirm.com\/app\/uploads\/2022\/05\/laravel-nova-300x201@2x.png 600w\" sizes=\"auto, (max-width: 3008px) 100vw, 3008px\" \/>\n            <\/div>\n\n            <div class=\"md:order-none order-1 reverse__text lg:col-span-7 p-6 py-10\">\n              <div class=\"lg:max-w-[480px] mx-auto\">\n                <h2 class=\"h text-gray-100 tracking-small lg:text-64px md:text-48px sm:text-32px text-24px sm:mb-8 mb-4\">\n                  <span class=\"slash\">\/<\/span>Laravel Nova\n                <\/h2>\n                                  <div class=\"c prose md:prose-md tracking-small\">\n                    <p>Administravimo aplinkai naudojame oficiali\u0105 panel\u0119 Laravel Nova.<\/p>\n\n                  <\/div>\n                              <\/div>\n            <\/div>\n\n          <\/div>\n\n        <\/div>\n\n      <\/div>\n\n    <\/section>\n    <\/div>\n  \n\n\n<div class=\"section-wrapper sm:mt-14 mt-5 \">\n      <section class=\"py-0 pb-10 px-4\" data-scroll-section>\n\n      <div class=\"relative overflow-hidden\">\n        <div class=\"container-large bg-gray-100 md:pr-4 pr-0 pl-0\">\n          <div class=\"grid lg:grid-cols-12 md:grid-cols-2 grid-cols-1 xl:gap-x-28 lg:gap-x-20 gap-x-10 items-center\">\n\n            <div class=\"order-none md:order-1 reverse__img h-full lg:col-span-5\">\n              <img loading=\"lazy\" decoding=\"async\" width=\"866\" height=\"650\" src=\"https:\/\/kinfirm.com\/app\/uploads\/2024\/03\/laravel.jpg\" class=\"control__cnv h-full w-full object-cover rounded-[20px] object-right-center\" alt=\"Laravel\" srcset=\"https:\/\/kinfirm.com\/app\/uploads\/2024\/03\/laravel.jpg 866w, https:\/\/kinfirm.com\/app\/uploads\/2024\/03\/laravel-300x225.jpg 300w, https:\/\/kinfirm.com\/app\/uploads\/2024\/03\/laravel-300x225@2x.jpg 600w\" sizes=\"auto, (max-width: 866px) 100vw, 866px\" \/>\n            <\/div>\n\n            <div class=\"md:order-2 order-1 reverse__text lg:col-span-7 p-6 py-10\">\n              <div class=\"lg:max-w-[480px] \">\n                <h2 class=\"h text-gray-100 tracking-small lg:text-64px md:text-48px sm:text-32px text-24px sm:mb-8 mb-4\">\n                  <span class=\"slash\">\/<\/span>Kod\u0117l Laravel?\n                <\/h2>\n                                  <div class=\"c prose md:prose-md tracking-small\">\n                    <ul>\n<li>Populiariausias PHP programavimo kalbos karkasas pasaulyje<\/li>\n<li>Itin didel\u0117 programuotoj\u0173 bendruomen\u0117<\/li>\n<li>Nuolatos tobulinama ir ple\u010diama ekosistema<\/li>\n<li>Auk\u0161\u010diausi saugumo standartai<\/li>\n<li>Neribotos pl\u0117tros galimyb\u0117s<\/li>\n<\/ul>\n\n                  <\/div>\n                              <\/div>\n            <\/div>\n\n          <\/div>\n\n        <\/div>\n\n      <\/div>\n\n    <\/section>\n    <\/div>\n  \n\n\n<div class=\"section-wrapper \">\n    <section class=\"lg:py-24 md:py-12 py-6\" data-scroll-section>\n    <div class=\"container\">\n      <h2 class=\"lg:pb-16 md:pb-10 pb-6 text-white tracking-small lg:text-64px md:text-48px sm:text-32px text-24px\">\n        <span class=\"slash\">\/<\/span>Pasikalb\u0117kime apie<br \/>\r\nJ\u016bs\u0173 projekt\u0105\n      <\/h2>\n\n      <div class=\"btn-gray__group\">\n\n                          <a href=\"https:\/\/kinfirm.com\/lt\/programavimo-paslaugu-uzklausa\/\" class=\"btn-gray__link\">\n                    <div class=\"btn-gray__title\">\n              Pateikite u\u017eklaus\u0105\n            <\/div>\n                  <\/a>\n                \n      <\/div>\n\n    <\/div>\n  <\/section>\n  <\/div>\n\n\n<div class=\"section-wrapper \">\n    <section class=\"lg:py-24 md:py-12 py-6\" data-scroll-section>\n    <div class=\"container\">\n      <h2 class=\"lg:pb-16 md:pb-10 pb-6 text-white tracking-small lg:text-64px md:text-48px sm:text-32px text-24px\">\n        <span class=\"flex\">\n        <span class=\"slash\">\/<\/span> <span class=\"content\"><p>Programavimo paslaugos<\/p>\n<\/span>\n        <\/span>\n      <\/h2>\n\n      <div class=\"btn-gray__group\">\n\n                          <a href=\"https:\/\/kinfirm.com\/lt\/programavimo-paslaugos\/klientu-savitarnos-portalai\/\" class=\"btn-gray__link\">\n                    <div class=\"btn-gray__title\">\n              Klient\u0173 savitarnos portalai\n            <\/div>\n                  <\/a>\n                                  <a href=\"https:\/\/kinfirm.com\/lt\/programavimo-paslaugos\/uzsakymu-valdymo-sistemos\/\" class=\"btn-gray__link\">\n                    <div class=\"btn-gray__title\">\n              U\u017esakym\u0173 valdymo sistemos\n            <\/div>\n                  <\/a>\n                                  <a href=\"https:\/\/kinfirm.com\/lt\/programavimo-paslaugos\/klientu-valdymo-sistemos\/\" class=\"btn-gray__link\">\n                    <div class=\"btn-gray__title\">\n              Klient\u0173 valdymo sistemos\n            <\/div>\n                  <\/a>\n                                  <a href=\"https:\/\/kinfirm.com\/lt\/programavimo-paslaugos\/verslo-valdymo-sistemos\/\" class=\"btn-gray__link\">\n                    <div class=\"btn-gray__title\">\n              Verslo valdymo sistemos\n            <\/div>\n                  <\/a>\n                                  <a href=\"https:\/\/kinfirm.com\/lt\/programavimo-paslaugos\/internetiniu-portalu-kurimas\/\" class=\"btn-gray__link\">\n                    <div class=\"btn-gray__title\">\n              Internetini\u0173 portal\u0173 k\u016brimas\n            <\/div>\n                  <\/a>\n                                  <a href=\"https:\/\/kinfirm.com\/lt\/programavimo-paslaugos\/elektroniniu-parduotuviu-kurimas\/\" class=\"btn-gray__link\">\n                    <div class=\"btn-gray__title\">\n              Elektronini\u0173 parduotuvi\u0173 k\u016brimas\n            <\/div>\n                  <\/a>\n                                  <a href=\"https:\/\/kinfirm.com\/lt\/programavimo-paslaugos\/interneto-svetainiu-kurimas\/\" class=\"btn-gray__link\">\n                    <div class=\"btn-gray__title\">\n              Interneto svetaini\u0173 k\u016brimas\n            <\/div>\n                  <\/a>\n                                  <a href=\"https:\/\/kinfirm.com\/lt\/api-integracijos\/\" class=\"btn-gray__link\">\n                    <div class=\"btn-gray__title\">\n              API integracijos\n            <\/div>\n                  <\/a>\n                                  <a href=\"https:\/\/kinfirm.com\/lt\/programavimo-paslaugos\/dirbtinio-intelekto-sprendimai\/\" class=\"btn-gray__link\">\n                    <div class=\"btn-gray__title\">\n              Dirbtinio intelekto sprendimai\n            <\/div>\n                  <\/a>\n                                  <a href=\"https:\/\/kinfirm.com\/lt\/konsultacijos-programavimo-klausimais\/\" class=\"btn-gray__link\">\n                    <div class=\"btn-gray__title\">\n              Konsultacijos\n            <\/div>\n                  <\/a>\n                \n      <\/div>\n\n    <\/div>\n  <\/section>\n  <\/div>\n","protected":false},"excerpt":{"rendered":"","protected":false},"author":1,"featured_media":0,"parent":25,"menu_order":0,"comment_status":"closed","ping_status":"closed","template":"page-blocks.blade.php","meta":{"_acf_changed":false,"inline_featured_image":false,"footnotes":""},"class_list":["post-443","page","type-page","status-publish","hentry"],"acf":[],"yoast_head":"<!-- This site is optimized with the Yoast SEO plugin v26.9 - https:\/\/yoast.com\/product\/yoast-seo-wordpress\/ -->\n<title>LARAVEL programavimo paslaugos \/ Kinfirm<\/title>\n<meta name=\"description\" content=\"Jau 10m. teikiame Laravel programavimo paslaugas savo klientams, kuriems kuriame savitarnos portalus, el. parduotuves ar \u012fvaizdines svetaines\" \/>\n<meta name=\"robots\" content=\"index, follow, max-snippet:-1, max-image-preview:large, max-video-preview:-1\" \/>\n<link rel=\"canonical\" href=\"https:\/\/kinfirm.com\/lt\/programavimo-paslaugos\/laravel\/\" \/>\n<meta property=\"og:locale\" content=\"lt_LT\" \/>\n<meta property=\"og:type\" content=\"article\" \/>\n<meta property=\"og:title\" content=\"LARAVEL programavimo paslaugos \/ Kinfirm\" \/>\n<meta property=\"og:description\" content=\"Jau 10m. teikiame Laravel programavimo paslaugas savo klientams, kuriems kuriame savitarnos portalus, el. parduotuves ar \u012fvaizdines svetaines\" \/>\n<meta property=\"og:url\" content=\"https:\/\/kinfirm.com\/lt\/programavimo-paslaugos\/laravel\/\" \/>\n<meta property=\"og:site_name\" content=\"Kinfirm\" \/>\n<meta property=\"article:modified_time\" content=\"2024-03-11T21:02:56+00:00\" \/>\n<meta property=\"og:image\" content=\"https:\/\/kinfirm.com\/app\/uploads\/2022\/05\/kinfirm_og.jpg\" \/>\n\t<meta property=\"og:image:width\" content=\"1200\" \/>\n\t<meta property=\"og:image:height\" content=\"673\" \/>\n\t<meta property=\"og:image:type\" content=\"image\/jpeg\" \/>\n<meta name=\"twitter:card\" content=\"summary_large_image\" \/>\n<script type=\"application\/ld+json\" class=\"yoast-schema-graph\">{\"@context\":\"https:\/\/schema.org\",\"@graph\":[{\"@type\":\"WebPage\",\"@id\":\"https:\/\/kinfirm.com\/lt\/programavimo-paslaugos\/laravel\/\",\"url\":\"https:\/\/kinfirm.com\/lt\/programavimo-paslaugos\/laravel\/\",\"name\":\"LARAVEL programavimo paslaugos \/ Kinfirm\",\"isPartOf\":{\"@id\":\"https:\/\/kinfirm.com\/lt\/#website\"},\"datePublished\":\"2022-05-26T19:25:44+00:00\",\"dateModified\":\"2024-03-11T21:02:56+00:00\",\"description\":\"Jau 10m. teikiame Laravel programavimo paslaugas savo klientams, kuriems kuriame savitarnos portalus, el. parduotuves ar \u012fvaizdines svetaines\",\"breadcrumb\":{\"@id\":\"https:\/\/kinfirm.com\/lt\/programavimo-paslaugos\/laravel\/#breadcrumb\"},\"inLanguage\":\"lt-LT\",\"potentialAction\":[{\"@type\":\"ReadAction\",\"target\":[\"https:\/\/kinfirm.com\/lt\/programavimo-paslaugos\/laravel\/\"]}]},{\"@type\":\"BreadcrumbList\",\"@id\":\"https:\/\/kinfirm.com\/lt\/programavimo-paslaugos\/laravel\/#breadcrumb\",\"itemListElement\":[{\"@type\":\"ListItem\",\"position\":1,\"name\":\"Home\",\"item\":\"https:\/\/kinfirm.com\/lt\/\"},{\"@type\":\"ListItem\",\"position\":2,\"name\":\"Programavimas\",\"item\":\"https:\/\/kinfirm.com\/lt\/programavimo-paslaugos\/\"},{\"@type\":\"ListItem\",\"position\":3,\"name\":\"Laravel\"}]},{\"@type\":\"WebSite\",\"@id\":\"https:\/\/kinfirm.com\/lt\/#website\",\"url\":\"https:\/\/kinfirm.com\/lt\/\",\"name\":\"Kinfirm\",\"description\":\"\",\"publisher\":{\"@id\":\"https:\/\/kinfirm.com\/lt\/#organization\"},\"potentialAction\":[{\"@type\":\"SearchAction\",\"target\":{\"@type\":\"EntryPoint\",\"urlTemplate\":\"https:\/\/kinfirm.com\/lt\/?s={search_term_string}\"},\"query-input\":{\"@type\":\"PropertyValueSpecification\",\"valueRequired\":true,\"valueName\":\"search_term_string\"}}],\"inLanguage\":\"lt-LT\"},{\"@type\":\"Organization\",\"@id\":\"https:\/\/kinfirm.com\/lt\/#organization\",\"name\":\"Kinfirm\",\"url\":\"https:\/\/kinfirm.com\/lt\/\",\"logo\":{\"@type\":\"ImageObject\",\"inLanguage\":\"lt-LT\",\"@id\":\"https:\/\/kinfirm.com\/lt\/#\/schema\/logo\/image\/\",\"url\":\"https:\/\/kinfirm.com\/app\/uploads\/2022\/05\/Kinfirm-logo.svg\",\"contentUrl\":\"https:\/\/kinfirm.com\/app\/uploads\/2022\/05\/Kinfirm-logo.svg\",\"width\":\"1024\",\"height\":\"1024\",\"caption\":\"Kinfirm\"},\"image\":{\"@id\":\"https:\/\/kinfirm.com\/lt\/#\/schema\/logo\/image\/\"}}]}<\/script>\n<!-- \/ Yoast SEO plugin. -->","yoast_head_json":{"title":"LARAVEL programavimo paslaugos \/ Kinfirm","description":"Jau 10m. teikiame Laravel programavimo paslaugas savo klientams, kuriems kuriame savitarnos portalus, el. parduotuves ar \u012fvaizdines svetaines","robots":{"index":"index","follow":"follow","max-snippet":"max-snippet:-1","max-image-preview":"max-image-preview:large","max-video-preview":"max-video-preview:-1"},"canonical":"https:\/\/kinfirm.com\/lt\/programavimo-paslaugos\/laravel\/","og_locale":"lt_LT","og_type":"article","og_title":"LARAVEL programavimo paslaugos \/ Kinfirm","og_description":"Jau 10m. teikiame Laravel programavimo paslaugas savo klientams, kuriems kuriame savitarnos portalus, el. parduotuves ar \u012fvaizdines svetaines","og_url":"https:\/\/kinfirm.com\/lt\/programavimo-paslaugos\/laravel\/","og_site_name":"Kinfirm","article_modified_time":"2024-03-11T21:02:56+00:00","og_image":[{"width":1200,"height":673,"url":"https:\/\/kinfirm.com\/app\/uploads\/2022\/05\/kinfirm_og.jpg","type":"image\/jpeg"}],"twitter_card":"summary_large_image","schema":{"@context":"https:\/\/schema.org","@graph":[{"@type":"WebPage","@id":"https:\/\/kinfirm.com\/lt\/programavimo-paslaugos\/laravel\/","url":"https:\/\/kinfirm.com\/lt\/programavimo-paslaugos\/laravel\/","name":"LARAVEL programavimo paslaugos \/ Kinfirm","isPartOf":{"@id":"https:\/\/kinfirm.com\/lt\/#website"},"datePublished":"2022-05-26T19:25:44+00:00","dateModified":"2024-03-11T21:02:56+00:00","description":"Jau 10m. teikiame Laravel programavimo paslaugas savo klientams, kuriems kuriame savitarnos portalus, el. parduotuves ar \u012fvaizdines svetaines","breadcrumb":{"@id":"https:\/\/kinfirm.com\/lt\/programavimo-paslaugos\/laravel\/#breadcrumb"},"inLanguage":"lt-LT","potentialAction":[{"@type":"ReadAction","target":["https:\/\/kinfirm.com\/lt\/programavimo-paslaugos\/laravel\/"]}]},{"@type":"BreadcrumbList","@id":"https:\/\/kinfirm.com\/lt\/programavimo-paslaugos\/laravel\/#breadcrumb","itemListElement":[{"@type":"ListItem","position":1,"name":"Home","item":"https:\/\/kinfirm.com\/lt\/"},{"@type":"ListItem","position":2,"name":"Programavimas","item":"https:\/\/kinfirm.com\/lt\/programavimo-paslaugos\/"},{"@type":"ListItem","position":3,"name":"Laravel"}]},{"@type":"WebSite","@id":"https:\/\/kinfirm.com\/lt\/#website","url":"https:\/\/kinfirm.com\/lt\/","name":"Kinfirm","description":"","publisher":{"@id":"https:\/\/kinfirm.com\/lt\/#organization"},"potentialAction":[{"@type":"SearchAction","target":{"@type":"EntryPoint","urlTemplate":"https:\/\/kinfirm.com\/lt\/?s={search_term_string}"},"query-input":{"@type":"PropertyValueSpecification","valueRequired":true,"valueName":"search_term_string"}}],"inLanguage":"lt-LT"},{"@type":"Organization","@id":"https:\/\/kinfirm.com\/lt\/#organization","name":"Kinfirm","url":"https:\/\/kinfirm.com\/lt\/","logo":{"@type":"ImageObject","inLanguage":"lt-LT","@id":"https:\/\/kinfirm.com\/lt\/#\/schema\/logo\/image\/","url":"https:\/\/kinfirm.com\/app\/uploads\/2022\/05\/Kinfirm-logo.svg","contentUrl":"https:\/\/kinfirm.com\/app\/uploads\/2022\/05\/Kinfirm-logo.svg","width":"1024","height":"1024","caption":"Kinfirm"},"image":{"@id":"https:\/\/kinfirm.com\/lt\/#\/schema\/logo\/image\/"}}]}},"_links":{"self":[{"href":"https:\/\/kinfirm.com\/lt\/wp-json\/wp\/v2\/pages\/443","targetHints":{"allow":["GET"]}}],"collection":[{"href":"https:\/\/kinfirm.com\/lt\/wp-json\/wp\/v2\/pages"}],"about":[{"href":"https:\/\/kinfirm.com\/lt\/wp-json\/wp\/v2\/types\/page"}],"author":[{"embeddable":true,"href":"https:\/\/kinfirm.com\/lt\/wp-json\/wp\/v2\/users\/1"}],"replies":[{"embeddable":true,"href":"https:\/\/kinfirm.com\/lt\/wp-json\/wp\/v2\/comments?post=443"}],"version-history":[{"count":5,"href":"https:\/\/kinfirm.com\/lt\/wp-json\/wp\/v2\/pages\/443\/revisions"}],"predecessor-version":[{"id":3279,"href":"https:\/\/kinfirm.com\/lt\/wp-json\/wp\/v2\/pages\/443\/revisions\/3279"}],"up":[{"embeddable":true,"href":"https:\/\/kinfirm.com\/lt\/wp-json\/wp\/v2\/pages\/25"}],"wp:attachment":[{"href":"https:\/\/kinfirm.com\/lt\/wp-json\/wp\/v2\/media?parent=443"}],"curies":[{"name":"wp","href":"https:\/\/api.w.org\/{rel}","templated":true}]}}