{"id":3701,"date":"2024-03-26T23:21:55","date_gmt":"2024-03-26T21:21:55","guid":{"rendered":"https:\/\/kinfirm.com\/?page_id=3701"},"modified":"2024-04-10T00:56:10","modified_gmt":"2024-04-09T21:56:10","slug":"interneto-svetaines-kaina","status":"publish","type":"page","link":"https:\/\/kinfirm.com\/lt\/interneto-svetaines-kaina\/","title":{"rendered":"Interneto svetain\u0117s kaina"},"content":{"rendered":"<div class=\"section-wrapper \">\n    <section class=\" sm:pt-[190px] pt-[120px] flex flex-col justify-center\">\n    <div class=\"container\">\n      <div class=\"border-b border-solid border-gray-40 sm:pb-[120px] pb-[50px]\">\n                  <h1 class=\"tracking-small lg:text-96px md:text-64px text-40px text-white\"><span class=\"slash\">\/<\/span>Interneto svetaini\u0173, tinklapi\u0173 k\u016brimo kainos\n          <\/h1>\n                          <div class=\"prose tracking-small text-white md:text-32px sm:text-24px md:mt-8 mt-6\">\n            <p>Interneto svetain\u0117s k\u016brimo kaina labiausiai priklauso nuo dizaino sud\u0117tingumo, apimties bei funkcionalumo kiekio.<\/p>\n\n          <\/div>\n                              <\/div>\n    <\/div>\n  <\/section>\n  <\/div>\n\n\n<div class=\"section-wrapper pb-20\">\n    <section class=\"py-0\">\n\n    <div class=\"container-large bg-gray-80 md:pr-4 pr-0 pl-0 rounded-[20px]\">\n\n      <div class=\"grid lg:grid-cols-12 md:grid-cols-2 grid-cols-1 xl:gap-x-28 lg:gap-x-20 gap-x-10 items-center\">\n        <div class=\"lg:col-span-7 md:pb-20 md:pt-24 p-6 py-10 order-1\">\n          <div class=\"lg:max-w-[600px] mx-auto js-tabs\" x-data=\"{ tab: '1' }\">\n            <h2 class=\"h text-white tracking-small lg:text-64px md:text-48px sm:text-32px text-24px md:mb-8 mb-6\">\n              \n            <\/h2>\n\n                          <div class=\"c prose tracking-small xs:text-20px text-white\">\n                <p>Pateikiame preliminarias internetini\u0173 svetaini\u0173 k\u016brimo kainas.<\/p>\n\n              <\/div>\n                                                        <div class=\"btn__group\">\n                                                                   <button type=\"button\" class=\"btn__link\" :class=\"{'active' : tab == 1, '': !(tab)}\" x-on:click.prevent=\"tab = !tab\" x-on:click=\"tab = 1\">Paprasta<\/button>\n                                                                                         <button type=\"button\" class=\"btn__link\" :class=\"{'active' : tab == 2, '': !(tab)}\" x-on:click.prevent=\"tab = !tab\" x-on:click=\"tab = 2\">Vidutin\u0117<\/button>\n                                                                                         <button type=\"button\" class=\"btn__link\" :class=\"{'active' : tab == 3, '': !(tab)}\" x-on:click.prevent=\"tab = !tab\" x-on:click=\"tab = 3\">Didel\u0117<\/button>\n                                                          <\/div>\n                          \n                                           <div class=\"tab-content\" :class=\"{'active' : tab == 1, '': !(tab)}\">\n\n                                      <div class=\"prose md:prose-md tracking-small text-white\">\n                      <p>Unikalaus dizaino, nesud\u0117tinga reprezentacin\u0117 svetain\u0117.<\/p>\n\n                    <\/div>\n                  \n                                      <ul class=\"check-list\">\n                                                                         <li class=\"check-list__item checked\">unikalus dizainas<\/li>\n                                                                                                 <li class=\"check-list__item checked\">5-10 informacini\u0173 puslapi\u0173<\/li>\n                                                                                                 <li class=\"check-list__item checked\">kontakt\u0173 formos<\/li>\n                                                                                                 <li class=\"check-list__item checked\">patogus turinio valdymas<\/li>\n                                                                  <\/ul>\n                  \n                  <div class=\"type-A__calc mt-8\">\n                    \n                                          <div>\n                        <h5 class=\"text-white text-20px tracking-small\">guide price<\/h5>\n                        <div class=\"text-green-80 md:text-40px text-24px tracking-small mt-2\">\n                                                      $8000-$10000\n                                                  <\/div>\n                      <\/div>\n                    \n                                          <div>\n                        <h5 class=\"text-white text-20px tracking-small\">average duration<\/h5>\n                        <div class=\"text-green-80 md:text-40px text-24px tracking-small mt-2\">2-3 m\u0117n.<\/div>\n                      <\/div>\n                    \n                  <\/div>\n                <\/div>\n                                <div class=\"tab-content\" :class=\"{'active' : tab == 2, '': !(tab)}\">\n\n                                      <div class=\"prose md:prose-md tracking-small text-white\">\n                      <p>Unikalaus dizaino, didesn\u0117s turinio apimties interneto svetain\u0117.<\/p>\n\n                    <\/div>\n                  \n                                      <ul class=\"check-list\">\n                                                                         <li class=\"check-list__item checked\">unikalus dizainas<\/li>\n                                                                                                 <li class=\"check-list__item checked\">10-20 puslapi\u0173<\/li>\n                                                                                                 <li class=\"check-list__item checked\">kontakt\u0173 formos<\/li>\n                                                                                                 <li class=\"check-list__item checked\">patogus turinio valdymas<\/li>\n                                                                                                 <li class=\"check-list__item checked\">nesud\u0117tingos API integracijos<\/li>\n                                                                  <\/ul>\n                  \n                  <div class=\"type-A__calc mt-8\">\n                    \n                                          <div>\n                        <h5 class=\"text-white text-20px tracking-small\">guide price<\/h5>\n                        <div class=\"text-green-80 md:text-40px text-24px tracking-small mt-2\">\n                                                      $10000-$18000\n                                                  <\/div>\n                      <\/div>\n                    \n                                          <div>\n                        <h5 class=\"text-white text-20px tracking-small\">average duration<\/h5>\n                        <div class=\"text-green-80 md:text-40px text-24px tracking-small mt-2\">2-4 m\u0117n.<\/div>\n                      <\/div>\n                    \n                  <\/div>\n                <\/div>\n                                <div class=\"tab-content\" :class=\"{'active' : tab == 3, '': !(tab)}\">\n\n                                      <div class=\"prose md:prose-md tracking-small text-white\">\n                      <p>Unikalaus dizaino, didel\u0117s apimties bei daug skirting\u0173 blok\u0173 ir moduli\u0173 turinti interneto svetain\u0117.<\/p>\n\n                    <\/div>\n                  \n                                      <ul class=\"check-list\">\n                                                                         <li class=\"check-list__item checked\">unikalus dizainas<\/li>\n                                                                                                 <li class=\"check-list__item checked\">&gt; 30 puslapi\u0173<\/li>\n                                                                                                 <li class=\"check-list__item checked\">&gt; 20 skirting\u0173 dizaino blok\u0173<\/li>\n                                                                                                 <li class=\"check-list__item checked\">API integracijos<\/li>\n                                                                                                 <li class=\"check-list__item checked\">didelis funkcionalumo kiekis<\/li>\n                                                                  <\/ul>\n                  \n                  <div class=\"type-A__calc mt-8\">\n                    \n                                          <div>\n                        <h5 class=\"text-white text-20px tracking-small\">guide price<\/h5>\n                        <div class=\"text-green-80 md:text-40px text-24px tracking-small mt-2\">\n                                                      nuo $18000\n                                                  <\/div>\n                      <\/div>\n                    \n                                          <div>\n                        <h5 class=\"text-white text-20px tracking-small\">average duration<\/h5>\n                        <div class=\"text-green-80 md:text-40px text-24px tracking-small mt-2\">4-6 m\u0117n.<\/div>\n                      <\/div>\n                    \n                  <\/div>\n                <\/div>\n                                     <\/div>\n        <\/div>\n\n        <div class=\"lg:col-span-5 h-full md:order-none\">\n          <img loading=\"lazy\" decoding=\"async\" width=\"960\" height=\"1200\" src=\"https:\/\/kinfirm.com\/app\/uploads\/2022\/05\/pic_05@2x.jpg\" class=\"md:h-full w-full object-cover rounded-[20px] object-right-center h-[400px]\" alt=\"\" srcset=\"https:\/\/kinfirm.com\/app\/uploads\/2022\/05\/pic_05@2x.jpg 960w, https:\/\/kinfirm.com\/app\/uploads\/2022\/05\/pic_05@2x-240x300.jpg 240w, https:\/\/kinfirm.com\/app\/uploads\/2022\/05\/pic_05@2x-819x1024.jpg 819w, https:\/\/kinfirm.com\/app\/uploads\/2022\/05\/pic_05@2x-240x300@2x.jpg 480w\" sizes=\"auto, (max-width: 960px) 100vw, 960px\" \/>\n        <\/div>\n      <\/div>\n    <\/div>\n  <\/section>\n  <\/div>\n","protected":false},"excerpt":{"rendered":"","protected":false},"author":1,"featured_media":0,"parent":0,"menu_order":0,"comment_status":"closed","ping_status":"closed","template":"page-blocks.blade.php","meta":{"_acf_changed":false,"inline_featured_image":false,"footnotes":""},"class_list":["post-3701","page","type-page","status-publish","hentry"],"acf":[],"yoast_head":"<!-- This site is optimized with the Yoast SEO plugin v26.9 - https:\/\/yoast.com\/product\/yoast-seo-wordpress\/ -->\n<title>Interneto svetaini\u0173, tinklapi\u0173 k\u016brimo kainos \/Kinfirm<\/title>\n<meta name=\"description\" content=\"Interneto svetaini\u0173, tinklapi\u0173, puslapi\u0173 programavimas su WordPress ir Laravel. Kuriame unikalaus dizaino interneto svetaines.\" \/>\n<meta name=\"robots\" content=\"index, follow, max-snippet:-1, max-image-preview:large, max-video-preview:-1\" \/>\n<link rel=\"canonical\" href=\"https:\/\/kinfirm.com\/lt\/interneto-svetaines-kaina\/\" \/>\n<meta property=\"og:locale\" content=\"lt_LT\" \/>\n<meta property=\"og:type\" content=\"article\" \/>\n<meta property=\"og:title\" content=\"Interneto svetaini\u0173, tinklapi\u0173 k\u016brimo kainos \/Kinfirm\" \/>\n<meta property=\"og:description\" content=\"Interneto svetaini\u0173, tinklapi\u0173, puslapi\u0173 programavimas su WordPress ir Laravel. Kuriame unikalaus dizaino interneto svetaines.\" \/>\n<meta property=\"og:url\" content=\"https:\/\/kinfirm.com\/lt\/interneto-svetaines-kaina\/\" \/>\n<meta property=\"og:site_name\" content=\"Kinfirm\" \/>\n<meta property=\"article:modified_time\" content=\"2024-04-09T21:56:10+00:00\" \/>\n<meta property=\"og:image\" content=\"https:\/\/kinfirm.com\/app\/uploads\/2022\/05\/kinfirm_og.jpg\" \/>\n\t<meta property=\"og:image:width\" content=\"1200\" \/>\n\t<meta property=\"og:image:height\" content=\"673\" \/>\n\t<meta property=\"og:image:type\" content=\"image\/jpeg\" \/>\n<meta name=\"twitter:card\" content=\"summary_large_image\" \/>\n<script type=\"application\/ld+json\" class=\"yoast-schema-graph\">{\"@context\":\"https:\/\/schema.org\",\"@graph\":[{\"@type\":\"WebPage\",\"@id\":\"https:\/\/kinfirm.com\/lt\/interneto-svetaines-kaina\/\",\"url\":\"https:\/\/kinfirm.com\/lt\/interneto-svetaines-kaina\/\",\"name\":\"Interneto svetaini\u0173, tinklapi\u0173 k\u016brimo kainos \/Kinfirm\",\"isPartOf\":{\"@id\":\"https:\/\/kinfirm.com\/lt\/#website\"},\"datePublished\":\"2024-03-26T21:21:55+00:00\",\"dateModified\":\"2024-04-09T21:56:10+00:00\",\"description\":\"Interneto svetaini\u0173, tinklapi\u0173, puslapi\u0173 programavimas su WordPress ir Laravel. Kuriame unikalaus dizaino interneto svetaines.\",\"breadcrumb\":{\"@id\":\"https:\/\/kinfirm.com\/lt\/interneto-svetaines-kaina\/#breadcrumb\"},\"inLanguage\":\"lt-LT\",\"potentialAction\":[{\"@type\":\"ReadAction\",\"target\":[\"https:\/\/kinfirm.com\/lt\/interneto-svetaines-kaina\/\"]}]},{\"@type\":\"BreadcrumbList\",\"@id\":\"https:\/\/kinfirm.com\/lt\/interneto-svetaines-kaina\/#breadcrumb\",\"itemListElement\":[{\"@type\":\"ListItem\",\"position\":1,\"name\":\"Home\",\"item\":\"https:\/\/kinfirm.com\/lt\/\"},{\"@type\":\"ListItem\",\"position\":2,\"name\":\"Interneto svetain\u0117s kaina\"}]},{\"@type\":\"WebSite\",\"@id\":\"https:\/\/kinfirm.com\/lt\/#website\",\"url\":\"https:\/\/kinfirm.com\/lt\/\",\"name\":\"Kinfirm\",\"description\":\"\",\"publisher\":{\"@id\":\"https:\/\/kinfirm.com\/lt\/#organization\"},\"potentialAction\":[{\"@type\":\"SearchAction\",\"target\":{\"@type\":\"EntryPoint\",\"urlTemplate\":\"https:\/\/kinfirm.com\/lt\/?s={search_term_string}\"},\"query-input\":{\"@type\":\"PropertyValueSpecification\",\"valueRequired\":true,\"valueName\":\"search_term_string\"}}],\"inLanguage\":\"lt-LT\"},{\"@type\":\"Organization\",\"@id\":\"https:\/\/kinfirm.com\/lt\/#organization\",\"name\":\"Kinfirm\",\"url\":\"https:\/\/kinfirm.com\/lt\/\",\"logo\":{\"@type\":\"ImageObject\",\"inLanguage\":\"lt-LT\",\"@id\":\"https:\/\/kinfirm.com\/lt\/#\/schema\/logo\/image\/\",\"url\":\"https:\/\/kinfirm.com\/app\/uploads\/2022\/05\/Kinfirm-logo.svg\",\"contentUrl\":\"https:\/\/kinfirm.com\/app\/uploads\/2022\/05\/Kinfirm-logo.svg\",\"width\":\"1024\",\"height\":\"1024\",\"caption\":\"Kinfirm\"},\"image\":{\"@id\":\"https:\/\/kinfirm.com\/lt\/#\/schema\/logo\/image\/\"}}]}<\/script>\n<!-- \/ Yoast SEO plugin. -->","yoast_head_json":{"title":"Interneto svetaini\u0173, tinklapi\u0173 k\u016brimo kainos \/Kinfirm","description":"Interneto svetaini\u0173, tinklapi\u0173, puslapi\u0173 programavimas su WordPress ir Laravel. Kuriame unikalaus dizaino interneto svetaines.","robots":{"index":"index","follow":"follow","max-snippet":"max-snippet:-1","max-image-preview":"max-image-preview:large","max-video-preview":"max-video-preview:-1"},"canonical":"https:\/\/kinfirm.com\/lt\/interneto-svetaines-kaina\/","og_locale":"lt_LT","og_type":"article","og_title":"Interneto svetaini\u0173, tinklapi\u0173 k\u016brimo kainos \/Kinfirm","og_description":"Interneto svetaini\u0173, tinklapi\u0173, puslapi\u0173 programavimas su WordPress ir Laravel. Kuriame unikalaus dizaino interneto svetaines.","og_url":"https:\/\/kinfirm.com\/lt\/interneto-svetaines-kaina\/","og_site_name":"Kinfirm","article_modified_time":"2024-04-09T21:56:10+00:00","og_image":[{"width":1200,"height":673,"url":"https:\/\/kinfirm.com\/app\/uploads\/2022\/05\/kinfirm_og.jpg","type":"image\/jpeg"}],"twitter_card":"summary_large_image","schema":{"@context":"https:\/\/schema.org","@graph":[{"@type":"WebPage","@id":"https:\/\/kinfirm.com\/lt\/interneto-svetaines-kaina\/","url":"https:\/\/kinfirm.com\/lt\/interneto-svetaines-kaina\/","name":"Interneto svetaini\u0173, tinklapi\u0173 k\u016brimo kainos \/Kinfirm","isPartOf":{"@id":"https:\/\/kinfirm.com\/lt\/#website"},"datePublished":"2024-03-26T21:21:55+00:00","dateModified":"2024-04-09T21:56:10+00:00","description":"Interneto svetaini\u0173, tinklapi\u0173, puslapi\u0173 programavimas su WordPress ir Laravel. Kuriame unikalaus dizaino interneto svetaines.","breadcrumb":{"@id":"https:\/\/kinfirm.com\/lt\/interneto-svetaines-kaina\/#breadcrumb"},"inLanguage":"lt-LT","potentialAction":[{"@type":"ReadAction","target":["https:\/\/kinfirm.com\/lt\/interneto-svetaines-kaina\/"]}]},{"@type":"BreadcrumbList","@id":"https:\/\/kinfirm.com\/lt\/interneto-svetaines-kaina\/#breadcrumb","itemListElement":[{"@type":"ListItem","position":1,"name":"Home","item":"https:\/\/kinfirm.com\/lt\/"},{"@type":"ListItem","position":2,"name":"Interneto svetain\u0117s kaina"}]},{"@type":"WebSite","@id":"https:\/\/kinfirm.com\/lt\/#website","url":"https:\/\/kinfirm.com\/lt\/","name":"Kinfirm","description":"","publisher":{"@id":"https:\/\/kinfirm.com\/lt\/#organization"},"potentialAction":[{"@type":"SearchAction","target":{"@type":"EntryPoint","urlTemplate":"https:\/\/kinfirm.com\/lt\/?s={search_term_string}"},"query-input":{"@type":"PropertyValueSpecification","valueRequired":true,"valueName":"search_term_string"}}],"inLanguage":"lt-LT"},{"@type":"Organization","@id":"https:\/\/kinfirm.com\/lt\/#organization","name":"Kinfirm","url":"https:\/\/kinfirm.com\/lt\/","logo":{"@type":"ImageObject","inLanguage":"lt-LT","@id":"https:\/\/kinfirm.com\/lt\/#\/schema\/logo\/image\/","url":"https:\/\/kinfirm.com\/app\/uploads\/2022\/05\/Kinfirm-logo.svg","contentUrl":"https:\/\/kinfirm.com\/app\/uploads\/2022\/05\/Kinfirm-logo.svg","width":"1024","height":"1024","caption":"Kinfirm"},"image":{"@id":"https:\/\/kinfirm.com\/lt\/#\/schema\/logo\/image\/"}}]}},"_links":{"self":[{"href":"https:\/\/kinfirm.com\/lt\/wp-json\/wp\/v2\/pages\/3701","targetHints":{"allow":["GET"]}}],"collection":[{"href":"https:\/\/kinfirm.com\/lt\/wp-json\/wp\/v2\/pages"}],"about":[{"href":"https:\/\/kinfirm.com\/lt\/wp-json\/wp\/v2\/types\/page"}],"author":[{"embeddable":true,"href":"https:\/\/kinfirm.com\/lt\/wp-json\/wp\/v2\/users\/1"}],"replies":[{"embeddable":true,"href":"https:\/\/kinfirm.com\/lt\/wp-json\/wp\/v2\/comments?post=3701"}],"version-history":[{"count":5,"href":"https:\/\/kinfirm.com\/lt\/wp-json\/wp\/v2\/pages\/3701\/revisions"}],"predecessor-version":[{"id":3721,"href":"https:\/\/kinfirm.com\/lt\/wp-json\/wp\/v2\/pages\/3701\/revisions\/3721"}],"wp:attachment":[{"href":"https:\/\/kinfirm.com\/lt\/wp-json\/wp\/v2\/media?parent=3701"}],"curies":[{"name":"wp","href":"https:\/\/api.w.org\/{rel}","templated":true}]}}