{"id":3615,"date":"2024-03-25T23:07:30","date_gmt":"2024-03-25T21:07:30","guid":{"rendered":"https:\/\/kinfirm.com\/?page_id=3615"},"modified":"2024-03-26T23:21:18","modified_gmt":"2024-03-26T21:21:18","slug":"klientu-savitarnos-portalo-programavimo-kaina","status":"publish","type":"page","link":"https:\/\/kinfirm.com\/lt\/klientu-savitarnos-portalo-programavimo-kaina\/","title":{"rendered":"Klient\u0173 savitarnos portalo programavimo kaina"},"content":{"rendered":"<div class=\"section-wrapper \">\n    <section class=\" sm:pt-[190px] pt-[120px] flex flex-col justify-center\">\n    <div class=\"container\">\n      <div class=\"border-b border-solid border-gray-40 sm:pb-[120px] pb-[50px]\">\n                  <h1 class=\"tracking-small lg:text-96px md:text-64px text-40px text-white\"><span class=\"slash\">\/<\/span>Klient\u0173 savitarnos portalo kaina\n          <\/h1>\n                          <div class=\"prose tracking-small text-white md:text-32px sm:text-24px md:mt-8 mt-6\">\n            <p>Klient\u0173 savitarnos portalo programavimo kaina labiausiai priklauso nuo funkcij\u0173 ir integracij\u0173 kiekio bei sud\u0117tingumo.<\/p>\n\n          <\/div>\n                              <\/div>\n    <\/div>\n  <\/section>\n  <\/div>\n\n\n<div class=\"section-wrapper pt-20 pb-20\">\n    <section class=\"py-0\">\n\n    <div class=\"container-large bg-gray-80 md:pl-4 pr-0 pl-0 rounded-[20px]\">\n\n      <div class=\"grid lg:grid-cols-12 md:grid-cols-2 grid-cols-1 xl:gap-x-28 lg:gap-x-20 gap-x-10 items-center\">\n        <div class=\"lg:col-span-7 md:pb-20 md:pt-24 p-6 py-10 order-1\">\n          <div class=\"lg:max-w-[600px] mx-auto js-tabs\" x-data=\"{ tab: '1' }\">\n            <h2 class=\"h text-white tracking-small lg:text-64px md:text-48px sm:text-32px text-24px md:mb-8 mb-6\">\n              \n            <\/h2>\n\n                          <div class=\"c prose tracking-small xs:text-20px text-white\">\n                <p>Pateikiame preliminarias kainas pagal projekt\u0173 apimtis.<\/p>\n\n              <\/div>\n                                                        <div class=\"btn__group\">\n                                                                   <button type=\"button\" class=\"btn__link\" :class=\"{'active' : tab == 1, '': !(tab)}\" x-on:click.prevent=\"tab = !tab\" x-on:click=\"tab = 1\">Paprastas<\/button>\n                                                                                         <button type=\"button\" class=\"btn__link\" :class=\"{'active' : tab == 2, '': !(tab)}\" x-on:click.prevent=\"tab = !tab\" x-on:click=\"tab = 2\">Vidutinis<\/button>\n                                                                                         <button type=\"button\" class=\"btn__link\" :class=\"{'active' : tab == 3, '': !(tab)}\" x-on:click.prevent=\"tab = !tab\" x-on:click=\"tab = 3\">Sud\u0117tingas<\/button>\n                                                          <\/div>\n                          \n                                           <div class=\"tab-content\" :class=\"{'active' : tab == 1, '': !(tab)}\">\n\n                  \n                                      <ul class=\"check-list\">\n                                                                         <li class=\"check-list__item checked\">paprastas dizainas<\/li>\n                                                                                                 <li class=\"check-list__item checked\">nesud\u0117tinga integracija su buhalterine programa<\/li>\n                                                                                                 <li class=\"check-list__item checked\">5-10 skirting\u0173 moduli\u0173<\/li>\n                                                                  <\/ul>\n                  \n                  <div class=\"type-A__calc mt-8\">\n                    \n                                          <div>\n                        <h5 class=\"text-white text-20px tracking-small\">guide price<\/h5>\n                        <div class=\"text-green-80 md:text-40px text-24px tracking-small mt-2\">\n                                                      $25000 &#8211; $35000\n                                                  <\/div>\n                      <\/div>\n                    \n                                          <div>\n                        <h5 class=\"text-white text-20px tracking-small\">average duration<\/h5>\n                        <div class=\"text-green-80 md:text-40px text-24px tracking-small mt-2\">3-4 m\u0117n.<\/div>\n                      <\/div>\n                    \n                  <\/div>\n                <\/div>\n                                <div class=\"tab-content\" :class=\"{'active' : tab == 2, '': !(tab)}\">\n\n                  \n                                      <ul class=\"check-list\">\n                                                                         <li class=\"check-list__item checked\">unikalus dizainas<\/li>\n                                                                                                 <li class=\"check-list__item checked\">i\u0161pl\u0117sta integracija su buhalterine programa<\/li>\n                                                                                                 <li class=\"check-list__item checked\">integracijos su kitomis sistemomis<\/li>\n                                                                                                 <li class=\"check-list__item checked\">10-15 moduli\u0173<\/li>\n                                                                  <\/ul>\n                  \n                  <div class=\"type-A__calc mt-8\">\n                    \n                                          <div>\n                        <h5 class=\"text-white text-20px tracking-small\">guide price<\/h5>\n                        <div class=\"text-green-80 md:text-40px text-24px tracking-small mt-2\">\n                                                      $35000 &#8211; $50000\n                                                  <\/div>\n                      <\/div>\n                    \n                                          <div>\n                        <h5 class=\"text-white text-20px tracking-small\">average duration<\/h5>\n                        <div class=\"text-green-80 md:text-40px text-24px tracking-small mt-2\">4-6 m\u0117n.<\/div>\n                      <\/div>\n                    \n                  <\/div>\n                <\/div>\n                                <div class=\"tab-content\" :class=\"{'active' : tab == 3, '': !(tab)}\">\n\n                  \n                                      <ul class=\"check-list\">\n                                                                         <li class=\"check-list__item checked\">unikalus dizainas<\/li>\n                                                                                                 <li class=\"check-list__item checked\">i\u0161pl\u0117sta integracija su buhalterine programa<\/li>\n                                                                                                 <li class=\"check-list__item checked\">integracijos su kitomis sistemomis<\/li>\n                                                                                                 <li class=\"check-list__item checked\">sud\u0117tingi funkcionalumai<\/li>\n                                                                                                 <li class=\"check-list__item checked\">15-30 skirting\u0173 moduli\u0173<\/li>\n                                                                  <\/ul>\n                  \n                  <div class=\"type-A__calc mt-8\">\n                    \n                                          <div>\n                        <h5 class=\"text-white text-20px tracking-small\">guide price<\/h5>\n                        <div class=\"text-green-80 md:text-40px text-24px tracking-small mt-2\">\n                                                      nuo $50000\n                                                  <\/div>\n                      <\/div>\n                    \n                                          <div>\n                        <h5 class=\"text-white text-20px tracking-small\">average duration<\/h5>\n                        <div class=\"text-green-80 md:text-40px text-24px tracking-small mt-2\">nuo 6 m\u0117n.<\/div>\n                      <\/div>\n                    \n                  <\/div>\n                <\/div>\n                                     <\/div>\n        <\/div>\n\n        <div class=\"lg:col-span-5 h-full md:order-2  order-none\">\n          <img loading=\"lazy\" decoding=\"async\" width=\"960\" height=\"1200\" src=\"https:\/\/kinfirm.com\/app\/uploads\/2022\/05\/pic_05@2x.jpg\" class=\"md:h-full w-full object-cover rounded-[20px] object-right-center h-[400px]\" alt=\"\" srcset=\"https:\/\/kinfirm.com\/app\/uploads\/2022\/05\/pic_05@2x.jpg 960w, https:\/\/kinfirm.com\/app\/uploads\/2022\/05\/pic_05@2x-240x300.jpg 240w, https:\/\/kinfirm.com\/app\/uploads\/2022\/05\/pic_05@2x-819x1024.jpg 819w, https:\/\/kinfirm.com\/app\/uploads\/2022\/05\/pic_05@2x-240x300@2x.jpg 480w\" sizes=\"auto, (max-width: 960px) 100vw, 960px\" \/>\n        <\/div>\n      <\/div>\n    <\/div>\n  <\/section>\n  <\/div>\n","protected":false},"excerpt":{"rendered":"","protected":false},"author":1,"featured_media":0,"parent":0,"menu_order":0,"comment_status":"closed","ping_status":"closed","template":"page-blocks.blade.php","meta":{"_acf_changed":false,"inline_featured_image":false,"footnotes":""},"class_list":["post-3615","page","type-page","status-publish","hentry"],"acf":[],"yoast_head":"<!-- This site is optimized with the Yoast SEO plugin v26.9 - https:\/\/yoast.com\/product\/yoast-seo-wordpress\/ -->\n<title>Klient\u0173 savitarnos portalo programavimo kaina \/Kinfirm<\/title>\n<meta name=\"description\" content=\"Preliminarios klient\u0173 savitarnos portalo programavimo kainos. Individualaus funkcionalumo klient\u0173 zon\u0173 k\u016brimas.\" \/>\n<meta name=\"robots\" content=\"index, follow, max-snippet:-1, max-image-preview:large, max-video-preview:-1\" \/>\n<link rel=\"canonical\" href=\"https:\/\/kinfirm.com\/lt\/klientu-savitarnos-portalo-programavimo-kaina\/\" \/>\n<meta property=\"og:locale\" content=\"lt_LT\" \/>\n<meta property=\"og:type\" content=\"article\" \/>\n<meta property=\"og:title\" content=\"Klient\u0173 savitarnos portalo programavimo kaina \/Kinfirm\" \/>\n<meta property=\"og:description\" content=\"Preliminarios klient\u0173 savitarnos portalo programavimo kainos. Individualaus funkcionalumo klient\u0173 zon\u0173 k\u016brimas.\" \/>\n<meta property=\"og:url\" content=\"https:\/\/kinfirm.com\/lt\/klientu-savitarnos-portalo-programavimo-kaina\/\" \/>\n<meta property=\"og:site_name\" content=\"Kinfirm\" \/>\n<meta property=\"article:modified_time\" content=\"2024-03-26T21:21:18+00:00\" \/>\n<meta property=\"og:image\" content=\"https:\/\/kinfirm.com\/app\/uploads\/2022\/05\/kinfirm_og.jpg\" \/>\n\t<meta property=\"og:image:width\" content=\"1200\" \/>\n\t<meta property=\"og:image:height\" content=\"673\" \/>\n\t<meta property=\"og:image:type\" content=\"image\/jpeg\" \/>\n<meta name=\"twitter:card\" content=\"summary_large_image\" \/>\n<script type=\"application\/ld+json\" class=\"yoast-schema-graph\">{\"@context\":\"https:\/\/schema.org\",\"@graph\":[{\"@type\":\"WebPage\",\"@id\":\"https:\/\/kinfirm.com\/lt\/klientu-savitarnos-portalo-programavimo-kaina\/\",\"url\":\"https:\/\/kinfirm.com\/lt\/klientu-savitarnos-portalo-programavimo-kaina\/\",\"name\":\"Klient\u0173 savitarnos portalo programavimo kaina \/Kinfirm\",\"isPartOf\":{\"@id\":\"https:\/\/kinfirm.com\/lt\/#website\"},\"datePublished\":\"2024-03-25T21:07:30+00:00\",\"dateModified\":\"2024-03-26T21:21:18+00:00\",\"description\":\"Preliminarios klient\u0173 savitarnos portalo programavimo kainos. Individualaus funkcionalumo klient\u0173 zon\u0173 k\u016brimas.\",\"breadcrumb\":{\"@id\":\"https:\/\/kinfirm.com\/lt\/klientu-savitarnos-portalo-programavimo-kaina\/#breadcrumb\"},\"inLanguage\":\"lt-LT\",\"potentialAction\":[{\"@type\":\"ReadAction\",\"target\":[\"https:\/\/kinfirm.com\/lt\/klientu-savitarnos-portalo-programavimo-kaina\/\"]}]},{\"@type\":\"BreadcrumbList\",\"@id\":\"https:\/\/kinfirm.com\/lt\/klientu-savitarnos-portalo-programavimo-kaina\/#breadcrumb\",\"itemListElement\":[{\"@type\":\"ListItem\",\"position\":1,\"name\":\"Home\",\"item\":\"https:\/\/kinfirm.com\/lt\/\"},{\"@type\":\"ListItem\",\"position\":2,\"name\":\"Klient\u0173 savitarnos portalo programavimo kaina\"}]},{\"@type\":\"WebSite\",\"@id\":\"https:\/\/kinfirm.com\/lt\/#website\",\"url\":\"https:\/\/kinfirm.com\/lt\/\",\"name\":\"Kinfirm\",\"description\":\"\",\"publisher\":{\"@id\":\"https:\/\/kinfirm.com\/lt\/#organization\"},\"potentialAction\":[{\"@type\":\"SearchAction\",\"target\":{\"@type\":\"EntryPoint\",\"urlTemplate\":\"https:\/\/kinfirm.com\/lt\/?s={search_term_string}\"},\"query-input\":{\"@type\":\"PropertyValueSpecification\",\"valueRequired\":true,\"valueName\":\"search_term_string\"}}],\"inLanguage\":\"lt-LT\"},{\"@type\":\"Organization\",\"@id\":\"https:\/\/kinfirm.com\/lt\/#organization\",\"name\":\"Kinfirm\",\"url\":\"https:\/\/kinfirm.com\/lt\/\",\"logo\":{\"@type\":\"ImageObject\",\"inLanguage\":\"lt-LT\",\"@id\":\"https:\/\/kinfirm.com\/lt\/#\/schema\/logo\/image\/\",\"url\":\"https:\/\/kinfirm.com\/app\/uploads\/2022\/05\/Kinfirm-logo.svg\",\"contentUrl\":\"https:\/\/kinfirm.com\/app\/uploads\/2022\/05\/Kinfirm-logo.svg\",\"width\":\"1024\",\"height\":\"1024\",\"caption\":\"Kinfirm\"},\"image\":{\"@id\":\"https:\/\/kinfirm.com\/lt\/#\/schema\/logo\/image\/\"}}]}<\/script>\n<!-- \/ Yoast SEO plugin. -->","yoast_head_json":{"title":"Klient\u0173 savitarnos portalo programavimo kaina \/Kinfirm","description":"Preliminarios klient\u0173 savitarnos portalo programavimo kainos. Individualaus funkcionalumo klient\u0173 zon\u0173 k\u016brimas.","robots":{"index":"index","follow":"follow","max-snippet":"max-snippet:-1","max-image-preview":"max-image-preview:large","max-video-preview":"max-video-preview:-1"},"canonical":"https:\/\/kinfirm.com\/lt\/klientu-savitarnos-portalo-programavimo-kaina\/","og_locale":"lt_LT","og_type":"article","og_title":"Klient\u0173 savitarnos portalo programavimo kaina \/Kinfirm","og_description":"Preliminarios klient\u0173 savitarnos portalo programavimo kainos. Individualaus funkcionalumo klient\u0173 zon\u0173 k\u016brimas.","og_url":"https:\/\/kinfirm.com\/lt\/klientu-savitarnos-portalo-programavimo-kaina\/","og_site_name":"Kinfirm","article_modified_time":"2024-03-26T21:21:18+00:00","og_image":[{"width":1200,"height":673,"url":"https:\/\/kinfirm.com\/app\/uploads\/2022\/05\/kinfirm_og.jpg","type":"image\/jpeg"}],"twitter_card":"summary_large_image","schema":{"@context":"https:\/\/schema.org","@graph":[{"@type":"WebPage","@id":"https:\/\/kinfirm.com\/lt\/klientu-savitarnos-portalo-programavimo-kaina\/","url":"https:\/\/kinfirm.com\/lt\/klientu-savitarnos-portalo-programavimo-kaina\/","name":"Klient\u0173 savitarnos portalo programavimo kaina \/Kinfirm","isPartOf":{"@id":"https:\/\/kinfirm.com\/lt\/#website"},"datePublished":"2024-03-25T21:07:30+00:00","dateModified":"2024-03-26T21:21:18+00:00","description":"Preliminarios klient\u0173 savitarnos portalo programavimo kainos. Individualaus funkcionalumo klient\u0173 zon\u0173 k\u016brimas.","breadcrumb":{"@id":"https:\/\/kinfirm.com\/lt\/klientu-savitarnos-portalo-programavimo-kaina\/#breadcrumb"},"inLanguage":"lt-LT","potentialAction":[{"@type":"ReadAction","target":["https:\/\/kinfirm.com\/lt\/klientu-savitarnos-portalo-programavimo-kaina\/"]}]},{"@type":"BreadcrumbList","@id":"https:\/\/kinfirm.com\/lt\/klientu-savitarnos-portalo-programavimo-kaina\/#breadcrumb","itemListElement":[{"@type":"ListItem","position":1,"name":"Home","item":"https:\/\/kinfirm.com\/lt\/"},{"@type":"ListItem","position":2,"name":"Klient\u0173 savitarnos portalo programavimo kaina"}]},{"@type":"WebSite","@id":"https:\/\/kinfirm.com\/lt\/#website","url":"https:\/\/kinfirm.com\/lt\/","name":"Kinfirm","description":"","publisher":{"@id":"https:\/\/kinfirm.com\/lt\/#organization"},"potentialAction":[{"@type":"SearchAction","target":{"@type":"EntryPoint","urlTemplate":"https:\/\/kinfirm.com\/lt\/?s={search_term_string}"},"query-input":{"@type":"PropertyValueSpecification","valueRequired":true,"valueName":"search_term_string"}}],"inLanguage":"lt-LT"},{"@type":"Organization","@id":"https:\/\/kinfirm.com\/lt\/#organization","name":"Kinfirm","url":"https:\/\/kinfirm.com\/lt\/","logo":{"@type":"ImageObject","inLanguage":"lt-LT","@id":"https:\/\/kinfirm.com\/lt\/#\/schema\/logo\/image\/","url":"https:\/\/kinfirm.com\/app\/uploads\/2022\/05\/Kinfirm-logo.svg","contentUrl":"https:\/\/kinfirm.com\/app\/uploads\/2022\/05\/Kinfirm-logo.svg","width":"1024","height":"1024","caption":"Kinfirm"},"image":{"@id":"https:\/\/kinfirm.com\/lt\/#\/schema\/logo\/image\/"}}]}},"_links":{"self":[{"href":"https:\/\/kinfirm.com\/lt\/wp-json\/wp\/v2\/pages\/3615","targetHints":{"allow":["GET"]}}],"collection":[{"href":"https:\/\/kinfirm.com\/lt\/wp-json\/wp\/v2\/pages"}],"about":[{"href":"https:\/\/kinfirm.com\/lt\/wp-json\/wp\/v2\/types\/page"}],"author":[{"embeddable":true,"href":"https:\/\/kinfirm.com\/lt\/wp-json\/wp\/v2\/users\/1"}],"replies":[{"embeddable":true,"href":"https:\/\/kinfirm.com\/lt\/wp-json\/wp\/v2\/comments?post=3615"}],"version-history":[{"count":5,"href":"https:\/\/kinfirm.com\/lt\/wp-json\/wp\/v2\/pages\/3615\/revisions"}],"predecessor-version":[{"id":3700,"href":"https:\/\/kinfirm.com\/lt\/wp-json\/wp\/v2\/pages\/3615\/revisions\/3700"}],"wp:attachment":[{"href":"https:\/\/kinfirm.com\/lt\/wp-json\/wp\/v2\/media?parent=3615"}],"curies":[{"name":"wp","href":"https:\/\/api.w.org\/{rel}","templated":true}]}}