{"id":3442,"date":"2024-03-14T23:28:54","date_gmt":"2024-03-14T21:28:54","guid":{"rendered":"https:\/\/kinfirm.com\/?page_id=3442"},"modified":"2026-03-09T23:46:09","modified_gmt":"2026-03-09T21:46:09","slug":"dirbtinio-intelekto-sprendimai","status":"publish","type":"page","link":"https:\/\/kinfirm.com\/lt\/programavimo-paslaugos\/dirbtinio-intelekto-sprendimai\/","title":{"rendered":"Dirbtinio intelekto sprendimai"},"content":{"rendered":"<div class=\"section-wrapper \">\n    <section class=\" sm:pt-[190px] pt-[120px] flex flex-col justify-center\">\n    <div class=\"container\">\n      <div class=\"border-b border-solid border-gray-40 sm:pb-[120px] pb-[50px]\">\n                  <h1 class=\"tracking-small lg:text-96px md:text-64px text-40px text-white\"><span class=\"slash\">\/<\/span>Dirbtinio intelekto sprendimai\n          <\/h1>\n                          <div class=\"prose tracking-small text-white md:text-32px sm:text-24px md:mt-8 mt-6\">\n            <p>Dirbtinio intelekto sprendimai gali pad\u0117ti verslui dirbti grei\u010diau, tiksliau ir patogiau. Integruojame dirbtinio intelekto modelius \u012f savitarnos portalus, vidines sistemas ir kitus skaitmeninius produktus taip, kad jie pad\u0117t\u0173 efektyviau valdyti informacij\u0105, automatizuoti veiksmus ir priimti geresnius sprendimus. Tikslas visada tas pats \u2013 ai\u0161ki, prakti\u0161ka ir pamatuojama vert\u0117.<\/p>\n\n          <\/div>\n                              <\/div>\n    <\/div>\n  <\/section>\n  <\/div>\n\n\n<div class=\"section-wrapper \">\n    <section class=\"sm:py-12 py-6\" data-scroll-section>\n    <div class=\"container\">\n              <h2 class=\"lg:pb-16 md:pb-10 pb-6 text-white tracking-small lg:text-64px md:text-48px sm:text-32px text-24px\">\n          <span class=\"slash\">\/<\/span>Integracijos su dirbtinio intelekto modeliais\n        <\/h2>\n      \n      <div class=\"tools\">\n\n        \n                      <div class=\"tools__box\">\n                                            <div class=\"prose md:prose-md tracking-small\">\n                  <h3>Integracija su OpenAI<\/h3>\n<p>Pa\u017eang\u016bs kalbos modeliai, padedantys kurti i\u0161manesnes vartotoj\u0173 patirtis, automatizuoti procesus, analizuoti duomenis.<\/p>\n\n                <\/div>\n                          <\/div>\n                \n                      <div class=\"tools__box\">\n                                            <div class=\"prose md:prose-md tracking-small\">\n                  <h3>Integracija su Claude<\/h3>\n<p>Kai reikalingas gilus konteksto supratimas, atsakym\u0173 kokyb\u0117 ir patikimas informacijos apdorojimas.<\/p>\n\n                <\/div>\n                          <\/div>\n                \n                      <div class=\"tools__box\">\n                                            <div class=\"prose md:prose-md tracking-small\">\n                  <h3>Integracija su Google Gemini<\/h3>\n<p>Efektyviam darbui su tekstu, duomenimis, vaizdais ir sud\u0117tingesniais informacijos srautais.<\/p>\n\n                <\/div>\n                          <\/div>\n                \n                      <div class=\"tools__box\">\n                                            <div class=\"prose md:prose-md tracking-small\">\n                  <h3>Integracija su Meta Llama<\/h3>\n<p>Daugiau lankstumo kuriant DI integracijas, kai reikia didesn\u0117s kontrol\u0117s ir individualaus pritaikymo.<\/p>\n\n                <\/div>\n                          <\/div>\n                \n      <\/div>\n\n    <\/div>\n  <\/section>\n  <\/div>\n\n\n<div class=\"section-wrapper \">\n    <section class=\"bg-gray-100 lg:pt-24 sm:py-12 py-8\" data-scroll-section>\n      <div class=\"container\">\n        <div class=\"container-md\">\n                      <h2 class=\"text-white tracking-small lg:text-64px md:text-48px sm:text-32px text-24px md:mb-8 mb-6\">\n              <span class=\"slash\">\/<\/span>Dirbtinio intelekto integracijos procesas             <\/h2>\n                    \n            \n              <div class=\"accordion\">\n\n                 \n                  <div class=\"accordion__block\"  :class=\"{ 'active': faq, '': !(faq) }\" x-data=\"{ faq: false }\">\n\n                                          <div class=\"accordion__block--heading\" x-on:click=\"faq = !faq\">\n                        <div class=\"h\">Konsultacija<\/div>\n                        <div class=\"w-6\">\n                          <svg class=\"fill-current text-white\" width=\"21\" height=\"20\">\n                            <use xlink:href=\"https:\/\/kinfirm.com\/app\/themes\/kinfirm\/public\/images\/icons\/icons.ad8643.svg#arrow-down\"\/>\n                          <\/svg>\n                        <\/div>\n                      <\/div>\n                    \n                                          <div class=\"accordion__block--content\">\n                        <p>Aptariame J\u016bs\u0173 poreikius ir tikslus.<\/p>\n\n                      <\/div>\n                                      <\/div>\n                 \n                  <div class=\"accordion__block\"  :class=\"{ 'active': faq, '': !(faq) }\" x-data=\"{ faq: false }\">\n\n                                          <div class=\"accordion__block--heading\" x-on:click=\"faq = !faq\">\n                        <div class=\"h\">Analiz\u0117<\/div>\n                        <div class=\"w-6\">\n                          <svg class=\"fill-current text-white\" width=\"21\" height=\"20\">\n                            <use xlink:href=\"https:\/\/kinfirm.com\/app\/themes\/kinfirm\/public\/images\/icons\/icons.ad8643.svg#arrow-down\"\/>\n                          <\/svg>\n                        <\/div>\n                      <\/div>\n                    \n                                          <div class=\"accordion__block--content\">\n                        <p>Vertiname J\u016bs\u0173 verslo procesus ir nustatome, kur DI gali suteikti did\u017eiausi\u0105 vert\u0119.<\/p>\n\n                      <\/div>\n                                      <\/div>\n                 \n                  <div class=\"accordion__block\"  :class=\"{ 'active': faq, '': !(faq) }\" x-data=\"{ faq: false }\">\n\n                                          <div class=\"accordion__block--heading\" x-on:click=\"faq = !faq\">\n                        <div class=\"h\">Projektavimas<\/div>\n                        <div class=\"w-6\">\n                          <svg class=\"fill-current text-white\" width=\"21\" height=\"20\">\n                            <use xlink:href=\"https:\/\/kinfirm.com\/app\/themes\/kinfirm\/public\/images\/icons\/icons.ad8643.svg#arrow-down\"\/>\n                          <\/svg>\n                        <\/div>\n                      <\/div>\n                    \n                                          <div class=\"accordion__block--content\">\n                        <p>Kuriame individual\u0173 DI sprendim\u0173 plan\u0105.<\/p>\n\n                      <\/div>\n                                      <\/div>\n                 \n                  <div class=\"accordion__block\"  :class=\"{ 'active': faq, '': !(faq) }\" x-data=\"{ faq: false }\">\n\n                                          <div class=\"accordion__block--heading\" x-on:click=\"faq = !faq\">\n                        <div class=\"h\">Diegimas<\/div>\n                        <div class=\"w-6\">\n                          <svg class=\"fill-current text-white\" width=\"21\" height=\"20\">\n                            <use xlink:href=\"https:\/\/kinfirm.com\/app\/themes\/kinfirm\/public\/images\/icons\/icons.ad8643.svg#arrow-down\"\/>\n                          <\/svg>\n                        <\/div>\n                      <\/div>\n                    \n                                          <div class=\"accordion__block--content\">\n                        <p>Integruojame sprendimus \u012f J\u016bs\u0173 sistemas.<\/p>\n\n                      <\/div>\n                                      <\/div>\n                 \n                  <div class=\"accordion__block\"  :class=\"{ 'active': faq, '': !(faq) }\" x-data=\"{ faq: false }\">\n\n                                          <div class=\"accordion__block--heading\" x-on:click=\"faq = !faq\">\n                        <div class=\"h\">Palaikymas<\/div>\n                        <div class=\"w-6\">\n                          <svg class=\"fill-current text-white\" width=\"21\" height=\"20\">\n                            <use xlink:href=\"https:\/\/kinfirm.com\/app\/themes\/kinfirm\/public\/images\/icons\/icons.ad8643.svg#arrow-down\"\/>\n                          <\/svg>\n                        <\/div>\n                      <\/div>\n                    \n                                          <div class=\"accordion__block--content\">\n                        <p>Nuolat pri\u017ei\u016brime sprendimus ir, esant poreikiui, juos tobuliname.<\/p>\n\n                      <\/div>\n                                      <\/div>\n                \n              <\/div>\n            \n        <\/div>\n      <\/div>\n    <\/section>\n  <\/div>\n","protected":false},"excerpt":{"rendered":"","protected":false},"author":1,"featured_media":0,"parent":25,"menu_order":0,"comment_status":"closed","ping_status":"closed","template":"page-blocks.blade.php","meta":{"_acf_changed":false,"inline_featured_image":false,"footnotes":""},"class_list":["post-3442","page","type-page","status-publish","hentry"],"acf":[],"yoast_head":"<!-- This site is optimized with the Yoast SEO plugin v26.9 - https:\/\/yoast.com\/product\/yoast-seo-wordpress\/ -->\n<title>Dirbtinio intelekto sprendimai - Kinfirm<\/title>\n<meta name=\"description\" content=\"Integruojame dirbtinio intelekto (OpenAI, Claude, Gemini) modelius \u012f savitarnos portalus, vidines sistemas ir kitus skaitmeninius produktus.\" \/>\n<meta name=\"robots\" content=\"index, follow, max-snippet:-1, max-image-preview:large, max-video-preview:-1\" \/>\n<link rel=\"canonical\" href=\"https:\/\/kinfirm.com\/lt\/programavimo-paslaugos\/dirbtinio-intelekto-sprendimai\/\" \/>\n<meta property=\"og:locale\" content=\"lt_LT\" \/>\n<meta property=\"og:type\" content=\"article\" \/>\n<meta property=\"og:title\" content=\"Dirbtinio intelekto sprendimai - Kinfirm\" \/>\n<meta property=\"og:description\" content=\"Integruojame dirbtinio intelekto (OpenAI, Claude, Gemini) modelius \u012f savitarnos portalus, vidines sistemas ir kitus skaitmeninius produktus.\" \/>\n<meta property=\"og:url\" content=\"https:\/\/kinfirm.com\/lt\/programavimo-paslaugos\/dirbtinio-intelekto-sprendimai\/\" \/>\n<meta property=\"og:site_name\" content=\"Kinfirm\" \/>\n<meta property=\"article:modified_time\" content=\"2026-03-09T21:46:09+00:00\" \/>\n<meta property=\"og:image\" content=\"https:\/\/kinfirm.com\/app\/uploads\/2022\/05\/kinfirm_og.jpg\" \/>\n\t<meta property=\"og:image:width\" content=\"1200\" \/>\n\t<meta property=\"og:image:height\" content=\"673\" \/>\n\t<meta property=\"og:image:type\" content=\"image\/jpeg\" \/>\n<meta name=\"twitter:card\" content=\"summary_large_image\" \/>\n<script type=\"application\/ld+json\" class=\"yoast-schema-graph\">{\"@context\":\"https:\/\/schema.org\",\"@graph\":[{\"@type\":\"WebPage\",\"@id\":\"https:\/\/kinfirm.com\/lt\/programavimo-paslaugos\/dirbtinio-intelekto-sprendimai\/\",\"url\":\"https:\/\/kinfirm.com\/lt\/programavimo-paslaugos\/dirbtinio-intelekto-sprendimai\/\",\"name\":\"Dirbtinio intelekto sprendimai - Kinfirm\",\"isPartOf\":{\"@id\":\"https:\/\/kinfirm.com\/lt\/#website\"},\"datePublished\":\"2024-03-14T21:28:54+00:00\",\"dateModified\":\"2026-03-09T21:46:09+00:00\",\"description\":\"Integruojame dirbtinio intelekto (OpenAI, Claude, Gemini) modelius \u012f savitarnos portalus, vidines sistemas ir kitus skaitmeninius produktus.\",\"breadcrumb\":{\"@id\":\"https:\/\/kinfirm.com\/lt\/programavimo-paslaugos\/dirbtinio-intelekto-sprendimai\/#breadcrumb\"},\"inLanguage\":\"lt-LT\",\"potentialAction\":[{\"@type\":\"ReadAction\",\"target\":[\"https:\/\/kinfirm.com\/lt\/programavimo-paslaugos\/dirbtinio-intelekto-sprendimai\/\"]}]},{\"@type\":\"BreadcrumbList\",\"@id\":\"https:\/\/kinfirm.com\/lt\/programavimo-paslaugos\/dirbtinio-intelekto-sprendimai\/#breadcrumb\",\"itemListElement\":[{\"@type\":\"ListItem\",\"position\":1,\"name\":\"Home\",\"item\":\"https:\/\/kinfirm.com\/lt\/\"},{\"@type\":\"ListItem\",\"position\":2,\"name\":\"Programavimas\",\"item\":\"https:\/\/kinfirm.com\/lt\/programavimo-paslaugos\/\"},{\"@type\":\"ListItem\",\"position\":3,\"name\":\"Dirbtinio intelekto sprendimai\"}]},{\"@type\":\"WebSite\",\"@id\":\"https:\/\/kinfirm.com\/lt\/#website\",\"url\":\"https:\/\/kinfirm.com\/lt\/\",\"name\":\"Kinfirm\",\"description\":\"\",\"publisher\":{\"@id\":\"https:\/\/kinfirm.com\/lt\/#organization\"},\"potentialAction\":[{\"@type\":\"SearchAction\",\"target\":{\"@type\":\"EntryPoint\",\"urlTemplate\":\"https:\/\/kinfirm.com\/lt\/?s={search_term_string}\"},\"query-input\":{\"@type\":\"PropertyValueSpecification\",\"valueRequired\":true,\"valueName\":\"search_term_string\"}}],\"inLanguage\":\"lt-LT\"},{\"@type\":\"Organization\",\"@id\":\"https:\/\/kinfirm.com\/lt\/#organization\",\"name\":\"Kinfirm\",\"url\":\"https:\/\/kinfirm.com\/lt\/\",\"logo\":{\"@type\":\"ImageObject\",\"inLanguage\":\"lt-LT\",\"@id\":\"https:\/\/kinfirm.com\/lt\/#\/schema\/logo\/image\/\",\"url\":\"https:\/\/kinfirm.com\/app\/uploads\/2022\/05\/Kinfirm-logo.svg\",\"contentUrl\":\"https:\/\/kinfirm.com\/app\/uploads\/2022\/05\/Kinfirm-logo.svg\",\"width\":\"1024\",\"height\":\"1024\",\"caption\":\"Kinfirm\"},\"image\":{\"@id\":\"https:\/\/kinfirm.com\/lt\/#\/schema\/logo\/image\/\"}}]}<\/script>\n<!-- \/ Yoast SEO plugin. -->","yoast_head_json":{"title":"Dirbtinio intelekto sprendimai - Kinfirm","description":"Integruojame dirbtinio intelekto (OpenAI, Claude, Gemini) modelius \u012f savitarnos portalus, vidines sistemas ir kitus skaitmeninius produktus.","robots":{"index":"index","follow":"follow","max-snippet":"max-snippet:-1","max-image-preview":"max-image-preview:large","max-video-preview":"max-video-preview:-1"},"canonical":"https:\/\/kinfirm.com\/lt\/programavimo-paslaugos\/dirbtinio-intelekto-sprendimai\/","og_locale":"lt_LT","og_type":"article","og_title":"Dirbtinio intelekto sprendimai - Kinfirm","og_description":"Integruojame dirbtinio intelekto (OpenAI, Claude, Gemini) modelius \u012f savitarnos portalus, vidines sistemas ir kitus skaitmeninius produktus.","og_url":"https:\/\/kinfirm.com\/lt\/programavimo-paslaugos\/dirbtinio-intelekto-sprendimai\/","og_site_name":"Kinfirm","article_modified_time":"2026-03-09T21:46:09+00:00","og_image":[{"width":1200,"height":673,"url":"https:\/\/kinfirm.com\/app\/uploads\/2022\/05\/kinfirm_og.jpg","type":"image\/jpeg"}],"twitter_card":"summary_large_image","schema":{"@context":"https:\/\/schema.org","@graph":[{"@type":"WebPage","@id":"https:\/\/kinfirm.com\/lt\/programavimo-paslaugos\/dirbtinio-intelekto-sprendimai\/","url":"https:\/\/kinfirm.com\/lt\/programavimo-paslaugos\/dirbtinio-intelekto-sprendimai\/","name":"Dirbtinio intelekto sprendimai - Kinfirm","isPartOf":{"@id":"https:\/\/kinfirm.com\/lt\/#website"},"datePublished":"2024-03-14T21:28:54+00:00","dateModified":"2026-03-09T21:46:09+00:00","description":"Integruojame dirbtinio intelekto (OpenAI, Claude, Gemini) modelius \u012f savitarnos portalus, vidines sistemas ir kitus skaitmeninius produktus.","breadcrumb":{"@id":"https:\/\/kinfirm.com\/lt\/programavimo-paslaugos\/dirbtinio-intelekto-sprendimai\/#breadcrumb"},"inLanguage":"lt-LT","potentialAction":[{"@type":"ReadAction","target":["https:\/\/kinfirm.com\/lt\/programavimo-paslaugos\/dirbtinio-intelekto-sprendimai\/"]}]},{"@type":"BreadcrumbList","@id":"https:\/\/kinfirm.com\/lt\/programavimo-paslaugos\/dirbtinio-intelekto-sprendimai\/#breadcrumb","itemListElement":[{"@type":"ListItem","position":1,"name":"Home","item":"https:\/\/kinfirm.com\/lt\/"},{"@type":"ListItem","position":2,"name":"Programavimas","item":"https:\/\/kinfirm.com\/lt\/programavimo-paslaugos\/"},{"@type":"ListItem","position":3,"name":"Dirbtinio intelekto sprendimai"}]},{"@type":"WebSite","@id":"https:\/\/kinfirm.com\/lt\/#website","url":"https:\/\/kinfirm.com\/lt\/","name":"Kinfirm","description":"","publisher":{"@id":"https:\/\/kinfirm.com\/lt\/#organization"},"potentialAction":[{"@type":"SearchAction","target":{"@type":"EntryPoint","urlTemplate":"https:\/\/kinfirm.com\/lt\/?s={search_term_string}"},"query-input":{"@type":"PropertyValueSpecification","valueRequired":true,"valueName":"search_term_string"}}],"inLanguage":"lt-LT"},{"@type":"Organization","@id":"https:\/\/kinfirm.com\/lt\/#organization","name":"Kinfirm","url":"https:\/\/kinfirm.com\/lt\/","logo":{"@type":"ImageObject","inLanguage":"lt-LT","@id":"https:\/\/kinfirm.com\/lt\/#\/schema\/logo\/image\/","url":"https:\/\/kinfirm.com\/app\/uploads\/2022\/05\/Kinfirm-logo.svg","contentUrl":"https:\/\/kinfirm.com\/app\/uploads\/2022\/05\/Kinfirm-logo.svg","width":"1024","height":"1024","caption":"Kinfirm"},"image":{"@id":"https:\/\/kinfirm.com\/lt\/#\/schema\/logo\/image\/"}}]}},"_links":{"self":[{"href":"https:\/\/kinfirm.com\/lt\/wp-json\/wp\/v2\/pages\/3442","targetHints":{"allow":["GET"]}}],"collection":[{"href":"https:\/\/kinfirm.com\/lt\/wp-json\/wp\/v2\/pages"}],"about":[{"href":"https:\/\/kinfirm.com\/lt\/wp-json\/wp\/v2\/types\/page"}],"author":[{"embeddable":true,"href":"https:\/\/kinfirm.com\/lt\/wp-json\/wp\/v2\/users\/1"}],"replies":[{"embeddable":true,"href":"https:\/\/kinfirm.com\/lt\/wp-json\/wp\/v2\/comments?post=3442"}],"version-history":[{"count":4,"href":"https:\/\/kinfirm.com\/lt\/wp-json\/wp\/v2\/pages\/3442\/revisions"}],"predecessor-version":[{"id":3972,"href":"https:\/\/kinfirm.com\/lt\/wp-json\/wp\/v2\/pages\/3442\/revisions\/3972"}],"up":[{"embeddable":true,"href":"https:\/\/kinfirm.com\/lt\/wp-json\/wp\/v2\/pages\/25"}],"wp:attachment":[{"href":"https:\/\/kinfirm.com\/lt\/wp-json\/wp\/v2\/media?parent=3442"}],"curies":[{"name":"wp","href":"https:\/\/api.w.org\/{rel}","templated":true}]}}