{"id":3232,"date":"2024-03-07T23:49:35","date_gmt":"2024-03-07T21:49:35","guid":{"rendered":"https:\/\/kinfirm.com\/?page_id=3232"},"modified":"2026-02-08T17:16:59","modified_gmt":"2026-02-08T15:16:59","slug":"apie-jus","status":"publish","type":"page","link":"https:\/\/kinfirm.com\/lt\/apie-jus\/","title":{"rendered":"Apie jus"},"content":{"rendered":"<div class=\"section-wrapper \">\n    <section class=\" sm:pt-[190px] pt-[120px] flex flex-col justify-center\">\n    <div class=\"container\">\n      <div class=\"border-b border-solid border-gray-40 sm:pb-[120px] pb-[50px]\">\n                  <h1 class=\"tracking-small lg:text-96px md:text-64px text-40px text-white\"><span class=\"slash\">\/<\/span>Prie\u0161 priimdami sprendimus, ie\u0161kote ai\u0161kumo ir krypties?\n          <\/h1>\n                          <div class=\"prose tracking-small text-white md:text-32px sm:text-24px md:mt-8 mt-6\">\n            <p>Ar tai &#8211; apie jus?<\/p>\n\n          <\/div>\n                              <\/div>\n    <\/div>\n  <\/section>\n  <\/div>\n\n\n<div class=\"section-wrapper sm:mt-14 mt-5 \">\n      <section class=\"py-0 pb-10 px-4\" data-scroll-section>\n\n      <div class=\"relative overflow-hidden\">\n        <div class=\"container-large bg-gray-100 md:pr-4 pr-0 pl-0\">\n          <div class=\"grid lg:grid-cols-12 md:grid-cols-2 grid-cols-1 xl:gap-x-28 lg:gap-x-20 gap-x-10 items-center\">\n\n            <div class=\"order-none md:order-1 reverse__img h-full lg:col-span-5\">\n              <img loading=\"lazy\" decoding=\"async\" width=\"1200\" height=\"656\" src=\"https:\/\/kinfirm.com\/app\/uploads\/2024\/01\/pic_04@2x-e1706271482480.jpg\" class=\"control__cnv h-full w-full object-cover rounded-[20px] object-right-center\" alt=\"\" srcset=\"https:\/\/kinfirm.com\/app\/uploads\/2024\/01\/pic_04@2x-e1706271482480.jpg 1200w, https:\/\/kinfirm.com\/app\/uploads\/2024\/01\/pic_04@2x-e1706271482480-300x164.jpg 300w, https:\/\/kinfirm.com\/app\/uploads\/2024\/01\/pic_04@2x-e1706271482480-1024x560.jpg 1024w, https:\/\/kinfirm.com\/app\/uploads\/2024\/01\/pic_04@2x-e1706271482480-768x420.jpg 768w\" sizes=\"auto, (max-width: 1200px) 100vw, 1200px\" \/>\n            <\/div>\n\n            <div class=\"md:order-2 order-1 reverse__text lg:col-span-7 p-6 py-10\">\n              <div class=\"lg:max-w-[480px] \">\n                <h2 class=\"h text-gray-100 tracking-small lg:text-64px md:text-48px sm:text-32px text-24px sm:mb-8 mb-4\">\n                  <span class=\"slash\">\/<\/span>Jeigu j\u016bs:\n                <\/h2>\n                                  <div class=\"c prose md:prose-md tracking-small\">\n                    <ul>\n<li>Ie\u0161kote patikim\u0173 partneri\u0173 ambicing\u0173 IT projekt\u0173 \u012fgyvendinimui ir j\u0173 prie\u017ei\u016brai<\/li>\n<li>Ie\u0161kote ilgalaiki\u0173 partneri\u0173, kurie supranta, koki\u0105 didel\u0119 \u012ftak\u0105 IT projektai turi J\u016bs\u0173 verslui<\/li>\n<li>Ie\u0161kote partneri\u0173, kurie r\u016bpinsis j\u016bs\u0173 programavimo projektais taip, lyg projektai b\u016bt\u0173 j\u0173<\/li>\n<li>Ie\u0161kote partneri\u0173, kurie visada pasidalins nuo\u0161ird\u017eiais ir profesionaliais patarimais<\/li>\n<\/ul>\n<p>Tuomet mums reikia <a href=\"https:\/\/kinfirm.com\/lt\/kontaktai\/\">pasikalb\u0117ti<\/a>!<\/p>\n\n                  <\/div>\n                              <\/div>\n            <\/div>\n\n          <\/div>\n\n        <\/div>\n\n      <\/div>\n\n    <\/section>\n    <\/div>\n  \n\n\n<div class=\"section-wrapper sm:mt-14 mt-5 pb-20\">\n      <section class=\"py-0 pb-10 px-4\" data-scroll-section>\n\n      <div class=\"relative overflow-hidden\">\n        <div class=\"container-large bg-gray-100 md:pl-4 pr-0 pl-0\">\n          <div class=\"grid lg:grid-cols-12 md:grid-cols-2 grid-cols-1 xl:gap-x-28 lg:gap-x-20 gap-x-10 items-center\">\n\n            <div class=\"order-none md:order-1 reverse__img h-full lg:col-span-5\">\n              <img loading=\"lazy\" decoding=\"async\" width=\"1200\" height=\"1200\" src=\"https:\/\/kinfirm.com\/app\/uploads\/2022\/05\/pic_04@2x.jpg\" class=\"control__cnv h-full w-full object-cover rounded-[20px] object-right-center\" alt=\"\" srcset=\"https:\/\/kinfirm.com\/app\/uploads\/2022\/05\/pic_04@2x.jpg 1200w, https:\/\/kinfirm.com\/app\/uploads\/2022\/05\/pic_04@2x-150x150@2x.jpg 300w, https:\/\/kinfirm.com\/app\/uploads\/2022\/05\/pic_04@2x-1024x1024.jpg 1024w, https:\/\/kinfirm.com\/app\/uploads\/2022\/05\/pic_04@2x-150x150.jpg 150w, https:\/\/kinfirm.com\/app\/uploads\/2022\/05\/pic_04@2x-300x300@2x.jpg 600w\" sizes=\"auto, (max-width: 1200px) 100vw, 1200px\" \/>\n            <\/div>\n\n            <div class=\"md:order-none order-1 reverse__text lg:col-span-7 p-6 py-10\">\n              <div class=\"lg:max-w-[480px] mx-auto\">\n                <h2 class=\"h text-gray-100 tracking-small lg:text-64px md:text-48px sm:text-32px text-24px sm:mb-8 mb-4\">\n                  <span class=\"slash\">\/<\/span>Jeigu j\u016bs:\n                <\/h2>\n                                  <div class=\"c prose md:prose-md tracking-small\">\n                    <ul>\n<li>Versl\u0105 valdote su \u201eExcel\u201d failais<\/li>\n<li>Vis dar neturite klient\u0173 savitarnos portalo<\/li>\n<li>Klient\u0173 u\u017esakymus priimate tik el. pa\u0161tu ar telefonu<\/li>\n<li>Duomenis dubliuojate rankomis per kelias sistemas<\/li>\n<\/ul>\n<p>Tuomet mums b\u016btinai reikia <a href=\"https:\/\/kinfirm.com\/lt\/kontaktai\/\">pasikalb\u0117ti<\/a>!<\/p>\n\n                  <\/div>\n                              <\/div>\n            <\/div>\n\n          <\/div>\n\n        <\/div>\n\n      <\/div>\n\n    <\/section>\n    <\/div>\n  \n","protected":false},"excerpt":{"rendered":"","protected":false},"author":1,"featured_media":0,"parent":0,"menu_order":0,"comment_status":"closed","ping_status":"closed","template":"page-blocks.blade.php","meta":{"_acf_changed":false,"inline_featured_image":false,"footnotes":""},"class_list":["post-3232","page","type-page","status-publish","hentry"],"acf":[],"yoast_head":"<!-- This site is optimized with the Yoast SEO plugin v26.9 - https:\/\/yoast.com\/product\/yoast-seo-wordpress\/ -->\n<title>Ie\u0161kantiems patikim\u0173 programuotoj\u0173 komandos \/Kinfirm<\/title>\n<meta name=\"description\" content=\"Programuojame informacines sistemas verslui, kuriame klient\u0173 savitarnos portalus, padedame valdyti u\u017esakymus.\" \/>\n<meta name=\"robots\" content=\"index, follow, max-snippet:-1, max-image-preview:large, max-video-preview:-1\" \/>\n<link rel=\"canonical\" href=\"https:\/\/kinfirm.com\/lt\/apie-jus\/\" \/>\n<meta property=\"og:locale\" content=\"lt_LT\" \/>\n<meta property=\"og:type\" content=\"article\" \/>\n<meta property=\"og:title\" content=\"Ie\u0161kantiems patikim\u0173 programuotoj\u0173 komandos \/Kinfirm\" \/>\n<meta property=\"og:description\" content=\"Programuojame informacines sistemas verslui, kuriame klient\u0173 savitarnos portalus, padedame valdyti u\u017esakymus.\" \/>\n<meta property=\"og:url\" content=\"https:\/\/kinfirm.com\/lt\/apie-jus\/\" \/>\n<meta property=\"og:site_name\" content=\"Kinfirm\" \/>\n<meta property=\"article:modified_time\" content=\"2026-02-08T15:16:59+00:00\" \/>\n<meta property=\"og:image\" content=\"https:\/\/kinfirm.com\/app\/uploads\/2022\/05\/kinfirm_og.jpg\" \/>\n\t<meta property=\"og:image:width\" content=\"1200\" \/>\n\t<meta property=\"og:image:height\" content=\"673\" \/>\n\t<meta property=\"og:image:type\" content=\"image\/jpeg\" \/>\n<meta name=\"twitter:card\" content=\"summary_large_image\" \/>\n<script type=\"application\/ld+json\" class=\"yoast-schema-graph\">{\"@context\":\"https:\/\/schema.org\",\"@graph\":[{\"@type\":\"WebPage\",\"@id\":\"https:\/\/kinfirm.com\/lt\/apie-jus\/\",\"url\":\"https:\/\/kinfirm.com\/lt\/apie-jus\/\",\"name\":\"Ie\u0161kantiems patikim\u0173 programuotoj\u0173 komandos \/Kinfirm\",\"isPartOf\":{\"@id\":\"https:\/\/kinfirm.com\/lt\/#website\"},\"datePublished\":\"2024-03-07T21:49:35+00:00\",\"dateModified\":\"2026-02-08T15:16:59+00:00\",\"description\":\"Programuojame informacines sistemas verslui, kuriame klient\u0173 savitarnos portalus, padedame valdyti u\u017esakymus.\",\"breadcrumb\":{\"@id\":\"https:\/\/kinfirm.com\/lt\/apie-jus\/#breadcrumb\"},\"inLanguage\":\"lt-LT\",\"potentialAction\":[{\"@type\":\"ReadAction\",\"target\":[\"https:\/\/kinfirm.com\/lt\/apie-jus\/\"]}]},{\"@type\":\"BreadcrumbList\",\"@id\":\"https:\/\/kinfirm.com\/lt\/apie-jus\/#breadcrumb\",\"itemListElement\":[{\"@type\":\"ListItem\",\"position\":1,\"name\":\"Home\",\"item\":\"https:\/\/kinfirm.com\/lt\/\"},{\"@type\":\"ListItem\",\"position\":2,\"name\":\"Apie jus\"}]},{\"@type\":\"WebSite\",\"@id\":\"https:\/\/kinfirm.com\/lt\/#website\",\"url\":\"https:\/\/kinfirm.com\/lt\/\",\"name\":\"Kinfirm\",\"description\":\"\",\"publisher\":{\"@id\":\"https:\/\/kinfirm.com\/lt\/#organization\"},\"potentialAction\":[{\"@type\":\"SearchAction\",\"target\":{\"@type\":\"EntryPoint\",\"urlTemplate\":\"https:\/\/kinfirm.com\/lt\/?s={search_term_string}\"},\"query-input\":{\"@type\":\"PropertyValueSpecification\",\"valueRequired\":true,\"valueName\":\"search_term_string\"}}],\"inLanguage\":\"lt-LT\"},{\"@type\":\"Organization\",\"@id\":\"https:\/\/kinfirm.com\/lt\/#organization\",\"name\":\"Kinfirm\",\"url\":\"https:\/\/kinfirm.com\/lt\/\",\"logo\":{\"@type\":\"ImageObject\",\"inLanguage\":\"lt-LT\",\"@id\":\"https:\/\/kinfirm.com\/lt\/#\/schema\/logo\/image\/\",\"url\":\"https:\/\/kinfirm.com\/app\/uploads\/2022\/05\/Kinfirm-logo.svg\",\"contentUrl\":\"https:\/\/kinfirm.com\/app\/uploads\/2022\/05\/Kinfirm-logo.svg\",\"width\":\"1024\",\"height\":\"1024\",\"caption\":\"Kinfirm\"},\"image\":{\"@id\":\"https:\/\/kinfirm.com\/lt\/#\/schema\/logo\/image\/\"}}]}<\/script>\n<!-- \/ Yoast SEO plugin. -->","yoast_head_json":{"title":"Ie\u0161kantiems patikim\u0173 programuotoj\u0173 komandos \/Kinfirm","description":"Programuojame informacines sistemas verslui, kuriame klient\u0173 savitarnos portalus, padedame valdyti u\u017esakymus.","robots":{"index":"index","follow":"follow","max-snippet":"max-snippet:-1","max-image-preview":"max-image-preview:large","max-video-preview":"max-video-preview:-1"},"canonical":"https:\/\/kinfirm.com\/lt\/apie-jus\/","og_locale":"lt_LT","og_type":"article","og_title":"Ie\u0161kantiems patikim\u0173 programuotoj\u0173 komandos \/Kinfirm","og_description":"Programuojame informacines sistemas verslui, kuriame klient\u0173 savitarnos portalus, padedame valdyti u\u017esakymus.","og_url":"https:\/\/kinfirm.com\/lt\/apie-jus\/","og_site_name":"Kinfirm","article_modified_time":"2026-02-08T15:16:59+00:00","og_image":[{"width":1200,"height":673,"url":"https:\/\/kinfirm.com\/app\/uploads\/2022\/05\/kinfirm_og.jpg","type":"image\/jpeg"}],"twitter_card":"summary_large_image","schema":{"@context":"https:\/\/schema.org","@graph":[{"@type":"WebPage","@id":"https:\/\/kinfirm.com\/lt\/apie-jus\/","url":"https:\/\/kinfirm.com\/lt\/apie-jus\/","name":"Ie\u0161kantiems patikim\u0173 programuotoj\u0173 komandos \/Kinfirm","isPartOf":{"@id":"https:\/\/kinfirm.com\/lt\/#website"},"datePublished":"2024-03-07T21:49:35+00:00","dateModified":"2026-02-08T15:16:59+00:00","description":"Programuojame informacines sistemas verslui, kuriame klient\u0173 savitarnos portalus, padedame valdyti u\u017esakymus.","breadcrumb":{"@id":"https:\/\/kinfirm.com\/lt\/apie-jus\/#breadcrumb"},"inLanguage":"lt-LT","potentialAction":[{"@type":"ReadAction","target":["https:\/\/kinfirm.com\/lt\/apie-jus\/"]}]},{"@type":"BreadcrumbList","@id":"https:\/\/kinfirm.com\/lt\/apie-jus\/#breadcrumb","itemListElement":[{"@type":"ListItem","position":1,"name":"Home","item":"https:\/\/kinfirm.com\/lt\/"},{"@type":"ListItem","position":2,"name":"Apie jus"}]},{"@type":"WebSite","@id":"https:\/\/kinfirm.com\/lt\/#website","url":"https:\/\/kinfirm.com\/lt\/","name":"Kinfirm","description":"","publisher":{"@id":"https:\/\/kinfirm.com\/lt\/#organization"},"potentialAction":[{"@type":"SearchAction","target":{"@type":"EntryPoint","urlTemplate":"https:\/\/kinfirm.com\/lt\/?s={search_term_string}"},"query-input":{"@type":"PropertyValueSpecification","valueRequired":true,"valueName":"search_term_string"}}],"inLanguage":"lt-LT"},{"@type":"Organization","@id":"https:\/\/kinfirm.com\/lt\/#organization","name":"Kinfirm","url":"https:\/\/kinfirm.com\/lt\/","logo":{"@type":"ImageObject","inLanguage":"lt-LT","@id":"https:\/\/kinfirm.com\/lt\/#\/schema\/logo\/image\/","url":"https:\/\/kinfirm.com\/app\/uploads\/2022\/05\/Kinfirm-logo.svg","contentUrl":"https:\/\/kinfirm.com\/app\/uploads\/2022\/05\/Kinfirm-logo.svg","width":"1024","height":"1024","caption":"Kinfirm"},"image":{"@id":"https:\/\/kinfirm.com\/lt\/#\/schema\/logo\/image\/"}}]}},"_links":{"self":[{"href":"https:\/\/kinfirm.com\/lt\/wp-json\/wp\/v2\/pages\/3232","targetHints":{"allow":["GET"]}}],"collection":[{"href":"https:\/\/kinfirm.com\/lt\/wp-json\/wp\/v2\/pages"}],"about":[{"href":"https:\/\/kinfirm.com\/lt\/wp-json\/wp\/v2\/types\/page"}],"author":[{"embeddable":true,"href":"https:\/\/kinfirm.com\/lt\/wp-json\/wp\/v2\/users\/1"}],"replies":[{"embeddable":true,"href":"https:\/\/kinfirm.com\/lt\/wp-json\/wp\/v2\/comments?post=3232"}],"version-history":[{"count":5,"href":"https:\/\/kinfirm.com\/lt\/wp-json\/wp\/v2\/pages\/3232\/revisions"}],"predecessor-version":[{"id":3940,"href":"https:\/\/kinfirm.com\/lt\/wp-json\/wp\/v2\/pages\/3232\/revisions\/3940"}],"wp:attachment":[{"href":"https:\/\/kinfirm.com\/lt\/wp-json\/wp\/v2\/media?parent=3232"}],"curies":[{"name":"wp","href":"https:\/\/api.w.org\/{rel}","templated":true}]}}