{"id":323,"date":"2022-05-25T22:09:07","date_gmt":"2022-05-25T22:09:07","guid":{"rendered":"https:\/\/kinfirm.com\/?page_id=323"},"modified":"2024-03-14T00:03:44","modified_gmt":"2024-03-13T22:03:44","slug":"wordpress","status":"publish","type":"page","link":"https:\/\/kinfirm.com\/lt\/programavimo-paslaugos\/wordpress\/","title":{"rendered":"WordPress"},"content":{"rendered":"<div class=\"section-wrapper \">\n    <section class=\" sm:pt-[190px] pt-[120px] flex flex-col justify-center\">\n    <div class=\"container\">\n      <div class=\"border-b border-solid border-gray-40 sm:pb-[120px] pb-[50px]\">\n                  <h1 class=\"tracking-small lg:text-96px md:text-64px text-40px text-white\"><span class=\"slash\">\/<\/span>Programavimo paslaugos su WordPress\n          <\/h1>\n                          <div class=\"prose tracking-small text-white md:text-32px sm:text-24px md:mt-8 mt-6\">\n            <p>Kuriame interneto svetaines, elektronines parduotuves naudodami populiariausi\u0105 pasaulyje turinio valdymo sistem\u0105 WordPress.<\/p>\n\n          <\/div>\n                              <\/div>\n    <\/div>\n  <\/section>\n  <\/div>\n\n\n<div class=\"section-wrapper pt-20\">\n    <section class=\"md:py-8 py-6 px-4\" data-scroll-section>\n      <div class=\" container \">\n        <div\n          class=\"grid md:grid-cols-2 grid-cols-1 gap-x-10 md:gap-y-6 lg:gap-x-24 items-center justify-between\">\n          <div\n            class=\"md:order-2 order-1 p-6 py-10  md:py-16 mx-auto\">\n            <h2 class=\"h text-white tracking-small lg:text-48p  x md:text-48px sm:text-32px text-24px md:mb-8 mb-6\">\n              <span class=\"slash\">\/<\/span>WordPress programavimo standartai\n            <\/h2>\n                          <div class=\"c prose md:prose-md tracking-small text-white\">\n                <p>Norint, kad svetain\u0117, sukurta su WordPress b\u016bt\u0173 saugi, patikima ir kokybi\u0161ka, labai svarbu laikytis ger\u0173j\u0173 WordPress programavimo praktik\u0173 bei naudoti kuo ma\u017eiau ir tik patikim\u0173 \u012fskiepi\u0173.<\/p>\n\n              <\/div>\n                      <\/div>\n\n          <div class=\"w-full order-none md:order-1 h-full flex items-center\">\n            <img loading=\"lazy\" decoding=\"async\" width=\"1200\" height=\"1200\" src=\"https:\/\/kinfirm.com\/app\/uploads\/2022\/05\/pic_04@2x.jpg\" class=\"w-full rounded-[20px]\" alt=\"\" srcset=\"https:\/\/kinfirm.com\/app\/uploads\/2022\/05\/pic_04@2x.jpg 1200w, https:\/\/kinfirm.com\/app\/uploads\/2022\/05\/pic_04@2x-150x150@2x.jpg 300w, https:\/\/kinfirm.com\/app\/uploads\/2022\/05\/pic_04@2x-1024x1024.jpg 1024w, https:\/\/kinfirm.com\/app\/uploads\/2022\/05\/pic_04@2x-150x150.jpg 150w, https:\/\/kinfirm.com\/app\/uploads\/2022\/05\/pic_04@2x-300x300@2x.jpg 600w\" sizes=\"auto, (max-width: 1200px) 100vw, 1200px\" \/>\n          <\/div>\n        <\/div>\n      <\/div>\n    <\/section>\n  <\/div>\n\n\n\n<div class=\"section-wrapper sm:mt-14 mt-5 \">\n      <section class=\"py-0 pb-10 px-4\" data-scroll-section>\n\n      <div class=\"relative overflow-hidden\">\n        <div class=\"container-large bg-gray-100 md:pl-4 pr-0 pl-0\">\n          <div class=\"grid lg:grid-cols-12 md:grid-cols-2 grid-cols-1 xl:gap-x-28 lg:gap-x-20 gap-x-10 items-center\">\n\n            <div class=\"order-none md:order-1 reverse__img h-full lg:col-span-5\">\n              <img loading=\"lazy\" decoding=\"async\" width=\"1200\" height=\"1200\" src=\"https:\/\/kinfirm.com\/app\/uploads\/2022\/05\/pic_04@2x.jpg\" class=\"control__cnv h-full w-full object-cover rounded-[20px] object-right-center\" alt=\"\" srcset=\"https:\/\/kinfirm.com\/app\/uploads\/2022\/05\/pic_04@2x.jpg 1200w, https:\/\/kinfirm.com\/app\/uploads\/2022\/05\/pic_04@2x-150x150@2x.jpg 300w, https:\/\/kinfirm.com\/app\/uploads\/2022\/05\/pic_04@2x-1024x1024.jpg 1024w, https:\/\/kinfirm.com\/app\/uploads\/2022\/05\/pic_04@2x-150x150.jpg 150w, https:\/\/kinfirm.com\/app\/uploads\/2022\/05\/pic_04@2x-300x300@2x.jpg 600w\" sizes=\"auto, (max-width: 1200px) 100vw, 1200px\" \/>\n            <\/div>\n\n            <div class=\"md:order-none order-1 reverse__text lg:col-span-7 p-6 py-10\">\n              <div class=\"lg:max-w-[480px] mx-auto\">\n                <h2 class=\"h text-gray-100 tracking-small lg:text-64px md:text-48px sm:text-32px text-24px sm:mb-8 mb-4\">\n                  <span class=\"slash\">\/<\/span>WordPress privalumai\n                <\/h2>\n                                  <div class=\"c prose md:prose-md tracking-small\">\n                    <ul>\n<li>Nuolatos atnaujinama sistema<\/li>\n<li>Didel\u0117 programuotoj\u0173 bendruomen\u0117<\/li>\n<li>Patogus ir paprastas turinio administravimas<\/li>\n<li>Didel\u0117s funkcionalumo galimyb\u0117s<\/li>\n<li>Draugi\u0161ka paie\u0161kos sistemoms<\/li>\n<\/ul>\n\n                  <\/div>\n                              <\/div>\n            <\/div>\n\n          <\/div>\n\n        <\/div>\n\n      <\/div>\n\n    <\/section>\n    <\/div>\n  \n\n\n<div class=\"section-wrapper pt-20\">\n    <section class=\"sm:py-12 py-6\" data-scroll-section>\n    <div class=\"container\">\n              <h2 class=\"lg:pb-16 md:pb-10 pb-6 text-white tracking-small lg:text-64px md:text-48px sm:text-32px text-24px\">\n          <span class=\"slash\">\/<\/span>Modern\u016bs WordPress <br \/>\r\nprogramavimo sprendimai\n        <\/h2>\n      \n      <div class=\"tools\">\n\n        \n                    <a href=\"https:\/\/kinfirm.com\/lt\/programavimo-paslaugos\/wordpress\/bedrock\/\" >\n                      <div class=\"tools__box\">\n                              <div class=\"sm:mb-6 mb-4\">\n                  <img decoding=\"async\" src=\"https:\/\/kinfirm.com\/app\/uploads\/2024\/03\/bedrock-light.svg\" class=\"light\" alt=\"\">\n                  <img decoding=\"async\" src=\"https:\/\/kinfirm.com\/app\/uploads\/2024\/03\/bedrock-dark.svg\" class=\"dark\" alt=\"\">\n                <\/div>\n                                            <div class=\"prose md:prose-md tracking-small\">\n                  <h3>Bedrock<\/h3>\n<p>\u0160ablonas, skirtas moderniai WordPress strukt\u016brai, konfig\u016bracijai bei prapl\u0117stai integracijai su Git.<\/p>\n\n                <\/div>\n                          <\/div>\n                  <\/a>\n                \n                    <a href=\"https:\/\/kinfirm.com\/lt\/programavimo-paslaugos\/wordpress\/sage\/\" >\n                      <div class=\"tools__box\">\n                              <div class=\"sm:mb-6 mb-4\">\n                  <img decoding=\"async\" src=\"https:\/\/kinfirm.com\/app\/uploads\/2024\/03\/sage-light.svg\" class=\"light\" alt=\"\">\n                  <img decoding=\"async\" src=\"https:\/\/kinfirm.com\/app\/uploads\/2024\/03\/sage-dark.svg\" class=\"dark\" alt=\"\">\n                <\/div>\n                                            <div class=\"prose md:prose-md tracking-small\">\n                  <h3>Sage<\/h3>\n<p>I\u0161pl\u0117stin\u0117 WordPress tema su integruota \u201eTailwind CSS\u201c biblioteka ir Laravel Blade.<\/p>\n\n                <\/div>\n                          <\/div>\n                  <\/a>\n                \n      <\/div>\n\n    <\/div>\n  <\/section>\n  <\/div>\n\n\n<div class=\"section-wrapper \">\n    <section class=\"lg:py-24 md:py-12 py-6\" data-scroll-section>\n    <div class=\"container\">\n      <h2 class=\"lg:pb-16 md:pb-10 pb-6 text-white tracking-small lg:text-64px md:text-48px sm:text-32px text-24px\">\n        <span class=\"slash\">\/<\/span>Pasikalb\u0117kime apie <br \/>\r\nJ\u016bs\u0173 projekt\u0105\n      <\/h2>\n\n      <div class=\"btn-gray__group\">\n\n                          <a href=\"https:\/\/kinfirm.com\/lt\/kontaktai\/\" class=\"btn-gray__link\">\n                    <div class=\"btn-gray__title\">\n              Kontaktai\n            <\/div>\n                  <\/a>\n                \n      <\/div>\n\n    <\/div>\n  <\/section>\n  <\/div>\n","protected":false},"excerpt":{"rendered":"","protected":false},"author":1,"featured_media":0,"parent":25,"menu_order":0,"comment_status":"closed","ping_status":"closed","template":"page-blocks.blade.php","meta":{"_acf_changed":false,"inline_featured_image":false,"footnotes":""},"class_list":["post-323","page","type-page","status-publish","hentry"],"acf":[],"yoast_head":"<!-- This site is optimized with the Yoast SEO plugin v26.9 - https:\/\/yoast.com\/product\/yoast-seo-wordpress\/ -->\n<title>WordPress programavimo paslaugos \/Kinfirm<\/title>\n<meta name=\"description\" content=\"Interneto svetaini\u0173 ir elektronini\u0173 parduotuvi\u0173 k\u016brimas su WordPress. Atliekame programavimo bei prie\u017ei\u016bros darbus.\" \/>\n<meta name=\"robots\" content=\"index, follow, max-snippet:-1, max-image-preview:large, max-video-preview:-1\" \/>\n<link rel=\"canonical\" href=\"https:\/\/kinfirm.com\/lt\/programavimo-paslaugos\/wordpress\/\" \/>\n<meta property=\"og:locale\" content=\"lt_LT\" \/>\n<meta property=\"og:type\" content=\"article\" \/>\n<meta property=\"og:title\" content=\"WordPress programavimo paslaugos \/Kinfirm\" \/>\n<meta property=\"og:description\" content=\"Interneto svetaini\u0173 ir elektronini\u0173 parduotuvi\u0173 k\u016brimas su WordPress. Atliekame programavimo bei prie\u017ei\u016bros darbus.\" \/>\n<meta property=\"og:url\" content=\"https:\/\/kinfirm.com\/lt\/programavimo-paslaugos\/wordpress\/\" \/>\n<meta property=\"og:site_name\" content=\"Kinfirm\" \/>\n<meta property=\"article:modified_time\" content=\"2024-03-13T22:03:44+00:00\" \/>\n<meta property=\"og:image\" content=\"https:\/\/kinfirm.com\/app\/uploads\/2022\/05\/kinfirm_og.jpg\" \/>\n\t<meta property=\"og:image:width\" content=\"1200\" \/>\n\t<meta property=\"og:image:height\" content=\"673\" \/>\n\t<meta property=\"og:image:type\" content=\"image\/jpeg\" \/>\n<meta name=\"twitter:card\" content=\"summary_large_image\" \/>\n<script type=\"application\/ld+json\" class=\"yoast-schema-graph\">{\"@context\":\"https:\/\/schema.org\",\"@graph\":[{\"@type\":\"WebPage\",\"@id\":\"https:\/\/kinfirm.com\/lt\/programavimo-paslaugos\/wordpress\/\",\"url\":\"https:\/\/kinfirm.com\/lt\/programavimo-paslaugos\/wordpress\/\",\"name\":\"WordPress programavimo paslaugos \/Kinfirm\",\"isPartOf\":{\"@id\":\"https:\/\/kinfirm.com\/lt\/#website\"},\"datePublished\":\"2022-05-25T22:09:07+00:00\",\"dateModified\":\"2024-03-13T22:03:44+00:00\",\"description\":\"Interneto svetaini\u0173 ir elektronini\u0173 parduotuvi\u0173 k\u016brimas su WordPress. Atliekame programavimo bei prie\u017ei\u016bros darbus.\",\"breadcrumb\":{\"@id\":\"https:\/\/kinfirm.com\/lt\/programavimo-paslaugos\/wordpress\/#breadcrumb\"},\"inLanguage\":\"lt-LT\",\"potentialAction\":[{\"@type\":\"ReadAction\",\"target\":[\"https:\/\/kinfirm.com\/lt\/programavimo-paslaugos\/wordpress\/\"]}]},{\"@type\":\"BreadcrumbList\",\"@id\":\"https:\/\/kinfirm.com\/lt\/programavimo-paslaugos\/wordpress\/#breadcrumb\",\"itemListElement\":[{\"@type\":\"ListItem\",\"position\":1,\"name\":\"Home\",\"item\":\"https:\/\/kinfirm.com\/lt\/\"},{\"@type\":\"ListItem\",\"position\":2,\"name\":\"Programavimas\",\"item\":\"https:\/\/kinfirm.com\/lt\/programavimo-paslaugos\/\"},{\"@type\":\"ListItem\",\"position\":3,\"name\":\"WordPress\"}]},{\"@type\":\"WebSite\",\"@id\":\"https:\/\/kinfirm.com\/lt\/#website\",\"url\":\"https:\/\/kinfirm.com\/lt\/\",\"name\":\"Kinfirm\",\"description\":\"\",\"publisher\":{\"@id\":\"https:\/\/kinfirm.com\/lt\/#organization\"},\"potentialAction\":[{\"@type\":\"SearchAction\",\"target\":{\"@type\":\"EntryPoint\",\"urlTemplate\":\"https:\/\/kinfirm.com\/lt\/?s={search_term_string}\"},\"query-input\":{\"@type\":\"PropertyValueSpecification\",\"valueRequired\":true,\"valueName\":\"search_term_string\"}}],\"inLanguage\":\"lt-LT\"},{\"@type\":\"Organization\",\"@id\":\"https:\/\/kinfirm.com\/lt\/#organization\",\"name\":\"Kinfirm\",\"url\":\"https:\/\/kinfirm.com\/lt\/\",\"logo\":{\"@type\":\"ImageObject\",\"inLanguage\":\"lt-LT\",\"@id\":\"https:\/\/kinfirm.com\/lt\/#\/schema\/logo\/image\/\",\"url\":\"https:\/\/kinfirm.com\/app\/uploads\/2022\/05\/Kinfirm-logo.svg\",\"contentUrl\":\"https:\/\/kinfirm.com\/app\/uploads\/2022\/05\/Kinfirm-logo.svg\",\"width\":\"1024\",\"height\":\"1024\",\"caption\":\"Kinfirm\"},\"image\":{\"@id\":\"https:\/\/kinfirm.com\/lt\/#\/schema\/logo\/image\/\"}}]}<\/script>\n<!-- \/ Yoast SEO plugin. -->","yoast_head_json":{"title":"WordPress programavimo paslaugos \/Kinfirm","description":"Interneto svetaini\u0173 ir elektronini\u0173 parduotuvi\u0173 k\u016brimas su WordPress. Atliekame programavimo bei prie\u017ei\u016bros darbus.","robots":{"index":"index","follow":"follow","max-snippet":"max-snippet:-1","max-image-preview":"max-image-preview:large","max-video-preview":"max-video-preview:-1"},"canonical":"https:\/\/kinfirm.com\/lt\/programavimo-paslaugos\/wordpress\/","og_locale":"lt_LT","og_type":"article","og_title":"WordPress programavimo paslaugos \/Kinfirm","og_description":"Interneto svetaini\u0173 ir elektronini\u0173 parduotuvi\u0173 k\u016brimas su WordPress. Atliekame programavimo bei prie\u017ei\u016bros darbus.","og_url":"https:\/\/kinfirm.com\/lt\/programavimo-paslaugos\/wordpress\/","og_site_name":"Kinfirm","article_modified_time":"2024-03-13T22:03:44+00:00","og_image":[{"width":1200,"height":673,"url":"https:\/\/kinfirm.com\/app\/uploads\/2022\/05\/kinfirm_og.jpg","type":"image\/jpeg"}],"twitter_card":"summary_large_image","schema":{"@context":"https:\/\/schema.org","@graph":[{"@type":"WebPage","@id":"https:\/\/kinfirm.com\/lt\/programavimo-paslaugos\/wordpress\/","url":"https:\/\/kinfirm.com\/lt\/programavimo-paslaugos\/wordpress\/","name":"WordPress programavimo paslaugos \/Kinfirm","isPartOf":{"@id":"https:\/\/kinfirm.com\/lt\/#website"},"datePublished":"2022-05-25T22:09:07+00:00","dateModified":"2024-03-13T22:03:44+00:00","description":"Interneto svetaini\u0173 ir elektronini\u0173 parduotuvi\u0173 k\u016brimas su WordPress. Atliekame programavimo bei prie\u017ei\u016bros darbus.","breadcrumb":{"@id":"https:\/\/kinfirm.com\/lt\/programavimo-paslaugos\/wordpress\/#breadcrumb"},"inLanguage":"lt-LT","potentialAction":[{"@type":"ReadAction","target":["https:\/\/kinfirm.com\/lt\/programavimo-paslaugos\/wordpress\/"]}]},{"@type":"BreadcrumbList","@id":"https:\/\/kinfirm.com\/lt\/programavimo-paslaugos\/wordpress\/#breadcrumb","itemListElement":[{"@type":"ListItem","position":1,"name":"Home","item":"https:\/\/kinfirm.com\/lt\/"},{"@type":"ListItem","position":2,"name":"Programavimas","item":"https:\/\/kinfirm.com\/lt\/programavimo-paslaugos\/"},{"@type":"ListItem","position":3,"name":"WordPress"}]},{"@type":"WebSite","@id":"https:\/\/kinfirm.com\/lt\/#website","url":"https:\/\/kinfirm.com\/lt\/","name":"Kinfirm","description":"","publisher":{"@id":"https:\/\/kinfirm.com\/lt\/#organization"},"potentialAction":[{"@type":"SearchAction","target":{"@type":"EntryPoint","urlTemplate":"https:\/\/kinfirm.com\/lt\/?s={search_term_string}"},"query-input":{"@type":"PropertyValueSpecification","valueRequired":true,"valueName":"search_term_string"}}],"inLanguage":"lt-LT"},{"@type":"Organization","@id":"https:\/\/kinfirm.com\/lt\/#organization","name":"Kinfirm","url":"https:\/\/kinfirm.com\/lt\/","logo":{"@type":"ImageObject","inLanguage":"lt-LT","@id":"https:\/\/kinfirm.com\/lt\/#\/schema\/logo\/image\/","url":"https:\/\/kinfirm.com\/app\/uploads\/2022\/05\/Kinfirm-logo.svg","contentUrl":"https:\/\/kinfirm.com\/app\/uploads\/2022\/05\/Kinfirm-logo.svg","width":"1024","height":"1024","caption":"Kinfirm"},"image":{"@id":"https:\/\/kinfirm.com\/lt\/#\/schema\/logo\/image\/"}}]}},"_links":{"self":[{"href":"https:\/\/kinfirm.com\/lt\/wp-json\/wp\/v2\/pages\/323","targetHints":{"allow":["GET"]}}],"collection":[{"href":"https:\/\/kinfirm.com\/lt\/wp-json\/wp\/v2\/pages"}],"about":[{"href":"https:\/\/kinfirm.com\/lt\/wp-json\/wp\/v2\/types\/page"}],"author":[{"embeddable":true,"href":"https:\/\/kinfirm.com\/lt\/wp-json\/wp\/v2\/users\/1"}],"replies":[{"embeddable":true,"href":"https:\/\/kinfirm.com\/lt\/wp-json\/wp\/v2\/comments?post=323"}],"version-history":[{"count":5,"href":"https:\/\/kinfirm.com\/lt\/wp-json\/wp\/v2\/pages\/323\/revisions"}],"predecessor-version":[{"id":3433,"href":"https:\/\/kinfirm.com\/lt\/wp-json\/wp\/v2\/pages\/323\/revisions\/3433"}],"up":[{"embeddable":true,"href":"https:\/\/kinfirm.com\/lt\/wp-json\/wp\/v2\/pages\/25"}],"wp:attachment":[{"href":"https:\/\/kinfirm.com\/lt\/wp-json\/wp\/v2\/media?parent=323"}],"curies":[{"name":"wp","href":"https:\/\/api.w.org\/{rel}","templated":true}]}}