{"id":3,"date":"2022-05-08T13:11:49","date_gmt":"2022-05-08T13:11:49","guid":{"rendered":"https:\/\/kinfirm.com\/?page_id=3"},"modified":"2024-03-07T23:12:04","modified_gmt":"2024-03-07T21:12:04","slug":"privatumo-politika","status":"publish","type":"page","link":"https:\/\/kinfirm.com\/lt\/privatumo-politika\/","title":{"rendered":"Privatumo politika"},"content":{"rendered":"\n<ol class=\"wp-block-list\"><li><strong>Bendrosios nuostatos<\/strong><\/li><\/ol>\n\n\n\n<p>1.1 \u0160i privatumo politika reglamentuoja UAB \u201eArtme\u201c interneto svetain\u0117s www.kinfirm.com (toliau \u2013 svetain\u0117s) ir kliento (toliau \u2013 J\u016bs, J\u016bs\u0173) pagrindinius asmens duomen\u0173 rinkimo, tvarkymo ir saugojimo principus bei tvark\u0105.<\/p>\n\n\n\n<p>1.2 J\u016bs\u0173 asmens duomen\u0173 rinkim\u0105, tvarkym\u0105 ir saugojim\u0105 nustato \u0161i privatumo politika, Lietuvos Respublikos Asmens duomen\u0173 teisin\u0117s apsaugos \u012fstatymas ir kiti teis\u0117s aktai.<\/p>\n\n\n\n<p>1.3 Svetain\u0117je nurodydami savo asmens duomenis, sutinkate, kad www.kinfirm.com juos valdys ir tvarkys \u0161ioje privatumo politikoje bei teis\u0117s aktuose numatytais tikslais, priemon\u0117mis ir tvarka.<\/p>\n\n\n\n<ol class=\"wp-block-list\" start=\"2\"><li><strong>Asmens duomen\u0173 rinkimas, tvarkymas, saugojimas<\/strong><\/li><\/ol>\n\n\n\n<p>2.1 www.kinfirm.com vadovaujasi \u0161iais pagrindiniais asmens duomen\u0173 tvarkymo principais:<\/p>\n\n\n\n<p>2.1.1 Asmens duomenys renkami apibr\u0117\u017etais ir teis\u0117tais tikslais.<\/p>\n\n\n\n<p>2.1.2 Asmens duomenys tvarkomi tiksliai ir s\u0105\u017einingai.<\/p>\n\n\n\n<p>2.1.3 Asmens duomenys nuolat atnaujinami.<\/p>\n\n\n\n<p>2.1.4 Asmens duomenys saugojami ne ilgiau, nei to reikalauja nustatyti duomen\u0173 tvarkymo tikslai.<\/p>\n\n\n\n<p>2.1.5 Asmens duomenis tvarko tik tie darbuotojai, kuriems suteikta tokia teis\u0117.<\/p>\n\n\n\n<p>2.1.6 Visa informacija apie tvarkomus asmens duomenis yra konfidenciali.<\/p>\n\n\n\n<p>2.2 &nbsp;www.kinfirm.com&nbsp;gerbia kiekvieno J\u016bs\u0173 teis\u0119 \u012f privatum\u0105. J\u016bs\u0173 asmens duomenys (vardas, pavard\u0117, am\u017eiaus grup\u0117, adresas, telefono numeris, elektroninio pa\u0161to adresas ir kita interneto svetain\u0117s formose nurodyta informacija) renkami ir tvarkomi \u0161iems tikslams:<\/p>\n\n\n\n<p>2.2.1 apdoroti J\u016bs\u0173 u\u017eklausas;<\/p>\n\n\n\n<p>2.2.2 i\u0161ra\u0161yti finansinius dokumentus (pvz., s\u0105skaitas fakt\u016bras);<\/p>\n\n\n\n<p>2.2.3 spr\u0119sti problemas, susijusias su paslaug\u0173 suteikimu;<\/p>\n\n\n\n<p>2.2.4 vykdyti kitus sutartinius \u012fsipareigojimus;<\/p>\n\n\n\n<ol class=\"wp-block-list\" start=\"3\"><li><strong>Asmens duomen\u0173 perdavimas tre\u010diosioms \u0161alims<\/strong><\/li><\/ol>\n\n\n\n<p>3.1 Mes turime teis\u0119 perduoti informacij\u0105 tre\u010dioms \u0161alims, tik punkto 2.2 tikslams pasiekti.<\/p>\n\n\n\n<p>3.2 Tik Lietuvos Respublikos \u012fstatym\u0173 nustatyta tvarka.<\/p>\n\n\n\n<ol class=\"wp-block-list\" start=\"4\"><li><strong>Registracijos pateikimo taisykl\u0117<\/strong><strong>s<\/strong><\/li><\/ol>\n\n\n\n<p>4.1 Pildydami registracijos \/ u\u017eklausos formas, J\u016bs \u012fsipareigojate pateikti tik tikslius\/teisingus savo duomenis.<\/p>\n\n\n\n<ol class=\"wp-block-list\" start=\"5\"><li><strong>Asmens duomen\u0173 pakeitimas ar atnaujinimas<\/strong><\/li><\/ol>\n\n\n\n<p>5.1 J\u016bs turite teis\u0119 bet kada keisti ir\/ar atnaujinti registracijos formoje pateikt\u0105 informacij\u0105 prane\u0161damas apie tai el.pa\u0161to adresu info@kinfirm.com.<\/p>\n\n\n\n<ol class=\"wp-block-list\" start=\"6\"><li><strong>Slapukai (angl. cookies)<\/strong><\/li><\/ol>\n\n\n\n<p>6.1 M\u016bs\u0173 interneto svetain\u0117je naudojami tik b\u016btinieji slapukai.<\/p>\n\n\n\n<ol class=\"wp-block-list\" start=\"7\"><li><strong>Taisykli\u0173 keitimas<\/strong><strong>&nbsp;ir baigiamosios nuostatos<\/strong><\/li><\/ol>\n\n\n\n<p>7.1 www.kinfirm.com turi teis\u0119 i\u0161 dalies ar visi\u0161kai pakeisti Privatumo s\u0105lygas apie tai prane\u0161dami e-parduotuv\u0117je. Tolimesnis naudojimasis m\u016bs\u0173 tinklapio paslaugomis rei\u0161kia \u0161i\u0173 taisykli\u0173 laikym\u0105si. Visi i\u0161kil\u0119 nesutarimai ir gin\u010dai sprend\u017eiami deryb\u0173 b\u016bdu. Nepavykus susitarti, gin\u010dai sprend\u017eiami pagal LR \u012fstatymus.<\/p>\n\n\n\n<p>Jeigu turite klausim\u0173 ar pasi\u016blym\u0173, ra\u0161ykite mums info@kinfirm.com.<\/p>\n","protected":false},"excerpt":{"rendered":"<p>Bendrosios nuostatos 1.1 \u0160i privatumo politika reglamentuoja UAB \u201eArtme\u201c interneto svetain\u0117s www.kinfirm.com (toliau \u2013 svetain\u0117s) ir kliento (toliau \u2013 J\u016bs, J\u016bs\u0173) pagrindinius asmens duomen\u0173 rinkimo, tvarkymo ir saugojimo principus bei tvark\u0105. 1.2 J\u016bs\u0173 asmens duomen\u0173 rinkim\u0105, tvarkym\u0105 ir saugojim\u0105 nustato \u0161i privatumo politika, Lietuvos Respublikos Asmens duomen\u0173 teisin\u0117s apsaugos \u012fstatymas ir kiti teis\u0117s aktai. 1.3 &hellip; <a href=\"https:\/\/kinfirm.com\/lt\/privatumo-politika\/\">Continued<\/a><\/p>\n","protected":false},"author":1,"featured_media":0,"parent":0,"menu_order":10,"comment_status":"closed","ping_status":"open","template":"","meta":{"_acf_changed":false,"inline_featured_image":false,"footnotes":""},"class_list":["post-3","page","type-page","status-publish","hentry"],"acf":[],"yoast_head":"<!-- This site is optimized with the Yoast SEO plugin v26.9 - https:\/\/yoast.com\/product\/yoast-seo-wordpress\/ -->\n<title>Privatumo politika - Kinfirm<\/title>\n<meta name=\"robots\" content=\"index, follow, max-snippet:-1, max-image-preview:large, max-video-preview:-1\" \/>\n<link rel=\"canonical\" href=\"https:\/\/kinfirm.com\/lt\/privatumo-politika\/\" \/>\n<meta property=\"og:locale\" content=\"lt_LT\" \/>\n<meta property=\"og:type\" content=\"article\" \/>\n<meta property=\"og:title\" content=\"Privatumo politika - Kinfirm\" \/>\n<meta property=\"og:description\" content=\"Bendrosios nuostatos 1.1 \u0160i privatumo politika reglamentuoja UAB \u201eArtme\u201c interneto svetain\u0117s www.kinfirm.com (toliau \u2013 svetain\u0117s) ir kliento (toliau \u2013 J\u016bs, J\u016bs\u0173) pagrindinius asmens duomen\u0173 rinkimo, tvarkymo ir saugojimo principus bei tvark\u0105. 1.2 J\u016bs\u0173 asmens duomen\u0173 rinkim\u0105, tvarkym\u0105 ir saugojim\u0105 nustato \u0161i privatumo politika, Lietuvos Respublikos Asmens duomen\u0173 teisin\u0117s apsaugos \u012fstatymas ir kiti teis\u0117s aktai. 1.3 &hellip; Continued\" \/>\n<meta property=\"og:url\" content=\"https:\/\/kinfirm.com\/lt\/privatumo-politika\/\" \/>\n<meta property=\"og:site_name\" content=\"Kinfirm\" \/>\n<meta property=\"article:modified_time\" content=\"2024-03-07T21:12:04+00:00\" \/>\n<meta property=\"og:image\" content=\"https:\/\/kinfirm.com\/app\/uploads\/2022\/05\/kinfirm_og.jpg\" \/>\n\t<meta property=\"og:image:width\" content=\"1200\" \/>\n\t<meta property=\"og:image:height\" content=\"673\" \/>\n\t<meta property=\"og:image:type\" content=\"image\/jpeg\" \/>\n<meta name=\"twitter:card\" content=\"summary_large_image\" \/>\n<meta name=\"twitter:label1\" content=\"Est. reading time\" \/>\n\t<meta name=\"twitter:data1\" content=\"2 minutes\" \/>\n<script type=\"application\/ld+json\" class=\"yoast-schema-graph\">{\"@context\":\"https:\/\/schema.org\",\"@graph\":[{\"@type\":\"WebPage\",\"@id\":\"https:\/\/kinfirm.com\/lt\/privatumo-politika\/\",\"url\":\"https:\/\/kinfirm.com\/lt\/privatumo-politika\/\",\"name\":\"Privatumo politika - Kinfirm\",\"isPartOf\":{\"@id\":\"https:\/\/kinfirm.com\/lt\/#website\"},\"datePublished\":\"2022-05-08T13:11:49+00:00\",\"dateModified\":\"2024-03-07T21:12:04+00:00\",\"breadcrumb\":{\"@id\":\"https:\/\/kinfirm.com\/lt\/privatumo-politika\/#breadcrumb\"},\"inLanguage\":\"lt-LT\",\"potentialAction\":[{\"@type\":\"ReadAction\",\"target\":[\"https:\/\/kinfirm.com\/lt\/privatumo-politika\/\"]}]},{\"@type\":\"BreadcrumbList\",\"@id\":\"https:\/\/kinfirm.com\/lt\/privatumo-politika\/#breadcrumb\",\"itemListElement\":[{\"@type\":\"ListItem\",\"position\":1,\"name\":\"Home\",\"item\":\"https:\/\/kinfirm.com\/lt\/\"},{\"@type\":\"ListItem\",\"position\":2,\"name\":\"Privatumo politika\"}]},{\"@type\":\"WebSite\",\"@id\":\"https:\/\/kinfirm.com\/lt\/#website\",\"url\":\"https:\/\/kinfirm.com\/lt\/\",\"name\":\"Kinfirm\",\"description\":\"\",\"publisher\":{\"@id\":\"https:\/\/kinfirm.com\/lt\/#organization\"},\"potentialAction\":[{\"@type\":\"SearchAction\",\"target\":{\"@type\":\"EntryPoint\",\"urlTemplate\":\"https:\/\/kinfirm.com\/lt\/?s={search_term_string}\"},\"query-input\":{\"@type\":\"PropertyValueSpecification\",\"valueRequired\":true,\"valueName\":\"search_term_string\"}}],\"inLanguage\":\"lt-LT\"},{\"@type\":\"Organization\",\"@id\":\"https:\/\/kinfirm.com\/lt\/#organization\",\"name\":\"Kinfirm\",\"url\":\"https:\/\/kinfirm.com\/lt\/\",\"logo\":{\"@type\":\"ImageObject\",\"inLanguage\":\"lt-LT\",\"@id\":\"https:\/\/kinfirm.com\/lt\/#\/schema\/logo\/image\/\",\"url\":\"https:\/\/kinfirm.com\/app\/uploads\/2022\/05\/Kinfirm-logo.svg\",\"contentUrl\":\"https:\/\/kinfirm.com\/app\/uploads\/2022\/05\/Kinfirm-logo.svg\",\"width\":\"1024\",\"height\":\"1024\",\"caption\":\"Kinfirm\"},\"image\":{\"@id\":\"https:\/\/kinfirm.com\/lt\/#\/schema\/logo\/image\/\"}}]}<\/script>\n<!-- \/ Yoast SEO plugin. -->","yoast_head_json":{"title":"Privatumo politika - Kinfirm","robots":{"index":"index","follow":"follow","max-snippet":"max-snippet:-1","max-image-preview":"max-image-preview:large","max-video-preview":"max-video-preview:-1"},"canonical":"https:\/\/kinfirm.com\/lt\/privatumo-politika\/","og_locale":"lt_LT","og_type":"article","og_title":"Privatumo politika - Kinfirm","og_description":"Bendrosios nuostatos 1.1 \u0160i privatumo politika reglamentuoja UAB \u201eArtme\u201c interneto svetain\u0117s www.kinfirm.com (toliau \u2013 svetain\u0117s) ir kliento (toliau \u2013 J\u016bs, J\u016bs\u0173) pagrindinius asmens duomen\u0173 rinkimo, tvarkymo ir saugojimo principus bei tvark\u0105. 1.2 J\u016bs\u0173 asmens duomen\u0173 rinkim\u0105, tvarkym\u0105 ir saugojim\u0105 nustato \u0161i privatumo politika, Lietuvos Respublikos Asmens duomen\u0173 teisin\u0117s apsaugos \u012fstatymas ir kiti teis\u0117s aktai. 1.3 &hellip; Continued","og_url":"https:\/\/kinfirm.com\/lt\/privatumo-politika\/","og_site_name":"Kinfirm","article_modified_time":"2024-03-07T21:12:04+00:00","og_image":[{"width":1200,"height":673,"url":"https:\/\/kinfirm.com\/app\/uploads\/2022\/05\/kinfirm_og.jpg","type":"image\/jpeg"}],"twitter_card":"summary_large_image","twitter_misc":{"Est. reading time":"2 minutes"},"schema":{"@context":"https:\/\/schema.org","@graph":[{"@type":"WebPage","@id":"https:\/\/kinfirm.com\/lt\/privatumo-politika\/","url":"https:\/\/kinfirm.com\/lt\/privatumo-politika\/","name":"Privatumo politika - Kinfirm","isPartOf":{"@id":"https:\/\/kinfirm.com\/lt\/#website"},"datePublished":"2022-05-08T13:11:49+00:00","dateModified":"2024-03-07T21:12:04+00:00","breadcrumb":{"@id":"https:\/\/kinfirm.com\/lt\/privatumo-politika\/#breadcrumb"},"inLanguage":"lt-LT","potentialAction":[{"@type":"ReadAction","target":["https:\/\/kinfirm.com\/lt\/privatumo-politika\/"]}]},{"@type":"BreadcrumbList","@id":"https:\/\/kinfirm.com\/lt\/privatumo-politika\/#breadcrumb","itemListElement":[{"@type":"ListItem","position":1,"name":"Home","item":"https:\/\/kinfirm.com\/lt\/"},{"@type":"ListItem","position":2,"name":"Privatumo politika"}]},{"@type":"WebSite","@id":"https:\/\/kinfirm.com\/lt\/#website","url":"https:\/\/kinfirm.com\/lt\/","name":"Kinfirm","description":"","publisher":{"@id":"https:\/\/kinfirm.com\/lt\/#organization"},"potentialAction":[{"@type":"SearchAction","target":{"@type":"EntryPoint","urlTemplate":"https:\/\/kinfirm.com\/lt\/?s={search_term_string}"},"query-input":{"@type":"PropertyValueSpecification","valueRequired":true,"valueName":"search_term_string"}}],"inLanguage":"lt-LT"},{"@type":"Organization","@id":"https:\/\/kinfirm.com\/lt\/#organization","name":"Kinfirm","url":"https:\/\/kinfirm.com\/lt\/","logo":{"@type":"ImageObject","inLanguage":"lt-LT","@id":"https:\/\/kinfirm.com\/lt\/#\/schema\/logo\/image\/","url":"https:\/\/kinfirm.com\/app\/uploads\/2022\/05\/Kinfirm-logo.svg","contentUrl":"https:\/\/kinfirm.com\/app\/uploads\/2022\/05\/Kinfirm-logo.svg","width":"1024","height":"1024","caption":"Kinfirm"},"image":{"@id":"https:\/\/kinfirm.com\/lt\/#\/schema\/logo\/image\/"}}]}},"_links":{"self":[{"href":"https:\/\/kinfirm.com\/lt\/wp-json\/wp\/v2\/pages\/3","targetHints":{"allow":["GET"]}}],"collection":[{"href":"https:\/\/kinfirm.com\/lt\/wp-json\/wp\/v2\/pages"}],"about":[{"href":"https:\/\/kinfirm.com\/lt\/wp-json\/wp\/v2\/types\/page"}],"author":[{"embeddable":true,"href":"https:\/\/kinfirm.com\/lt\/wp-json\/wp\/v2\/users\/1"}],"replies":[{"embeddable":true,"href":"https:\/\/kinfirm.com\/lt\/wp-json\/wp\/v2\/comments?post=3"}],"version-history":[{"count":5,"href":"https:\/\/kinfirm.com\/lt\/wp-json\/wp\/v2\/pages\/3\/revisions"}],"predecessor-version":[{"id":3226,"href":"https:\/\/kinfirm.com\/lt\/wp-json\/wp\/v2\/pages\/3\/revisions\/3226"}],"wp:attachment":[{"href":"https:\/\/kinfirm.com\/lt\/wp-json\/wp\/v2\/media?parent=3"}],"curies":[{"name":"wp","href":"https:\/\/api.w.org\/{rel}","templated":true}]}}