{"id":2614,"date":"2024-01-11T15:24:17","date_gmt":"2024-01-11T13:24:17","guid":{"rendered":"https:\/\/kinfirm.com\/?page_id=2614"},"modified":"2026-02-17T23:22:48","modified_gmt":"2026-02-17T21:22:48","slug":"konsultacijos-programavimo-klausimais","status":"publish","type":"page","link":"https:\/\/kinfirm.com\/lt\/konsultacijos-programavimo-klausimais\/","title":{"rendered":"Planavimas"},"content":{"rendered":"<div class=\"section-wrapper \">\n    <section class=\" sm:pt-[190px] pt-[120px] flex flex-col justify-center\">\n    <div class=\"container\">\n      <div class=\"border-b border-solid border-gray-40 sm:pb-[120px] pb-[50px]\">\n                  <h1 class=\"tracking-small lg:text-96px md:text-64px text-40px text-white\"><span class=\"slash\">\/<\/span>Technologijos be krypties virsta brangiu bandym\u0173 ir klaid\u0173 keliu.\n          <\/h1>\n                          <div class=\"prose tracking-small text-white md:text-32px sm:text-24px md:mt-8 mt-6\">\n            <p>Pokalbi\u0173 ir analiz\u0117s metu padedame atrasti krypt\u012f ir ai\u0161kum\u0105. Siekiame, kad sukurtos sistemos ne\u0161t\u0173 naud\u0105 ne m\u0117nesius, o met\u0173 metus. <\/p>\n<p>Dirbtinis intelektas transformuoja visas verslo sritis. Ta\u010diau jis sukuria tikr\u0105 vert\u0119 tik tada, kai yra sujungiamas su \u017emogaus intelektu, strateginiu m\u0105stymu, k\u016brybi\u0161kumu ir verslo supratimu. Procese u\u017etikriname, kad \u0161ios dvi intelekto formos dirbt\u0173 kartu siekiant ai\u0161ki\u0173 verslo rezultat\u0173, o ne tik technologini\u0173 eksperiment\u0173.<\/p>\n\n          <\/div>\n                              <\/div>\n    <\/div>\n  <\/section>\n  <\/div>\n\n\n<div class=\"section-wrapper sm:py-28 py-6 bg-gray-100 pt-20\">\n    <section data-scroll-section>\n    <div class=\"container-lg\">\n      <div class=\"steps\">\n                          <a href=\"#\" class=\"steps__block\" >\n            <img loading=\"lazy\" decoding=\"async\" width=\"800\" height=\"1071\" src=\"https:\/\/kinfirm.com\/app\/uploads\/2026\/02\/1.jpg\" class=\"steps__bg\" alt=\"\" srcset=\"https:\/\/kinfirm.com\/app\/uploads\/2026\/02\/1.jpg 800w, https:\/\/kinfirm.com\/app\/uploads\/2026\/02\/1-224x300.jpg 224w, https:\/\/kinfirm.com\/app\/uploads\/2026\/02\/1-765x1024.jpg 765w, https:\/\/kinfirm.com\/app\/uploads\/2026\/02\/1-224x300@2x.jpg 448w\" sizes=\"auto, (max-width: 800px) 100vw, 800px\" \/>\n            <div class=\"steps__block-box\">\n              <div class=\"steps__number\">01<\/div>\n              <div><img decoding=\"async\" src=\"https:\/\/kinfirm.com\/app\/themes\/kinfirm\/public\/images\/icons\/slash.e07ced.png\" class=\"steps__slash\" alt=\"\"><\/div>\n              <div>\n                <h2 class=\"steps__title\">Ai\u0161kumas ir kryptis<\/h2>\n\n                                  <div class=\"steps__desc\">\n                    Padedame atrasti ai\u0161kum\u0105 ir krypt\u012f planuojant ir \u012fgyvendinant programavimo projektus.\n                  <\/div>\n                \n                <div class=\"steps__svg\">\n                  <div class=\"steps__arrow-line\"><\/div><svg class=\"fill-current text-white\" width=\"5\" height=\"8\">\n                    <use xlink:href=\"https:\/\/kinfirm.com\/app\/themes\/kinfirm\/public\/images\/icons\/icons.ad8643.svg#arrow-right\"\/>\n                  <\/svg>\n                <\/div>\n              <\/div>\n            <\/div>\n          <\/a>\n                     <a href=\"#\" class=\"steps__block\" >\n            <img loading=\"lazy\" decoding=\"async\" width=\"800\" height=\"1071\" src=\"https:\/\/kinfirm.com\/app\/uploads\/2026\/02\/2.jpg\" class=\"steps__bg\" alt=\"\" srcset=\"https:\/\/kinfirm.com\/app\/uploads\/2026\/02\/2.jpg 800w, https:\/\/kinfirm.com\/app\/uploads\/2026\/02\/2-224x300.jpg 224w, https:\/\/kinfirm.com\/app\/uploads\/2026\/02\/2-765x1024.jpg 765w, https:\/\/kinfirm.com\/app\/uploads\/2026\/02\/2-224x300@2x.jpg 448w\" sizes=\"auto, (max-width: 800px) 100vw, 800px\" \/>\n            <div class=\"steps__block-box\">\n              <div class=\"steps__number\">02<\/div>\n              <div><img decoding=\"async\" src=\"https:\/\/kinfirm.com\/app\/themes\/kinfirm\/public\/images\/icons\/slash.e07ced.png\" class=\"steps__slash\" alt=\"\"><\/div>\n              <div>\n                <h2 class=\"steps__title\">Programavimo etapas<\/h2>\n\n                                  <div class=\"steps__desc\">\n                    Tur\u0117dami ai\u0161ki\u0105 sprendimo krypt\u012f, programavimo darbus atliekame itin atsakingai.\n                  <\/div>\n                \n                <div class=\"steps__svg\">\n                  <div class=\"steps__arrow-line\"><\/div><svg class=\"fill-current text-white\" width=\"5\" height=\"8\">\n                    <use xlink:href=\"https:\/\/kinfirm.com\/app\/themes\/kinfirm\/public\/images\/icons\/icons.ad8643.svg#arrow-right\"\/>\n                  <\/svg>\n                <\/div>\n              <\/div>\n            <\/div>\n          <\/a>\n                     <a href=\"#\" class=\"steps__block\" >\n            <img loading=\"lazy\" decoding=\"async\" width=\"800\" height=\"1071\" src=\"https:\/\/kinfirm.com\/app\/uploads\/2026\/02\/3.jpg\" class=\"steps__bg\" alt=\"\" srcset=\"https:\/\/kinfirm.com\/app\/uploads\/2026\/02\/3.jpg 800w, https:\/\/kinfirm.com\/app\/uploads\/2026\/02\/3-224x300.jpg 224w, https:\/\/kinfirm.com\/app\/uploads\/2026\/02\/3-765x1024.jpg 765w, https:\/\/kinfirm.com\/app\/uploads\/2026\/02\/3-224x300@2x.jpg 448w\" sizes=\"auto, (max-width: 800px) 100vw, 800px\" \/>\n            <div class=\"steps__block-box\">\n              <div class=\"steps__number\">03<\/div>\n              <div><img decoding=\"async\" src=\"https:\/\/kinfirm.com\/app\/themes\/kinfirm\/public\/images\/icons\/slash.e07ced.png\" class=\"steps__slash\" alt=\"\"><\/div>\n              <div>\n                <h2 class=\"steps__title\">Prie\u017ei\u016bra ir t\u0119stinumas<\/h2>\n\n                                  <div class=\"steps__desc\">\n                    Tikroji atsakomyb\u0117 prasideda po projekto \u012fgyvendinimo. Padedame palaikyti krypt\u012f.\n                  <\/div>\n                \n                <div class=\"steps__svg\">\n                  <div class=\"steps__arrow-line\"><\/div><svg class=\"fill-current text-white\" width=\"5\" height=\"8\">\n                    <use xlink:href=\"https:\/\/kinfirm.com\/app\/themes\/kinfirm\/public\/images\/icons\/icons.ad8643.svg#arrow-right\"\/>\n                  <\/svg>\n                <\/div>\n              <\/div>\n            <\/div>\n          <\/a>\n                 <\/div>\n    <\/div>\n  <\/section>\n  <\/div>\n\n\n\n<div class=\"section-wrapper app-form\">\n        <section class=\"relative z-10 md:py-28 py-10\" data-scroll-section>\n            <div class=\"container\">\n                                    <h2 class=\"text-center text-white tracking-small lg:text-64px md:text-48px sm:text-32px text-24px sm:mb-8\">\n                        <span class=\"slash\">\/<\/span>Ie\u0161kote krypties? Pasikalb\u0117kime.\n                    <\/h2>\n                \n                \n                                    <div class=\"wpforms-container wpforms-container-full form-request v1\" id=\"wpforms-2363\"><form id=\"wpforms-form-2363\" class=\"wpforms-validate wpforms-form wpforms-ajax-form\" data-formid=\"2363\" method=\"post\" enctype=\"multipart\/form-data\" action=\"\/lt\/wp-json\/wp\/v2\/pages\/2614\" data-token=\"51bd7e28c02e910aa98edbed167abd24\" data-token-time=\"1775945838\"><noscript class=\"wpforms-error-noscript\">Please enable JavaScript in your browser to complete this form.<\/noscript><div class=\"wpforms-field-container\"><div id=\"wpforms-2363-field_1-container\" class=\"wpforms-field wpforms-field-text\" data-field-id=\"1\"><label class=\"wpforms-field-label\" for=\"wpforms-2363-field_1\">J\u016bs\u0173 vardas <span class=\"wpforms-required-label\">*<\/span><\/label><input type=\"text\" id=\"wpforms-2363-field_1\" class=\"wpforms-field-medium wpforms-field-required\" name=\"wpforms[fields][1]\" required><\/div><div id=\"wpforms-2363-field_2-container\" class=\"wpforms-field wpforms-field-phone\" data-field-id=\"2\"><label class=\"wpforms-field-label\" for=\"wpforms-2363-field_2\">Telefono numeris <span class=\"wpforms-required-label\">*<\/span><\/label><input type=\"tel\" id=\"wpforms-2363-field_2\" class=\"wpforms-field-medium wpforms-field-required\" data-rule-int-phone-field=\"true\" name=\"wpforms[fields][2]\" aria-label=\"Telefono numeris\" required><\/div><div id=\"wpforms-2363-field_3-container\" class=\"wpforms-field wpforms-field-email\" data-field-id=\"3\"><label class=\"wpforms-field-label\" for=\"wpforms-2363-field_3\">El. pa\u0161tas <span class=\"wpforms-required-label\">*<\/span><\/label><input type=\"email\" id=\"wpforms-2363-field_3\" class=\"wpforms-field-medium wpforms-field-required\" data-disable-suggestions=\"1\" name=\"wpforms[fields][3]\" placeholder=\"\u012era\u0161ykite savo el. pa\u0161to adres\u0105\" spellcheck=\"false\" required><\/div><div id=\"wpforms-2363-field_7-container\" class=\"wpforms-field wpforms-field-text\" data-field-id=\"7\"><label class=\"wpforms-field-label\" for=\"wpforms-2363-field_7\">\u012emon\u0117s pavadinimas<\/label><input type=\"text\" id=\"wpforms-2363-field_7\" class=\"wpforms-field-medium\" name=\"wpforms[fields][7]\" ><\/div><div id=\"wpforms-2363-field_6-container\" class=\"wpforms-field wpforms-field-checkbox\" data-field-id=\"6\"><label class=\"wpforms-field-label wpforms-label-hide\">Privatumo politika <span class=\"wpforms-required-label\">*<\/span><\/label><ul id=\"wpforms-2363-field_6\" class=\"wpforms-field-required\"><li class=\"choice-1 depth-1\"><input type=\"checkbox\" id=\"wpforms-2363-field_6_1\" name=\"wpforms[fields][6][]\" value=\"Sutinku su &lt;a href=&quot;\/lt\/privatumo-politika\/&quot; target=&quot;_blank&quot;&gt;privatumo politika&lt;\/a&gt;\" required ><label class=\"wpforms-field-label-inline\" for=\"wpforms-2363-field_6_1\">Sutinku su <a href=\"\/lt\/privatumo-politika\/\" target=\"_blank\">privatumo politika<\/a><\/label><\/li><\/ul><\/div><\/div><!-- .wpforms-field-container --><div class=\"wpforms-submit-container\" ><input type=\"hidden\" name=\"wpforms[id]\" value=\"2363\"><input type=\"hidden\" name=\"page_title\" value=\"\"><input type=\"hidden\" name=\"page_url\" value=\"https:\/\/kinfirm.com\/lt\/wp-json\/wp\/v2\/pages\/2614\"><input type=\"hidden\" name=\"url_referer\" value=\"\"><button type=\"submit\" name=\"wpforms[submit]\" id=\"wpforms-submit-2363\" class=\"wpforms-submit\" data-alt-text=\"Siun\u010diama...\" data-submit-text=\"Si\u0173sti\" aria-live=\"assertive\" value=\"wpforms-submit\">Si\u0173sti<\/button><img loading=\"lazy\" decoding=\"async\" src=\"https:\/\/kinfirm.com\/app\/plugins\/wpforms\/assets\/images\/submit-spin.svg\" class=\"wpforms-submit-spinner\" style=\"display: none;\" width=\"26\" height=\"26\" alt=\"Loading\"><\/div><\/form><\/div>  <!-- .wpforms-container -->\n                            <\/div>\n        <\/section>\n    <\/div>\n\n","protected":false},"excerpt":{"rendered":"","protected":false},"author":1,"featured_media":0,"parent":0,"menu_order":0,"comment_status":"closed","ping_status":"closed","template":"page-blocks.blade.php","meta":{"_acf_changed":false,"inline_featured_image":false,"footnotes":""},"class_list":["post-2614","page","type-page","status-publish","hentry"],"acf":[],"yoast_head":"<!-- This site is optimized with the Yoast SEO plugin v26.9 - https:\/\/yoast.com\/product\/yoast-seo-wordpress\/ -->\n<title>Konsultacijos programavimo, skaitmenizacijos klausimais \/Kinfirm<\/title>\n<meta name=\"description\" content=\"Konsultuojame programavimo paslaug\u0173, skaitmenizacijos klausimais. Padedame \u012fmon\u0117ms \u012fgyvendinti programavimo projektus.\" \/>\n<meta name=\"robots\" content=\"index, follow, max-snippet:-1, max-image-preview:large, max-video-preview:-1\" \/>\n<link rel=\"canonical\" href=\"https:\/\/kinfirm.com\/lt\/konsultacijos-programavimo-klausimais\/\" \/>\n<meta property=\"og:locale\" content=\"lt_LT\" \/>\n<meta property=\"og:type\" content=\"article\" \/>\n<meta property=\"og:title\" content=\"Konsultacijos programavimo, skaitmenizacijos klausimais \/Kinfirm\" \/>\n<meta property=\"og:description\" content=\"Konsultuojame programavimo paslaug\u0173, skaitmenizacijos klausimais. Padedame \u012fmon\u0117ms \u012fgyvendinti programavimo projektus.\" \/>\n<meta property=\"og:url\" content=\"https:\/\/kinfirm.com\/lt\/konsultacijos-programavimo-klausimais\/\" \/>\n<meta property=\"og:site_name\" content=\"Kinfirm\" \/>\n<meta property=\"article:modified_time\" content=\"2026-02-17T21:22:48+00:00\" \/>\n<meta property=\"og:image\" content=\"https:\/\/kinfirm.com\/app\/uploads\/2022\/05\/kinfirm_og.jpg\" \/>\n\t<meta property=\"og:image:width\" content=\"1200\" \/>\n\t<meta property=\"og:image:height\" content=\"673\" \/>\n\t<meta property=\"og:image:type\" content=\"image\/jpeg\" \/>\n<meta name=\"twitter:card\" content=\"summary_large_image\" \/>\n<script type=\"application\/ld+json\" class=\"yoast-schema-graph\">{\"@context\":\"https:\/\/schema.org\",\"@graph\":[{\"@type\":\"WebPage\",\"@id\":\"https:\/\/kinfirm.com\/lt\/konsultacijos-programavimo-klausimais\/\",\"url\":\"https:\/\/kinfirm.com\/lt\/konsultacijos-programavimo-klausimais\/\",\"name\":\"Konsultacijos programavimo, skaitmenizacijos klausimais \/Kinfirm\",\"isPartOf\":{\"@id\":\"https:\/\/kinfirm.com\/lt\/#website\"},\"datePublished\":\"2024-01-11T13:24:17+00:00\",\"dateModified\":\"2026-02-17T21:22:48+00:00\",\"description\":\"Konsultuojame programavimo paslaug\u0173, skaitmenizacijos klausimais. Padedame \u012fmon\u0117ms \u012fgyvendinti programavimo projektus.\",\"breadcrumb\":{\"@id\":\"https:\/\/kinfirm.com\/lt\/konsultacijos-programavimo-klausimais\/#breadcrumb\"},\"inLanguage\":\"lt-LT\",\"potentialAction\":[{\"@type\":\"ReadAction\",\"target\":[\"https:\/\/kinfirm.com\/lt\/konsultacijos-programavimo-klausimais\/\"]}]},{\"@type\":\"BreadcrumbList\",\"@id\":\"https:\/\/kinfirm.com\/lt\/konsultacijos-programavimo-klausimais\/#breadcrumb\",\"itemListElement\":[{\"@type\":\"ListItem\",\"position\":1,\"name\":\"Home\",\"item\":\"https:\/\/kinfirm.com\/lt\/\"},{\"@type\":\"ListItem\",\"position\":2,\"name\":\"Planavimas\"}]},{\"@type\":\"WebSite\",\"@id\":\"https:\/\/kinfirm.com\/lt\/#website\",\"url\":\"https:\/\/kinfirm.com\/lt\/\",\"name\":\"Kinfirm\",\"description\":\"\",\"publisher\":{\"@id\":\"https:\/\/kinfirm.com\/lt\/#organization\"},\"potentialAction\":[{\"@type\":\"SearchAction\",\"target\":{\"@type\":\"EntryPoint\",\"urlTemplate\":\"https:\/\/kinfirm.com\/lt\/?s={search_term_string}\"},\"query-input\":{\"@type\":\"PropertyValueSpecification\",\"valueRequired\":true,\"valueName\":\"search_term_string\"}}],\"inLanguage\":\"lt-LT\"},{\"@type\":\"Organization\",\"@id\":\"https:\/\/kinfirm.com\/lt\/#organization\",\"name\":\"Kinfirm\",\"url\":\"https:\/\/kinfirm.com\/lt\/\",\"logo\":{\"@type\":\"ImageObject\",\"inLanguage\":\"lt-LT\",\"@id\":\"https:\/\/kinfirm.com\/lt\/#\/schema\/logo\/image\/\",\"url\":\"https:\/\/kinfirm.com\/app\/uploads\/2022\/05\/Kinfirm-logo.svg\",\"contentUrl\":\"https:\/\/kinfirm.com\/app\/uploads\/2022\/05\/Kinfirm-logo.svg\",\"width\":\"1024\",\"height\":\"1024\",\"caption\":\"Kinfirm\"},\"image\":{\"@id\":\"https:\/\/kinfirm.com\/lt\/#\/schema\/logo\/image\/\"}}]}<\/script>\n<!-- \/ Yoast SEO plugin. -->","yoast_head_json":{"title":"Konsultacijos programavimo, skaitmenizacijos klausimais \/Kinfirm","description":"Konsultuojame programavimo paslaug\u0173, skaitmenizacijos klausimais. Padedame \u012fmon\u0117ms \u012fgyvendinti programavimo projektus.","robots":{"index":"index","follow":"follow","max-snippet":"max-snippet:-1","max-image-preview":"max-image-preview:large","max-video-preview":"max-video-preview:-1"},"canonical":"https:\/\/kinfirm.com\/lt\/konsultacijos-programavimo-klausimais\/","og_locale":"lt_LT","og_type":"article","og_title":"Konsultacijos programavimo, skaitmenizacijos klausimais \/Kinfirm","og_description":"Konsultuojame programavimo paslaug\u0173, skaitmenizacijos klausimais. Padedame \u012fmon\u0117ms \u012fgyvendinti programavimo projektus.","og_url":"https:\/\/kinfirm.com\/lt\/konsultacijos-programavimo-klausimais\/","og_site_name":"Kinfirm","article_modified_time":"2026-02-17T21:22:48+00:00","og_image":[{"width":1200,"height":673,"url":"https:\/\/kinfirm.com\/app\/uploads\/2022\/05\/kinfirm_og.jpg","type":"image\/jpeg"}],"twitter_card":"summary_large_image","schema":{"@context":"https:\/\/schema.org","@graph":[{"@type":"WebPage","@id":"https:\/\/kinfirm.com\/lt\/konsultacijos-programavimo-klausimais\/","url":"https:\/\/kinfirm.com\/lt\/konsultacijos-programavimo-klausimais\/","name":"Konsultacijos programavimo, skaitmenizacijos klausimais \/Kinfirm","isPartOf":{"@id":"https:\/\/kinfirm.com\/lt\/#website"},"datePublished":"2024-01-11T13:24:17+00:00","dateModified":"2026-02-17T21:22:48+00:00","description":"Konsultuojame programavimo paslaug\u0173, skaitmenizacijos klausimais. Padedame \u012fmon\u0117ms \u012fgyvendinti programavimo projektus.","breadcrumb":{"@id":"https:\/\/kinfirm.com\/lt\/konsultacijos-programavimo-klausimais\/#breadcrumb"},"inLanguage":"lt-LT","potentialAction":[{"@type":"ReadAction","target":["https:\/\/kinfirm.com\/lt\/konsultacijos-programavimo-klausimais\/"]}]},{"@type":"BreadcrumbList","@id":"https:\/\/kinfirm.com\/lt\/konsultacijos-programavimo-klausimais\/#breadcrumb","itemListElement":[{"@type":"ListItem","position":1,"name":"Home","item":"https:\/\/kinfirm.com\/lt\/"},{"@type":"ListItem","position":2,"name":"Planavimas"}]},{"@type":"WebSite","@id":"https:\/\/kinfirm.com\/lt\/#website","url":"https:\/\/kinfirm.com\/lt\/","name":"Kinfirm","description":"","publisher":{"@id":"https:\/\/kinfirm.com\/lt\/#organization"},"potentialAction":[{"@type":"SearchAction","target":{"@type":"EntryPoint","urlTemplate":"https:\/\/kinfirm.com\/lt\/?s={search_term_string}"},"query-input":{"@type":"PropertyValueSpecification","valueRequired":true,"valueName":"search_term_string"}}],"inLanguage":"lt-LT"},{"@type":"Organization","@id":"https:\/\/kinfirm.com\/lt\/#organization","name":"Kinfirm","url":"https:\/\/kinfirm.com\/lt\/","logo":{"@type":"ImageObject","inLanguage":"lt-LT","@id":"https:\/\/kinfirm.com\/lt\/#\/schema\/logo\/image\/","url":"https:\/\/kinfirm.com\/app\/uploads\/2022\/05\/Kinfirm-logo.svg","contentUrl":"https:\/\/kinfirm.com\/app\/uploads\/2022\/05\/Kinfirm-logo.svg","width":"1024","height":"1024","caption":"Kinfirm"},"image":{"@id":"https:\/\/kinfirm.com\/lt\/#\/schema\/logo\/image\/"}}]}},"_links":{"self":[{"href":"https:\/\/kinfirm.com\/lt\/wp-json\/wp\/v2\/pages\/2614","targetHints":{"allow":["GET"]}}],"collection":[{"href":"https:\/\/kinfirm.com\/lt\/wp-json\/wp\/v2\/pages"}],"about":[{"href":"https:\/\/kinfirm.com\/lt\/wp-json\/wp\/v2\/types\/page"}],"author":[{"embeddable":true,"href":"https:\/\/kinfirm.com\/lt\/wp-json\/wp\/v2\/users\/1"}],"replies":[{"embeddable":true,"href":"https:\/\/kinfirm.com\/lt\/wp-json\/wp\/v2\/comments?post=2614"}],"version-history":[{"count":5,"href":"https:\/\/kinfirm.com\/lt\/wp-json\/wp\/v2\/pages\/2614\/revisions"}],"predecessor-version":[{"id":3958,"href":"https:\/\/kinfirm.com\/lt\/wp-json\/wp\/v2\/pages\/2614\/revisions\/3958"}],"wp:attachment":[{"href":"https:\/\/kinfirm.com\/lt\/wp-json\/wp\/v2\/media?parent=2614"}],"curies":[{"name":"wp","href":"https:\/\/api.w.org\/{rel}","templated":true}]}}