{"id":20,"date":"2022-05-09T11:24:38","date_gmt":"2022-05-09T11:24:38","guid":{"rendered":"https:\/\/kinfirm.com\/?page_id=20"},"modified":"2024-03-07T16:37:45","modified_gmt":"2024-03-07T14:37:45","slug":"kontaktai","status":"publish","type":"page","link":"https:\/\/kinfirm.com\/lt\/kontaktai\/","title":{"rendered":"Kontaktai"},"content":{"rendered":"<div class=\"section-wrapper \">\n    <section class=\" sm:pt-[190px] pt-[120px] flex flex-col justify-center\">\n    <div class=\"container\">\n      <div class=\"border-b border-solid border-gray-40 sm:pb-[120px] pb-[50px]\">\n                  <h1 class=\"tracking-small lg:text-96px md:text-64px text-40px text-white\"><span class=\"slash\">\/<\/span>Kontaktai\n          <\/h1>\n                          <div class=\"prose tracking-small text-white md:text-32px sm:text-24px md:mt-8 mt-6\">\n            <p>Esame programuotoj\u0173 komanda, pasiruo\u0161usi pad\u0117ti J\u016bs\u0173 verslui \u012fgyvendinant ambicingus IT projektus. Planuojate automatizuoti procesus, atnaujinti interneto svetain\u0119, kurti klient\u0173 savitarnos portal\u0105 ar unikalaus funkcionalumo platform\u0105? Pasikalb\u0117kime!<\/p>\n\n          <\/div>\n                              <\/div>\n    <\/div>\n  <\/section>\n  <\/div>\n\n\n<div class=\"section-wrapper \">\n    <section class=\"bg-gray-100 py-0\" data-scroll-section>\n\n    <div class=\"container-lg__full bg-gray-20 xl:mx-auto ml-auto\">\n\n      <div class=\"grid md:grid-cols-2 grid-cols-1 gap-x-6 md:gap-y-0 md:gap-y-10 items-center\">\n        <div class=\"py-10 p-6 md:order-2 order-1 mx-auto md:w-auto w-full\">\n\n                      <div class=\"my-4\">\n              <h2 class=\"tracking-small text-20px text-gray-100\">to write<\/h2>\n              <div class=\"lg:text-32px md:text-24 text-18px tracking-small text-gray-100\"><a href=\"mailto:info@kinfirm.com\">info@kinfirm.com<\/a><\/div>\n            <\/div>\n                                <div class=\"my-4\">\n              <h2 class=\"tracking-small text-20px text-gray-100\">to call<\/h2>\n              <div class=\"lg:text-32px md:text-24 text-18px tracking-small text-gray-100\"><a href=\"tel:+37062838601\">+37062838601<\/a><\/div>\n            <\/div>\n                                <div class=\"my-4\">\n              <h2 class=\"tracking-small text-20px text-gray-100\">to visit<\/h2>\n              <div class=\"lg:text-32px md:text-24 text-18px tracking-small text-gray-100\">Laisv\u0117s pr. 78B-216, Vilnius<\/div>\n            <\/div>\n          \n        <\/div>\n                  <div class=\"w-full md:order-3 h-full\">\n            <img loading=\"lazy\" decoding=\"async\" width=\"2048\" height=\"1536\" src=\"https:\/\/kinfirm.com\/app\/uploads\/2023\/02\/327536101_929792078394863_5808720655819374557_n-2.jpg\" class=\"h-[400px] object-cover md:h-full w-full\" alt=\"\" srcset=\"https:\/\/kinfirm.com\/app\/uploads\/2023\/02\/327536101_929792078394863_5808720655819374557_n-2-1024x768@2x.jpg 2048w, https:\/\/kinfirm.com\/app\/uploads\/2023\/02\/327536101_929792078394863_5808720655819374557_n-2-300x225.jpg 300w, https:\/\/kinfirm.com\/app\/uploads\/2023\/02\/327536101_929792078394863_5808720655819374557_n-2-1024x768.jpg 1024w, https:\/\/kinfirm.com\/app\/uploads\/2023\/02\/327536101_929792078394863_5808720655819374557_n-2-1536x1152.jpg 1536w, https:\/\/kinfirm.com\/app\/uploads\/2023\/02\/327536101_929792078394863_5808720655819374557_n-2-300x225@2x.jpg 600w\" sizes=\"auto, (max-width: 2048px) 100vw, 2048px\" \/>\n          <\/div>\n        \n      <\/div>\n\n    <\/div>\n\n  <\/section>\n  <\/div>\n\n\n<div class=\"section-wrapper \">\n    <section class=\"bg-gray-100 py-0\" data-scroll-section>\n\n    <div class=\"container-lg__full bg-gray-80 xl:mx-auto ml-auto\">\n\n      <div class=\"grid lg:grid-cols-12 md:grid-cols-2 grid-cols-1 xl:gap-x-28 lg:gap-x-20 gap-x-10 items-center\">\n        <div class=\"lg:col-span-7 py-10 p-6 lg:pl-[5.5rem] md:order-3 order-2 mx-auto w-full\">\n                      <h2 class=\"h text-white tracking-small lg:text-64px md:text-48px sm:text-32px text-24px md:mb-12 mb-6\">\n              <span class=\"slash\">\/<\/span>Rekvizitai\n            <\/h2>\n                    <div class=\"details\">\n                          <h2 class=\"details__title capitalize\">Artme, UAB<\/h2>\n                                      <div class=\"details__block\">\n                <h3 class=\"text-20px tracking-small\">company code<\/h3>\n                <div class=\"text-green-80 text-32px\">303543367<\/div>\n              <\/div>\n            \n                          <div class=\"details__block\">\n                <h3 class=\"text-20px tracking-small\">VAT code<\/h3>\n                <div class=\"text-green-80 text-32px\">LT100009114513<\/div>\n              <\/div>\n            \n                          <div class=\"details__block\">\n                <h3 class=\"text-20px tracking-small\">address<\/h3>\n                <div class=\"text-green-80 text-32px\">Laisv\u0117s pr. 78B-216, Vilnius<\/div>\n              <\/div>\n            \n          <\/div>\n\n        <\/div>\n\n                  <div class=\"lg:col-span-5 w-full md:order-2 h-full\">\n            <img loading=\"lazy\" decoding=\"async\" width=\"960\" height=\"1200\" src=\"https:\/\/kinfirm.com\/app\/uploads\/2022\/05\/pic_05@2x.jpg\" class=\"h-[400px] object-cover md:h-full w-full w-full\" alt=\"\" srcset=\"https:\/\/kinfirm.com\/app\/uploads\/2022\/05\/pic_05@2x.jpg 960w, https:\/\/kinfirm.com\/app\/uploads\/2022\/05\/pic_05@2x-240x300.jpg 240w, https:\/\/kinfirm.com\/app\/uploads\/2022\/05\/pic_05@2x-819x1024.jpg 819w, https:\/\/kinfirm.com\/app\/uploads\/2022\/05\/pic_05@2x-240x300@2x.jpg 480w\" sizes=\"auto, (max-width: 960px) 100vw, 960px\" \/>\n          <\/div>\n        \n      <\/div>\n\n    <\/div>\n\n  <\/section>\n  <\/div>\n\n","protected":false},"excerpt":{"rendered":"","protected":false},"author":1,"featured_media":0,"parent":0,"menu_order":10,"comment_status":"closed","ping_status":"closed","template":"page-blocks.blade.php","meta":{"_acf_changed":false,"inline_featured_image":false,"footnotes":""},"class_list":["post-20","page","type-page","status-publish","hentry"],"acf":[],"yoast_head":"<!-- This site is optimized with the Yoast SEO plugin v26.9 - https:\/\/yoast.com\/product\/yoast-seo-wordpress\/ -->\n<title>Patikima programuotoj\u0173 komanda \/Kinfirm<\/title>\n<meta name=\"description\" content=\"Programuotoj\u0173 komanda, programavimo paslaugos bei konsultacijos skaitmenin\u0117s transformacijos klausimais.\" \/>\n<meta name=\"robots\" content=\"index, follow, max-snippet:-1, max-image-preview:large, max-video-preview:-1\" \/>\n<link rel=\"canonical\" href=\"https:\/\/kinfirm.com\/lt\/kontaktai\/\" \/>\n<meta property=\"og:locale\" content=\"lt_LT\" \/>\n<meta property=\"og:type\" content=\"article\" \/>\n<meta property=\"og:title\" content=\"Patikima programuotoj\u0173 komanda \/Kinfirm\" \/>\n<meta property=\"og:description\" content=\"Programuotoj\u0173 komanda, programavimo paslaugos bei konsultacijos skaitmenin\u0117s transformacijos klausimais.\" \/>\n<meta property=\"og:url\" content=\"https:\/\/kinfirm.com\/lt\/kontaktai\/\" \/>\n<meta property=\"og:site_name\" content=\"Kinfirm\" \/>\n<meta property=\"article:modified_time\" content=\"2024-03-07T14:37:45+00:00\" \/>\n<meta property=\"og:image\" content=\"https:\/\/kinfirm.com\/app\/uploads\/2022\/05\/kinfirm_og.jpg\" \/>\n\t<meta property=\"og:image:width\" content=\"1200\" \/>\n\t<meta property=\"og:image:height\" content=\"673\" \/>\n\t<meta property=\"og:image:type\" content=\"image\/jpeg\" \/>\n<meta name=\"twitter:card\" content=\"summary_large_image\" \/>\n<script type=\"application\/ld+json\" class=\"yoast-schema-graph\">{\"@context\":\"https:\/\/schema.org\",\"@graph\":[{\"@type\":\"WebPage\",\"@id\":\"https:\/\/kinfirm.com\/lt\/kontaktai\/\",\"url\":\"https:\/\/kinfirm.com\/lt\/kontaktai\/\",\"name\":\"Patikima programuotoj\u0173 komanda \/Kinfirm\",\"isPartOf\":{\"@id\":\"https:\/\/kinfirm.com\/lt\/#website\"},\"datePublished\":\"2022-05-09T11:24:38+00:00\",\"dateModified\":\"2024-03-07T14:37:45+00:00\",\"description\":\"Programuotoj\u0173 komanda, programavimo paslaugos bei konsultacijos skaitmenin\u0117s transformacijos klausimais.\",\"breadcrumb\":{\"@id\":\"https:\/\/kinfirm.com\/lt\/kontaktai\/#breadcrumb\"},\"inLanguage\":\"lt-LT\",\"potentialAction\":[{\"@type\":\"ReadAction\",\"target\":[\"https:\/\/kinfirm.com\/lt\/kontaktai\/\"]}]},{\"@type\":\"BreadcrumbList\",\"@id\":\"https:\/\/kinfirm.com\/lt\/kontaktai\/#breadcrumb\",\"itemListElement\":[{\"@type\":\"ListItem\",\"position\":1,\"name\":\"Home\",\"item\":\"https:\/\/kinfirm.com\/lt\/\"},{\"@type\":\"ListItem\",\"position\":2,\"name\":\"Kontaktai\"}]},{\"@type\":\"WebSite\",\"@id\":\"https:\/\/kinfirm.com\/lt\/#website\",\"url\":\"https:\/\/kinfirm.com\/lt\/\",\"name\":\"Kinfirm\",\"description\":\"\",\"publisher\":{\"@id\":\"https:\/\/kinfirm.com\/lt\/#organization\"},\"potentialAction\":[{\"@type\":\"SearchAction\",\"target\":{\"@type\":\"EntryPoint\",\"urlTemplate\":\"https:\/\/kinfirm.com\/lt\/?s={search_term_string}\"},\"query-input\":{\"@type\":\"PropertyValueSpecification\",\"valueRequired\":true,\"valueName\":\"search_term_string\"}}],\"inLanguage\":\"lt-LT\"},{\"@type\":\"Organization\",\"@id\":\"https:\/\/kinfirm.com\/lt\/#organization\",\"name\":\"Kinfirm\",\"url\":\"https:\/\/kinfirm.com\/lt\/\",\"logo\":{\"@type\":\"ImageObject\",\"inLanguage\":\"lt-LT\",\"@id\":\"https:\/\/kinfirm.com\/lt\/#\/schema\/logo\/image\/\",\"url\":\"https:\/\/kinfirm.com\/app\/uploads\/2022\/05\/Kinfirm-logo.svg\",\"contentUrl\":\"https:\/\/kinfirm.com\/app\/uploads\/2022\/05\/Kinfirm-logo.svg\",\"width\":\"1024\",\"height\":\"1024\",\"caption\":\"Kinfirm\"},\"image\":{\"@id\":\"https:\/\/kinfirm.com\/lt\/#\/schema\/logo\/image\/\"}}]}<\/script>\n<!-- \/ Yoast SEO plugin. -->","yoast_head_json":{"title":"Patikima programuotoj\u0173 komanda \/Kinfirm","description":"Programuotoj\u0173 komanda, programavimo paslaugos bei konsultacijos skaitmenin\u0117s transformacijos klausimais.","robots":{"index":"index","follow":"follow","max-snippet":"max-snippet:-1","max-image-preview":"max-image-preview:large","max-video-preview":"max-video-preview:-1"},"canonical":"https:\/\/kinfirm.com\/lt\/kontaktai\/","og_locale":"lt_LT","og_type":"article","og_title":"Patikima programuotoj\u0173 komanda \/Kinfirm","og_description":"Programuotoj\u0173 komanda, programavimo paslaugos bei konsultacijos skaitmenin\u0117s transformacijos klausimais.","og_url":"https:\/\/kinfirm.com\/lt\/kontaktai\/","og_site_name":"Kinfirm","article_modified_time":"2024-03-07T14:37:45+00:00","og_image":[{"width":1200,"height":673,"url":"https:\/\/kinfirm.com\/app\/uploads\/2022\/05\/kinfirm_og.jpg","type":"image\/jpeg"}],"twitter_card":"summary_large_image","schema":{"@context":"https:\/\/schema.org","@graph":[{"@type":"WebPage","@id":"https:\/\/kinfirm.com\/lt\/kontaktai\/","url":"https:\/\/kinfirm.com\/lt\/kontaktai\/","name":"Patikima programuotoj\u0173 komanda \/Kinfirm","isPartOf":{"@id":"https:\/\/kinfirm.com\/lt\/#website"},"datePublished":"2022-05-09T11:24:38+00:00","dateModified":"2024-03-07T14:37:45+00:00","description":"Programuotoj\u0173 komanda, programavimo paslaugos bei konsultacijos skaitmenin\u0117s transformacijos klausimais.","breadcrumb":{"@id":"https:\/\/kinfirm.com\/lt\/kontaktai\/#breadcrumb"},"inLanguage":"lt-LT","potentialAction":[{"@type":"ReadAction","target":["https:\/\/kinfirm.com\/lt\/kontaktai\/"]}]},{"@type":"BreadcrumbList","@id":"https:\/\/kinfirm.com\/lt\/kontaktai\/#breadcrumb","itemListElement":[{"@type":"ListItem","position":1,"name":"Home","item":"https:\/\/kinfirm.com\/lt\/"},{"@type":"ListItem","position":2,"name":"Kontaktai"}]},{"@type":"WebSite","@id":"https:\/\/kinfirm.com\/lt\/#website","url":"https:\/\/kinfirm.com\/lt\/","name":"Kinfirm","description":"","publisher":{"@id":"https:\/\/kinfirm.com\/lt\/#organization"},"potentialAction":[{"@type":"SearchAction","target":{"@type":"EntryPoint","urlTemplate":"https:\/\/kinfirm.com\/lt\/?s={search_term_string}"},"query-input":{"@type":"PropertyValueSpecification","valueRequired":true,"valueName":"search_term_string"}}],"inLanguage":"lt-LT"},{"@type":"Organization","@id":"https:\/\/kinfirm.com\/lt\/#organization","name":"Kinfirm","url":"https:\/\/kinfirm.com\/lt\/","logo":{"@type":"ImageObject","inLanguage":"lt-LT","@id":"https:\/\/kinfirm.com\/lt\/#\/schema\/logo\/image\/","url":"https:\/\/kinfirm.com\/app\/uploads\/2022\/05\/Kinfirm-logo.svg","contentUrl":"https:\/\/kinfirm.com\/app\/uploads\/2022\/05\/Kinfirm-logo.svg","width":"1024","height":"1024","caption":"Kinfirm"},"image":{"@id":"https:\/\/kinfirm.com\/lt\/#\/schema\/logo\/image\/"}}]}},"_links":{"self":[{"href":"https:\/\/kinfirm.com\/lt\/wp-json\/wp\/v2\/pages\/20","targetHints":{"allow":["GET"]}}],"collection":[{"href":"https:\/\/kinfirm.com\/lt\/wp-json\/wp\/v2\/pages"}],"about":[{"href":"https:\/\/kinfirm.com\/lt\/wp-json\/wp\/v2\/types\/page"}],"author":[{"embeddable":true,"href":"https:\/\/kinfirm.com\/lt\/wp-json\/wp\/v2\/users\/1"}],"replies":[{"embeddable":true,"href":"https:\/\/kinfirm.com\/lt\/wp-json\/wp\/v2\/comments?post=20"}],"version-history":[{"count":5,"href":"https:\/\/kinfirm.com\/lt\/wp-json\/wp\/v2\/pages\/20\/revisions"}],"predecessor-version":[{"id":3214,"href":"https:\/\/kinfirm.com\/lt\/wp-json\/wp\/v2\/pages\/20\/revisions\/3214"}],"wp:attachment":[{"href":"https:\/\/kinfirm.com\/lt\/wp-json\/wp\/v2\/media?parent=20"}],"curies":[{"name":"wp","href":"https:\/\/api.w.org\/{rel}","templated":true}]}}