{"id":1728,"date":"2022-11-09T14:25:39","date_gmt":"2022-11-09T12:25:39","guid":{"rendered":"https:\/\/kinfirm.com\/?page_id=1728"},"modified":"2024-03-12T00:25:51","modified_gmt":"2024-03-11T22:25:51","slug":"elektroniniu-parduotuviu-kurimas","status":"publish","type":"page","link":"https:\/\/kinfirm.com\/lt\/programavimo-paslaugos\/elektroniniu-parduotuviu-kurimas\/","title":{"rendered":"Elektronini\u0173 parduotuvi\u0173 k\u016brimas"},"content":{"rendered":"<div class=\"section-wrapper \">\n    <section class=\" sm:pt-[190px] pt-[120px] flex flex-col justify-center\">\n    <div class=\"container\">\n      <div class=\"border-b border-solid border-gray-40 sm:pb-[120px] pb-[50px]\">\n                  <h1 class=\"tracking-small lg:text-96px md:text-64px text-40px text-white\"><span class=\"slash\">\/<\/span>Elektronini\u0173 parduotuvi\u0173<br \/>\r\nk\u016brimas\n          <\/h1>\n                          <div class=\"prose tracking-small text-white md:text-32px sm:text-24px md:mt-8 mt-6\">\n            <p>Kuriame unikalaus dizaino bei funkcionalumo elektronines parduotuves su WordPress arba Laravel (kai reikalingi nestandartiniai sprendimai ir funkcijos).<\/p>\n\n          <\/div>\n                              <\/div>\n    <\/div>\n  <\/section>\n  <\/div>\n\n\n<div class=\"section-wrapper \">\n    <section class=\"lg:py-24 md:py-12 py-6\" data-scroll-section>\n    <div class=\"container\">\n      <h2 class=\"lg:pb-16 md:pb-10 pb-6 text-white tracking-small lg:text-64px md:text-48px sm:text-32px text-24px\">\n        <span class=\"slash\">\/<\/span>Pasikalb\u0117kime apie J\u016bs\u0173 elektronin\u0117s<br \/>\r\nparduotuv\u0117s k\u016brim\u0105\n      <\/h2>\n\n      <div class=\"btn-gray__group\">\n\n                          <a href=\"https:\/\/kinfirm.com\/lt\/kontaktai\/\" class=\"btn-gray__link\">\n                    <div class=\"btn-gray__title\">\n              Kontaktai\n            <\/div>\n                  <\/a>\n                \n      <\/div>\n\n    <\/div>\n  <\/section>\n  <\/div>\n\n\n<div class=\"section-wrapper sm:mt-14 mt-5 \">\n      <section class=\"py-0 pb-10 px-4\" data-scroll-section>\n\n      <div class=\"relative overflow-hidden\">\n        <div class=\"container-large bg-gray-100 md:pr-4 pr-0 pl-0\">\n          <div class=\"grid lg:grid-cols-12 md:grid-cols-2 grid-cols-1 xl:gap-x-28 lg:gap-x-20 gap-x-10 items-center\">\n\n            <div class=\"order-none md:order-1 reverse__img h-full lg:col-span-5\">\n              <img loading=\"lazy\" decoding=\"async\" width=\"1200\" height=\"1200\" src=\"https:\/\/kinfirm.com\/app\/uploads\/2022\/05\/pic_04@2x.jpg\" class=\"control__cnv h-full w-full object-cover rounded-[20px] object-right-center\" alt=\"\" srcset=\"https:\/\/kinfirm.com\/app\/uploads\/2022\/05\/pic_04@2x.jpg 1200w, https:\/\/kinfirm.com\/app\/uploads\/2022\/05\/pic_04@2x-150x150@2x.jpg 300w, https:\/\/kinfirm.com\/app\/uploads\/2022\/05\/pic_04@2x-1024x1024.jpg 1024w, https:\/\/kinfirm.com\/app\/uploads\/2022\/05\/pic_04@2x-150x150.jpg 150w, https:\/\/kinfirm.com\/app\/uploads\/2022\/05\/pic_04@2x-300x300@2x.jpg 600w\" sizes=\"auto, (max-width: 1200px) 100vw, 1200px\" \/>\n            <\/div>\n\n            <div class=\"md:order-2 order-1 reverse__text lg:col-span-7 p-6 py-10\">\n              <div class=\"lg:max-w-[480px] \">\n                <h2 class=\"h text-gray-100 tracking-small lg:text-64px md:text-48px sm:text-32px text-24px sm:mb-8 mb-4\">\n                  <span class=\"slash\">\/<\/span>Elektronini\u0173 parduotuvi\u0173 k\u016brimas su WordPress\n                <\/h2>\n                              <\/div>\n            <\/div>\n\n          <\/div>\n\n        <\/div>\n\n      <\/div>\n\n    <\/section>\n    <\/div>\n  \n\n\n<div class=\"section-wrapper sm:mt-14 mt-5 pb-20\">\n      <section class=\"py-0 pb-10 px-4\" data-scroll-section>\n\n      <div class=\"relative overflow-hidden\">\n        <div class=\"container-large bg-gray-100 md:pl-4 pr-0 pl-0\">\n          <div class=\"grid lg:grid-cols-12 md:grid-cols-2 grid-cols-1 xl:gap-x-28 lg:gap-x-20 gap-x-10 items-center\">\n\n            <div class=\"order-none md:order-1 reverse__img h-full lg:col-span-5\">\n              <img loading=\"lazy\" decoding=\"async\" width=\"1200\" height=\"1200\" src=\"https:\/\/kinfirm.com\/app\/uploads\/2022\/05\/pic_04@2x.jpg\" class=\"control__cnv h-full w-full object-cover rounded-[20px] object-right-center\" alt=\"\" srcset=\"https:\/\/kinfirm.com\/app\/uploads\/2022\/05\/pic_04@2x.jpg 1200w, https:\/\/kinfirm.com\/app\/uploads\/2022\/05\/pic_04@2x-150x150@2x.jpg 300w, https:\/\/kinfirm.com\/app\/uploads\/2022\/05\/pic_04@2x-1024x1024.jpg 1024w, https:\/\/kinfirm.com\/app\/uploads\/2022\/05\/pic_04@2x-150x150.jpg 150w, https:\/\/kinfirm.com\/app\/uploads\/2022\/05\/pic_04@2x-300x300@2x.jpg 600w\" sizes=\"auto, (max-width: 1200px) 100vw, 1200px\" \/>\n            <\/div>\n\n            <div class=\"md:order-none order-1 reverse__text lg:col-span-7 p-6 py-10\">\n              <div class=\"lg:max-w-[480px] mx-auto\">\n                <h2 class=\"h text-gray-100 tracking-small lg:text-64px md:text-48px sm:text-32px text-24px sm:mb-8 mb-4\">\n                  <span class=\"slash\">\/<\/span>Elektronini\u0173 parduotuvi\u0173 k\u016brimas su Laravel\n                <\/h2>\n                              <\/div>\n            <\/div>\n\n          <\/div>\n\n        <\/div>\n\n      <\/div>\n\n    <\/section>\n    <\/div>\n  \n","protected":false},"excerpt":{"rendered":"","protected":false},"author":1,"featured_media":0,"parent":25,"menu_order":0,"comment_status":"closed","ping_status":"closed","template":"page-blocks.blade.php","meta":{"_acf_changed":false,"inline_featured_image":false,"footnotes":""},"class_list":["post-1728","page","type-page","status-publish","hentry"],"acf":[],"yoast_head":"<!-- This site is optimized with the Yoast SEO plugin v26.9 - https:\/\/yoast.com\/product\/yoast-seo-wordpress\/ -->\n<title>Elektronini\u0173 parduotuvi\u0173 k\u016brimas - Kinfirm<\/title>\n<meta name=\"description\" content=\"Kuriame unikalaus dizaino bei funkcionalumo elektronines parduotuves su WordPress arba Laravel (kai reikalingi nestandartiniai sprendimai ir funkcijos).\" \/>\n<meta name=\"robots\" content=\"index, follow, max-snippet:-1, max-image-preview:large, max-video-preview:-1\" \/>\n<link rel=\"canonical\" href=\"https:\/\/kinfirm.com\/lt\/programavimo-paslaugos\/elektroniniu-parduotuviu-kurimas\/\" \/>\n<meta property=\"og:locale\" content=\"lt_LT\" \/>\n<meta property=\"og:type\" content=\"article\" \/>\n<meta property=\"og:title\" content=\"Elektronini\u0173 parduotuvi\u0173 k\u016brimas - Kinfirm\" \/>\n<meta property=\"og:description\" content=\"Kuriame unikalaus dizaino bei funkcionalumo elektronines parduotuves su WordPress arba Laravel (kai reikalingi nestandartiniai sprendimai ir funkcijos).\" \/>\n<meta property=\"og:url\" content=\"https:\/\/kinfirm.com\/lt\/programavimo-paslaugos\/elektroniniu-parduotuviu-kurimas\/\" \/>\n<meta property=\"og:site_name\" content=\"Kinfirm\" \/>\n<meta property=\"article:modified_time\" content=\"2024-03-11T22:25:51+00:00\" \/>\n<meta property=\"og:image\" content=\"https:\/\/kinfirm.com\/app\/uploads\/2022\/05\/kinfirm_og.jpg\" \/>\n\t<meta property=\"og:image:width\" content=\"1200\" \/>\n\t<meta property=\"og:image:height\" content=\"673\" \/>\n\t<meta property=\"og:image:type\" content=\"image\/jpeg\" \/>\n<meta name=\"twitter:card\" content=\"summary_large_image\" \/>\n<script type=\"application\/ld+json\" class=\"yoast-schema-graph\">{\"@context\":\"https:\/\/schema.org\",\"@graph\":[{\"@type\":\"WebPage\",\"@id\":\"https:\/\/kinfirm.com\/lt\/programavimo-paslaugos\/elektroniniu-parduotuviu-kurimas\/\",\"url\":\"https:\/\/kinfirm.com\/lt\/programavimo-paslaugos\/elektroniniu-parduotuviu-kurimas\/\",\"name\":\"Elektronini\u0173 parduotuvi\u0173 k\u016brimas - Kinfirm\",\"isPartOf\":{\"@id\":\"https:\/\/kinfirm.com\/lt\/#website\"},\"datePublished\":\"2022-11-09T12:25:39+00:00\",\"dateModified\":\"2024-03-11T22:25:51+00:00\",\"description\":\"Kuriame unikalaus dizaino bei funkcionalumo elektronines parduotuves su WordPress arba Laravel (kai reikalingi nestandartiniai sprendimai ir funkcijos).\",\"breadcrumb\":{\"@id\":\"https:\/\/kinfirm.com\/lt\/programavimo-paslaugos\/elektroniniu-parduotuviu-kurimas\/#breadcrumb\"},\"inLanguage\":\"lt-LT\",\"potentialAction\":[{\"@type\":\"ReadAction\",\"target\":[\"https:\/\/kinfirm.com\/lt\/programavimo-paslaugos\/elektroniniu-parduotuviu-kurimas\/\"]}]},{\"@type\":\"BreadcrumbList\",\"@id\":\"https:\/\/kinfirm.com\/lt\/programavimo-paslaugos\/elektroniniu-parduotuviu-kurimas\/#breadcrumb\",\"itemListElement\":[{\"@type\":\"ListItem\",\"position\":1,\"name\":\"Home\",\"item\":\"https:\/\/kinfirm.com\/lt\/\"},{\"@type\":\"ListItem\",\"position\":2,\"name\":\"Programavimas\",\"item\":\"https:\/\/kinfirm.com\/lt\/programavimo-paslaugos\/\"},{\"@type\":\"ListItem\",\"position\":3,\"name\":\"Elektronini\u0173 parduotuvi\u0173 k\u016brimas\"}]},{\"@type\":\"WebSite\",\"@id\":\"https:\/\/kinfirm.com\/lt\/#website\",\"url\":\"https:\/\/kinfirm.com\/lt\/\",\"name\":\"Kinfirm\",\"description\":\"\",\"publisher\":{\"@id\":\"https:\/\/kinfirm.com\/lt\/#organization\"},\"potentialAction\":[{\"@type\":\"SearchAction\",\"target\":{\"@type\":\"EntryPoint\",\"urlTemplate\":\"https:\/\/kinfirm.com\/lt\/?s={search_term_string}\"},\"query-input\":{\"@type\":\"PropertyValueSpecification\",\"valueRequired\":true,\"valueName\":\"search_term_string\"}}],\"inLanguage\":\"lt-LT\"},{\"@type\":\"Organization\",\"@id\":\"https:\/\/kinfirm.com\/lt\/#organization\",\"name\":\"Kinfirm\",\"url\":\"https:\/\/kinfirm.com\/lt\/\",\"logo\":{\"@type\":\"ImageObject\",\"inLanguage\":\"lt-LT\",\"@id\":\"https:\/\/kinfirm.com\/lt\/#\/schema\/logo\/image\/\",\"url\":\"https:\/\/kinfirm.com\/app\/uploads\/2022\/05\/Kinfirm-logo.svg\",\"contentUrl\":\"https:\/\/kinfirm.com\/app\/uploads\/2022\/05\/Kinfirm-logo.svg\",\"width\":\"1024\",\"height\":\"1024\",\"caption\":\"Kinfirm\"},\"image\":{\"@id\":\"https:\/\/kinfirm.com\/lt\/#\/schema\/logo\/image\/\"}}]}<\/script>\n<!-- \/ Yoast SEO plugin. -->","yoast_head_json":{"title":"Elektronini\u0173 parduotuvi\u0173 k\u016brimas - Kinfirm","description":"Kuriame unikalaus dizaino bei funkcionalumo elektronines parduotuves su WordPress arba Laravel (kai reikalingi nestandartiniai sprendimai ir funkcijos).","robots":{"index":"index","follow":"follow","max-snippet":"max-snippet:-1","max-image-preview":"max-image-preview:large","max-video-preview":"max-video-preview:-1"},"canonical":"https:\/\/kinfirm.com\/lt\/programavimo-paslaugos\/elektroniniu-parduotuviu-kurimas\/","og_locale":"lt_LT","og_type":"article","og_title":"Elektronini\u0173 parduotuvi\u0173 k\u016brimas - Kinfirm","og_description":"Kuriame unikalaus dizaino bei funkcionalumo elektronines parduotuves su WordPress arba Laravel (kai reikalingi nestandartiniai sprendimai ir funkcijos).","og_url":"https:\/\/kinfirm.com\/lt\/programavimo-paslaugos\/elektroniniu-parduotuviu-kurimas\/","og_site_name":"Kinfirm","article_modified_time":"2024-03-11T22:25:51+00:00","og_image":[{"width":1200,"height":673,"url":"https:\/\/kinfirm.com\/app\/uploads\/2022\/05\/kinfirm_og.jpg","type":"image\/jpeg"}],"twitter_card":"summary_large_image","schema":{"@context":"https:\/\/schema.org","@graph":[{"@type":"WebPage","@id":"https:\/\/kinfirm.com\/lt\/programavimo-paslaugos\/elektroniniu-parduotuviu-kurimas\/","url":"https:\/\/kinfirm.com\/lt\/programavimo-paslaugos\/elektroniniu-parduotuviu-kurimas\/","name":"Elektronini\u0173 parduotuvi\u0173 k\u016brimas - Kinfirm","isPartOf":{"@id":"https:\/\/kinfirm.com\/lt\/#website"},"datePublished":"2022-11-09T12:25:39+00:00","dateModified":"2024-03-11T22:25:51+00:00","description":"Kuriame unikalaus dizaino bei funkcionalumo elektronines parduotuves su WordPress arba Laravel (kai reikalingi nestandartiniai sprendimai ir funkcijos).","breadcrumb":{"@id":"https:\/\/kinfirm.com\/lt\/programavimo-paslaugos\/elektroniniu-parduotuviu-kurimas\/#breadcrumb"},"inLanguage":"lt-LT","potentialAction":[{"@type":"ReadAction","target":["https:\/\/kinfirm.com\/lt\/programavimo-paslaugos\/elektroniniu-parduotuviu-kurimas\/"]}]},{"@type":"BreadcrumbList","@id":"https:\/\/kinfirm.com\/lt\/programavimo-paslaugos\/elektroniniu-parduotuviu-kurimas\/#breadcrumb","itemListElement":[{"@type":"ListItem","position":1,"name":"Home","item":"https:\/\/kinfirm.com\/lt\/"},{"@type":"ListItem","position":2,"name":"Programavimas","item":"https:\/\/kinfirm.com\/lt\/programavimo-paslaugos\/"},{"@type":"ListItem","position":3,"name":"Elektronini\u0173 parduotuvi\u0173 k\u016brimas"}]},{"@type":"WebSite","@id":"https:\/\/kinfirm.com\/lt\/#website","url":"https:\/\/kinfirm.com\/lt\/","name":"Kinfirm","description":"","publisher":{"@id":"https:\/\/kinfirm.com\/lt\/#organization"},"potentialAction":[{"@type":"SearchAction","target":{"@type":"EntryPoint","urlTemplate":"https:\/\/kinfirm.com\/lt\/?s={search_term_string}"},"query-input":{"@type":"PropertyValueSpecification","valueRequired":true,"valueName":"search_term_string"}}],"inLanguage":"lt-LT"},{"@type":"Organization","@id":"https:\/\/kinfirm.com\/lt\/#organization","name":"Kinfirm","url":"https:\/\/kinfirm.com\/lt\/","logo":{"@type":"ImageObject","inLanguage":"lt-LT","@id":"https:\/\/kinfirm.com\/lt\/#\/schema\/logo\/image\/","url":"https:\/\/kinfirm.com\/app\/uploads\/2022\/05\/Kinfirm-logo.svg","contentUrl":"https:\/\/kinfirm.com\/app\/uploads\/2022\/05\/Kinfirm-logo.svg","width":"1024","height":"1024","caption":"Kinfirm"},"image":{"@id":"https:\/\/kinfirm.com\/lt\/#\/schema\/logo\/image\/"}}]}},"_links":{"self":[{"href":"https:\/\/kinfirm.com\/lt\/wp-json\/wp\/v2\/pages\/1728","targetHints":{"allow":["GET"]}}],"collection":[{"href":"https:\/\/kinfirm.com\/lt\/wp-json\/wp\/v2\/pages"}],"about":[{"href":"https:\/\/kinfirm.com\/lt\/wp-json\/wp\/v2\/types\/page"}],"author":[{"embeddable":true,"href":"https:\/\/kinfirm.com\/lt\/wp-json\/wp\/v2\/users\/1"}],"replies":[{"embeddable":true,"href":"https:\/\/kinfirm.com\/lt\/wp-json\/wp\/v2\/comments?post=1728"}],"version-history":[{"count":5,"href":"https:\/\/kinfirm.com\/lt\/wp-json\/wp\/v2\/pages\/1728\/revisions"}],"predecessor-version":[{"id":3312,"href":"https:\/\/kinfirm.com\/lt\/wp-json\/wp\/v2\/pages\/1728\/revisions\/3312"}],"up":[{"embeddable":true,"href":"https:\/\/kinfirm.com\/lt\/wp-json\/wp\/v2\/pages\/25"}],"wp:attachment":[{"href":"https:\/\/kinfirm.com\/lt\/wp-json\/wp\/v2\/media?parent=1728"}],"curies":[{"name":"wp","href":"https:\/\/api.w.org\/{rel}","templated":true}]}}