{"id":1611,"date":"2022-11-02T14:44:43","date_gmt":"2022-11-02T12:44:43","guid":{"rendered":"https:\/\/kinfirm.com\/?page_id=1611"},"modified":"2024-01-16T15:52:02","modified_gmt":"2024-01-16T13:52:02","slug":"klientu-valdymo-sistemos","status":"publish","type":"page","link":"https:\/\/kinfirm.com\/lt\/programavimo-paslaugos\/klientu-valdymo-sistemos\/","title":{"rendered":"Klient\u0173 valdymo sistemos"},"content":{"rendered":"<div class=\"section-wrapper \">\n    <section class=\" sm:pt-[190px] pt-[120px] flex flex-col justify-center\">\n    <div class=\"container\">\n      <div class=\"border-b border-solid border-gray-40 sm:pb-[120px] pb-[50px]\">\n                  <h1 class=\"tracking-small lg:text-96px md:text-64px text-40px text-white\"><span class=\"slash\">\/<\/span>Klient\u0173 valdymo sistem\u0173 programavimas\n          <\/h1>\n                          <div class=\"prose tracking-small text-white md:text-32px sm:text-24px md:mt-8 mt-6\">\n            <p>Rinkoje galima rasti daugyb\u0119 puiki\u0173 klient\u0173 valdymo sistem\u0173, ta\u010diau jeigu jums reikia ne tik skambu\u010di\u0173 ir pardavim\u0173 valdymo, bet ir sud\u0117ting\u0173 duomen\u0173 integracij\u0173 ir apsikeitim\u0173 su kitomis naudojamomis sistemomis bei gerokai platesni\u0173 galimybi\u0173, da\u017enu atveju rinkoje esantys sprendimai n\u0117ra tinkami. Tod\u0117l mes kuriame unikalaus funkcionalumo klient\u0173 valdymo sistemas, kuriose galite \u012fgyvendinti visas norimas id\u0117jas.<\/p>\n\n          <\/div>\n                              <\/div>\n    <\/div>\n  <\/section>\n  <\/div>\n\n\n<div class=\"section-wrapper \">\n    <section class=\"lg:py-24 md:py-12 py-6\" data-scroll-section>\n    <div class=\"container\">\n      <h2 class=\"lg:pb-16 md:pb-10 pb-6 text-white tracking-small lg:text-64px md:text-48px sm:text-32px text-24px\">\n        <span class=\"slash\">\/<\/span>Pasikalb\u0117kime apie j\u016bs\u0173 klient\u0173 valdymo sistem\u0105\n      <\/h2>\n\n      <div class=\"btn-gray__group\">\n\n                          <a href=\"https:\/\/kinfirm.com\/lt\/kontaktai\/\" class=\"btn-gray__link\">\n                    <div class=\"btn-gray__title\">\n              Kontaktai\n            <\/div>\n                  <\/a>\n                \n      <\/div>\n\n    <\/div>\n  <\/section>\n  <\/div>\n","protected":false},"excerpt":{"rendered":"","protected":false},"author":1,"featured_media":0,"parent":25,"menu_order":0,"comment_status":"closed","ping_status":"closed","template":"page-blocks.blade.php","meta":{"_acf_changed":false,"inline_featured_image":false,"footnotes":""},"class_list":["post-1611","page","type-page","status-publish","hentry"],"acf":[],"yoast_head":"<!-- This site is optimized with the Yoast SEO plugin v26.9 - https:\/\/yoast.com\/product\/yoast-seo-wordpress\/ -->\n<title>Klient\u0173 valdymo sistem\u0173 programavimas \/Kinfirm<\/title>\n<meta name=\"description\" content=\"Kuriame unikalaus funkcionalumo klient\u0173 valdymo sistemas, skambu\u010di\u0173 ir pardavim\u0173 valdymo, bei sud\u0117tingas duomen\u0173 integracijas ir apsikeitim\u0173 su kitomis naudojamomis sistemomis sprendimus.\" \/>\n<meta name=\"robots\" content=\"index, follow, max-snippet:-1, max-image-preview:large, max-video-preview:-1\" \/>\n<link rel=\"canonical\" href=\"https:\/\/kinfirm.com\/lt\/programavimo-paslaugos\/klientu-valdymo-sistemos\/\" \/>\n<meta property=\"og:locale\" content=\"lt_LT\" \/>\n<meta property=\"og:type\" content=\"article\" \/>\n<meta property=\"og:title\" content=\"Klient\u0173 valdymo sistem\u0173 programavimas \/Kinfirm\" \/>\n<meta property=\"og:description\" content=\"Kuriame unikalaus funkcionalumo klient\u0173 valdymo sistemas, skambu\u010di\u0173 ir pardavim\u0173 valdymo, bei sud\u0117tingas duomen\u0173 integracijas ir apsikeitim\u0173 su kitomis naudojamomis sistemomis sprendimus.\" \/>\n<meta property=\"og:url\" content=\"https:\/\/kinfirm.com\/lt\/programavimo-paslaugos\/klientu-valdymo-sistemos\/\" \/>\n<meta property=\"og:site_name\" content=\"Kinfirm\" \/>\n<meta property=\"article:modified_time\" content=\"2024-01-16T13:52:02+00:00\" \/>\n<meta property=\"og:image\" content=\"https:\/\/kinfirm.com\/app\/uploads\/2022\/05\/kinfirm_og.jpg\" \/>\n\t<meta property=\"og:image:width\" content=\"1200\" \/>\n\t<meta property=\"og:image:height\" content=\"673\" \/>\n\t<meta property=\"og:image:type\" content=\"image\/jpeg\" \/>\n<meta name=\"twitter:card\" content=\"summary_large_image\" \/>\n<script type=\"application\/ld+json\" class=\"yoast-schema-graph\">{\"@context\":\"https:\/\/schema.org\",\"@graph\":[{\"@type\":\"WebPage\",\"@id\":\"https:\/\/kinfirm.com\/lt\/programavimo-paslaugos\/klientu-valdymo-sistemos\/\",\"url\":\"https:\/\/kinfirm.com\/lt\/programavimo-paslaugos\/klientu-valdymo-sistemos\/\",\"name\":\"Klient\u0173 valdymo sistem\u0173 programavimas \/Kinfirm\",\"isPartOf\":{\"@id\":\"https:\/\/kinfirm.com\/lt\/#website\"},\"datePublished\":\"2022-11-02T12:44:43+00:00\",\"dateModified\":\"2024-01-16T13:52:02+00:00\",\"description\":\"Kuriame unikalaus funkcionalumo klient\u0173 valdymo sistemas, skambu\u010di\u0173 ir pardavim\u0173 valdymo, bei sud\u0117tingas duomen\u0173 integracijas ir apsikeitim\u0173 su kitomis naudojamomis sistemomis sprendimus.\",\"breadcrumb\":{\"@id\":\"https:\/\/kinfirm.com\/lt\/programavimo-paslaugos\/klientu-valdymo-sistemos\/#breadcrumb\"},\"inLanguage\":\"lt-LT\",\"potentialAction\":[{\"@type\":\"ReadAction\",\"target\":[\"https:\/\/kinfirm.com\/lt\/programavimo-paslaugos\/klientu-valdymo-sistemos\/\"]}]},{\"@type\":\"BreadcrumbList\",\"@id\":\"https:\/\/kinfirm.com\/lt\/programavimo-paslaugos\/klientu-valdymo-sistemos\/#breadcrumb\",\"itemListElement\":[{\"@type\":\"ListItem\",\"position\":1,\"name\":\"Home\",\"item\":\"https:\/\/kinfirm.com\/lt\/\"},{\"@type\":\"ListItem\",\"position\":2,\"name\":\"Programavimas\",\"item\":\"https:\/\/kinfirm.com\/lt\/programavimo-paslaugos\/\"},{\"@type\":\"ListItem\",\"position\":3,\"name\":\"Klient\u0173 valdymo sistemos\"}]},{\"@type\":\"WebSite\",\"@id\":\"https:\/\/kinfirm.com\/lt\/#website\",\"url\":\"https:\/\/kinfirm.com\/lt\/\",\"name\":\"Kinfirm\",\"description\":\"\",\"publisher\":{\"@id\":\"https:\/\/kinfirm.com\/lt\/#organization\"},\"potentialAction\":[{\"@type\":\"SearchAction\",\"target\":{\"@type\":\"EntryPoint\",\"urlTemplate\":\"https:\/\/kinfirm.com\/lt\/?s={search_term_string}\"},\"query-input\":{\"@type\":\"PropertyValueSpecification\",\"valueRequired\":true,\"valueName\":\"search_term_string\"}}],\"inLanguage\":\"lt-LT\"},{\"@type\":\"Organization\",\"@id\":\"https:\/\/kinfirm.com\/lt\/#organization\",\"name\":\"Kinfirm\",\"url\":\"https:\/\/kinfirm.com\/lt\/\",\"logo\":{\"@type\":\"ImageObject\",\"inLanguage\":\"lt-LT\",\"@id\":\"https:\/\/kinfirm.com\/lt\/#\/schema\/logo\/image\/\",\"url\":\"https:\/\/kinfirm.com\/app\/uploads\/2022\/05\/Kinfirm-logo.svg\",\"contentUrl\":\"https:\/\/kinfirm.com\/app\/uploads\/2022\/05\/Kinfirm-logo.svg\",\"width\":\"1024\",\"height\":\"1024\",\"caption\":\"Kinfirm\"},\"image\":{\"@id\":\"https:\/\/kinfirm.com\/lt\/#\/schema\/logo\/image\/\"}}]}<\/script>\n<!-- \/ Yoast SEO plugin. -->","yoast_head_json":{"title":"Klient\u0173 valdymo sistem\u0173 programavimas \/Kinfirm","description":"Kuriame unikalaus funkcionalumo klient\u0173 valdymo sistemas, skambu\u010di\u0173 ir pardavim\u0173 valdymo, bei sud\u0117tingas duomen\u0173 integracijas ir apsikeitim\u0173 su kitomis naudojamomis sistemomis sprendimus.","robots":{"index":"index","follow":"follow","max-snippet":"max-snippet:-1","max-image-preview":"max-image-preview:large","max-video-preview":"max-video-preview:-1"},"canonical":"https:\/\/kinfirm.com\/lt\/programavimo-paslaugos\/klientu-valdymo-sistemos\/","og_locale":"lt_LT","og_type":"article","og_title":"Klient\u0173 valdymo sistem\u0173 programavimas \/Kinfirm","og_description":"Kuriame unikalaus funkcionalumo klient\u0173 valdymo sistemas, skambu\u010di\u0173 ir pardavim\u0173 valdymo, bei sud\u0117tingas duomen\u0173 integracijas ir apsikeitim\u0173 su kitomis naudojamomis sistemomis sprendimus.","og_url":"https:\/\/kinfirm.com\/lt\/programavimo-paslaugos\/klientu-valdymo-sistemos\/","og_site_name":"Kinfirm","article_modified_time":"2024-01-16T13:52:02+00:00","og_image":[{"width":1200,"height":673,"url":"https:\/\/kinfirm.com\/app\/uploads\/2022\/05\/kinfirm_og.jpg","type":"image\/jpeg"}],"twitter_card":"summary_large_image","schema":{"@context":"https:\/\/schema.org","@graph":[{"@type":"WebPage","@id":"https:\/\/kinfirm.com\/lt\/programavimo-paslaugos\/klientu-valdymo-sistemos\/","url":"https:\/\/kinfirm.com\/lt\/programavimo-paslaugos\/klientu-valdymo-sistemos\/","name":"Klient\u0173 valdymo sistem\u0173 programavimas \/Kinfirm","isPartOf":{"@id":"https:\/\/kinfirm.com\/lt\/#website"},"datePublished":"2022-11-02T12:44:43+00:00","dateModified":"2024-01-16T13:52:02+00:00","description":"Kuriame unikalaus funkcionalumo klient\u0173 valdymo sistemas, skambu\u010di\u0173 ir pardavim\u0173 valdymo, bei sud\u0117tingas duomen\u0173 integracijas ir apsikeitim\u0173 su kitomis naudojamomis sistemomis sprendimus.","breadcrumb":{"@id":"https:\/\/kinfirm.com\/lt\/programavimo-paslaugos\/klientu-valdymo-sistemos\/#breadcrumb"},"inLanguage":"lt-LT","potentialAction":[{"@type":"ReadAction","target":["https:\/\/kinfirm.com\/lt\/programavimo-paslaugos\/klientu-valdymo-sistemos\/"]}]},{"@type":"BreadcrumbList","@id":"https:\/\/kinfirm.com\/lt\/programavimo-paslaugos\/klientu-valdymo-sistemos\/#breadcrumb","itemListElement":[{"@type":"ListItem","position":1,"name":"Home","item":"https:\/\/kinfirm.com\/lt\/"},{"@type":"ListItem","position":2,"name":"Programavimas","item":"https:\/\/kinfirm.com\/lt\/programavimo-paslaugos\/"},{"@type":"ListItem","position":3,"name":"Klient\u0173 valdymo sistemos"}]},{"@type":"WebSite","@id":"https:\/\/kinfirm.com\/lt\/#website","url":"https:\/\/kinfirm.com\/lt\/","name":"Kinfirm","description":"","publisher":{"@id":"https:\/\/kinfirm.com\/lt\/#organization"},"potentialAction":[{"@type":"SearchAction","target":{"@type":"EntryPoint","urlTemplate":"https:\/\/kinfirm.com\/lt\/?s={search_term_string}"},"query-input":{"@type":"PropertyValueSpecification","valueRequired":true,"valueName":"search_term_string"}}],"inLanguage":"lt-LT"},{"@type":"Organization","@id":"https:\/\/kinfirm.com\/lt\/#organization","name":"Kinfirm","url":"https:\/\/kinfirm.com\/lt\/","logo":{"@type":"ImageObject","inLanguage":"lt-LT","@id":"https:\/\/kinfirm.com\/lt\/#\/schema\/logo\/image\/","url":"https:\/\/kinfirm.com\/app\/uploads\/2022\/05\/Kinfirm-logo.svg","contentUrl":"https:\/\/kinfirm.com\/app\/uploads\/2022\/05\/Kinfirm-logo.svg","width":"1024","height":"1024","caption":"Kinfirm"},"image":{"@id":"https:\/\/kinfirm.com\/lt\/#\/schema\/logo\/image\/"}}]}},"_links":{"self":[{"href":"https:\/\/kinfirm.com\/lt\/wp-json\/wp\/v2\/pages\/1611","targetHints":{"allow":["GET"]}}],"collection":[{"href":"https:\/\/kinfirm.com\/lt\/wp-json\/wp\/v2\/pages"}],"about":[{"href":"https:\/\/kinfirm.com\/lt\/wp-json\/wp\/v2\/types\/page"}],"author":[{"embeddable":true,"href":"https:\/\/kinfirm.com\/lt\/wp-json\/wp\/v2\/users\/1"}],"replies":[{"embeddable":true,"href":"https:\/\/kinfirm.com\/lt\/wp-json\/wp\/v2\/comments?post=1611"}],"version-history":[{"count":5,"href":"https:\/\/kinfirm.com\/lt\/wp-json\/wp\/v2\/pages\/1611\/revisions"}],"predecessor-version":[{"id":2726,"href":"https:\/\/kinfirm.com\/lt\/wp-json\/wp\/v2\/pages\/1611\/revisions\/2726"}],"up":[{"embeddable":true,"href":"https:\/\/kinfirm.com\/lt\/wp-json\/wp\/v2\/pages\/25"}],"wp:attachment":[{"href":"https:\/\/kinfirm.com\/lt\/wp-json\/wp\/v2\/media?parent=1611"}],"curies":[{"name":"wp","href":"https:\/\/api.w.org\/{rel}","templated":true}]}}