{"id":14,"date":"2022-05-09T11:24:05","date_gmt":"2022-05-09T11:24:05","guid":{"rendered":"https:\/\/kinfirm.com\/?page_id=14"},"modified":"2024-03-26T00:14:48","modified_gmt":"2024-03-25T22:14:48","slug":"apie-mus","status":"publish","type":"page","link":"https:\/\/kinfirm.com\/lt\/apie-mus\/","title":{"rendered":"Apie mus"},"content":{"rendered":"<div class=\"section-wrapper \">\n    <section class=\" sm:pt-[190px] pt-[120px] flex flex-col justify-center\">\n    <div class=\"container\">\n      <div class=\"border-b border-solid border-gray-40 sm:pb-[120px] pb-[50px]\">\n                  <h1 class=\"tracking-small lg:text-96px md:text-64px text-40px text-white\"><span class=\"slash\">\/<\/span>Patikima programuotoj\u0173 komanda.\n          <\/h1>\n                                      <\/div>\n    <\/div>\n  <\/section>\n  <\/div>\n\n\n<div class=\"section-wrapper \">\n    <section class=\"ornament-gray--light max-h-screen\" data-scroll-section>\n      <img loading=\"lazy\" decoding=\"async\" width=\"2048\" height=\"1536\" src=\"https:\/\/kinfirm.com\/app\/uploads\/2023\/02\/327536101_929792078394863_5808720655819374557_n-2.jpg\" class=\"w-full\" alt=\"\" srcset=\"https:\/\/kinfirm.com\/app\/uploads\/2023\/02\/327536101_929792078394863_5808720655819374557_n-2-1024x768@2x.jpg 2048w, https:\/\/kinfirm.com\/app\/uploads\/2023\/02\/327536101_929792078394863_5808720655819374557_n-2-300x225.jpg 300w, https:\/\/kinfirm.com\/app\/uploads\/2023\/02\/327536101_929792078394863_5808720655819374557_n-2-1024x768.jpg 1024w, https:\/\/kinfirm.com\/app\/uploads\/2023\/02\/327536101_929792078394863_5808720655819374557_n-2-1536x1152.jpg 1536w, https:\/\/kinfirm.com\/app\/uploads\/2023\/02\/327536101_929792078394863_5808720655819374557_n-2-300x225@2x.jpg 600w\" sizes=\"auto, (max-width: 2048px) 100vw, 2048px\" \/>\n      <div class=\"container\">\n        <div class=\"absolute top-1\/2 transform -translate-y-1\/2 max-w-[980px] pr-4\">\n\n                      <h2 class=\"tracking-small lg:text-96px md:text-64px text-32px text-white md:mb-8 mb-6\">\n              <span class=\"slash\">\/<\/span>Programuotojai, kuriems r\u016bpi j\u016bs\u0173 verslo s\u0117km\u0117.\n            <\/h2>\n                                    <div class=\"prose text-white tracking-small md:text-32px text-20px\">\n                <p>Nuo 2015 met\u0173 padedame organizacijoms skaitmenizuoti procesus. Auk\u0161\u010diausio lygio komanda, moderniausios technologijos bei \u012frankiai \u2013 visa tai j\u016bs\u0173 verslo s\u0117kmei ir darbo efektyvumui.<\/p>\n\n              <\/div>\n                    <\/div>\n      <\/div>\n    <\/section>\n  <\/div>\n\n\n<div class=\"section-wrapper sm:mt-14 mt-5 pt-10\">\n      <section class=\"py-0 pb-10 px-4\" data-scroll-section>\n\n      <div class=\"relative overflow-hidden\">\n        <div class=\"container-large bg-gray-100 md:pl-4 pr-0 pl-0\">\n          <div class=\"grid lg:grid-cols-12 md:grid-cols-2 grid-cols-1 xl:gap-x-28 lg:gap-x-20 gap-x-10 items-center\">\n\n            <div class=\"order-none md:order-1 reverse__img h-full lg:col-span-5\">\n              <img loading=\"lazy\" decoding=\"async\" width=\"1200\" height=\"1352\" src=\"https:\/\/kinfirm.com\/app\/uploads\/2024\/03\/IMG_0863.jpg\" class=\"control__cnv h-full w-full object-cover rounded-[20px] object-right-center\" alt=\"\" srcset=\"https:\/\/kinfirm.com\/app\/uploads\/2024\/03\/IMG_0863.jpg 1200w, https:\/\/kinfirm.com\/app\/uploads\/2024\/03\/IMG_0863-266x300.jpg 266w, https:\/\/kinfirm.com\/app\/uploads\/2024\/03\/IMG_0863-909x1024.jpg 909w, https:\/\/kinfirm.com\/app\/uploads\/2024\/03\/IMG_0863-266x300@2x.jpg 532w\" sizes=\"auto, (max-width: 1200px) 100vw, 1200px\" \/>\n            <\/div>\n\n            <div class=\"md:order-none order-1 reverse__text lg:col-span-7 p-6 py-10\">\n              <div class=\"lg:max-w-[480px] mx-auto\">\n                <h2 class=\"h text-gray-100 tracking-small lg:text-64px md:text-48px sm:text-32px text-24px sm:mb-8 mb-4\">\n                  <span class=\"slash\">\/<\/span>Kas mes?\n                <\/h2>\n                                  <div class=\"c prose md:prose-md tracking-small\">\n                    <p>Esame programuotoj\u0173 komanda, padedanti verslams \u012fgyvendinti ambicingus IT projektus.<\/p>\n<p>Nuo 2007 m. buvome \u017einomi ARTME vardu. 2022 m. pristat\u0117me savo nauj\u0105 prekin\u012f \u017eenkl\u0105, kuris \u012fprasmina ir atspindi m\u016bs\u0173 vertybes ir po\u017ei\u016br\u012f \u012f darb\u0105. Kuriame ir augame kartu su savo klientais, kuriems padedame supaprastinti ir gerinti verslo procesus. Visuomet siekiame i\u0161girsti, suprasti ir pasi\u016blyti naudingiausius ir efektyviausius sprendimus.<\/p>\n\n                  <\/div>\n                              <\/div>\n            <\/div>\n\n          <\/div>\n\n        <\/div>\n\n      <\/div>\n\n    <\/section>\n    <\/div>\n  \n\n\n<div class=\"section-wrapper \">\n    <section class=\"bg-gray-100 lg:pt-24 sm:py-12 py-8\" data-scroll-section>\n      <div class=\"container\">\n        <div class=\"container-md\">\n                      <h2 class=\"text-white tracking-small lg:text-64px md:text-48px sm:text-32px text-24px md:mb-8 mb-6\">\n              <span class=\"slash\">\/<\/span>M\u016bs\u0173 prana\u0161umai             <\/h2>\n                                <div class=\"prose tracking-small xs:text-20px text-white\">\n              <p>Mums r\u016bpi j\u016bs\u0173 verslo s\u0117km\u0117, tod\u0117l kasdien ie\u0161kome inovatyvi\u0173 sprendim\u0173, padedan\u010di\u0173 mums pad\u0117ti jums.<\/p>\n\n            <\/div>\n          \n            \n              <div class=\"accordion\">\n\n                 \n                  <div class=\"accordion__block\"  :class=\"{ 'active': faq, '': !(faq) }\" x-data=\"{ faq: false }\">\n\n                                          <div class=\"accordion__block--heading\" x-on:click=\"faq = !faq\">\n                        <div class=\"h\">Programavimo standartai<\/div>\n                        <div class=\"w-6\">\n                          <svg class=\"fill-current text-white\" width=\"21\" height=\"20\">\n                            <use xlink:href=\"https:\/\/kinfirm.com\/app\/themes\/kinfirm\/public\/images\/icons\/icons.ad8643.svg#arrow-down\"\/>\n                          <\/svg>\n                        <\/div>\n                      <\/div>\n                    \n                                          <div class=\"accordion__block--content\">\n                        <p>Projektuodami bei programuodami IT sprendimus, laikom\u0117s geriausi\u0173 \u201eLaravel\u201c, \u201eWordPress\u201c ir objektinio programavimo praktik\u0173 bei standart\u0173. Tai leid\u017eia greitai ir nesud\u0117tingai pl\u0117sti projekt\u0173 funkcionalum\u0105, supaprastina projekt\u0173 prie\u017ei\u016br\u0105 ir u\u017etikrina skland\u0173 j\u016bs\u0173 verslo sistem\u0173 veikim\u0105.<\/p>\n\n                      <\/div>\n                                      <\/div>\n                 \n                  <div class=\"accordion__block\"  :class=\"{ 'active': faq, '': !(faq) }\" x-data=\"{ faq: false }\">\n\n                                          <div class=\"accordion__block--heading\" x-on:click=\"faq = !faq\">\n                        <div class=\"h\">Moderni infrastrukt\u016bra<\/div>\n                        <div class=\"w-6\">\n                          <svg class=\"fill-current text-white\" width=\"21\" height=\"20\">\n                            <use xlink:href=\"https:\/\/kinfirm.com\/app\/themes\/kinfirm\/public\/images\/icons\/icons.ad8643.svg#arrow-down\"\/>\n                          <\/svg>\n                        <\/div>\n                      <\/div>\n                    \n                                          <div class=\"accordion__block--content\">\n                        <p>Naudojame patikimiausi\u0105 ir inovatyviausi\u0105 programin\u0119 bei technin\u0119 \u012frang\u0105. Tai padeda u\u017etikrinti efektyv\u0173 darb\u0105 ir j\u016bs\u0173 projekt\u0173 ilgaam\u017ei\u0161kum\u0105.<\/p>\n\n                      <\/div>\n                                      <\/div>\n                 \n                  <div class=\"accordion__block\"  :class=\"{ 'active': faq, '': !(faq) }\" x-data=\"{ faq: false }\">\n\n                                          <div class=\"accordion__block--heading\" x-on:click=\"faq = !faq\">\n                        <div class=\"h\">Lankstumas be kompromis\u0173 kokybei<\/div>\n                        <div class=\"w-6\">\n                          <svg class=\"fill-current text-white\" width=\"21\" height=\"20\">\n                            <use xlink:href=\"https:\/\/kinfirm.com\/app\/themes\/kinfirm\/public\/images\/icons\/icons.ad8643.svg#arrow-down\"\/>\n                          <\/svg>\n                        <\/div>\n                      <\/div>\n                    \n                                          <div class=\"accordion__block--content\">\n                        <p>Atliekant projektavimo ir programavimo darbus, ie\u0161kome sprendim\u0173, kurie leist\u0173 taupyti laik\u0105, ka\u0161tus bei palengvint\u0173 kuriam\u0173 sprendim\u0173 prie\u017ei\u016br\u0105 be joki\u0173 kompromis\u0173 atliekam\u0173 darb\u0173 kokybei.<\/p>\n\n                      <\/div>\n                                      <\/div>\n                 \n                  <div class=\"accordion__block\"  :class=\"{ 'active': faq, '': !(faq) }\" x-data=\"{ faq: false }\">\n\n                                          <div class=\"accordion__block--heading\" x-on:click=\"faq = !faq\">\n                        <div class=\"h\">\u017dingsniu priekyje<\/div>\n                        <div class=\"w-6\">\n                          <svg class=\"fill-current text-white\" width=\"21\" height=\"20\">\n                            <use xlink:href=\"https:\/\/kinfirm.com\/app\/themes\/kinfirm\/public\/images\/icons\/icons.ad8643.svg#arrow-down\"\/>\n                          <\/svg>\n                        <\/div>\n                      <\/div>\n                    \n                                          <div class=\"accordion__block--content\">\n                        <p>Augame kartu su klientais, tod\u0117l atlikdami darbus, atsi\u017evelgiame ne tik \u012f esamus poreikius, bet ir numatome galimybes pl\u0117trai bei greitam poky\u010di\u0173 \u012fgyvendinimui.<\/p>\n\n                      <\/div>\n                                      <\/div>\n                \n              <\/div>\n            \n        <\/div>\n      <\/div>\n    <\/section>\n  <\/div>\n\n\n<div class=\"section-wrapper sm:mt-14 mt-5 \">\n      <section class=\"py-0 pb-10 px-4\" data-scroll-section>\n\n      <div class=\"relative overflow-hidden\">\n        <div class=\"container-large bg-gray-100 md:pr-4 pr-0 pl-0\">\n          <div class=\"grid lg:grid-cols-12 md:grid-cols-2 grid-cols-1 xl:gap-x-28 lg:gap-x-20 gap-x-10 items-center\">\n\n            <div class=\"order-none md:order-1 reverse__img h-full lg:col-span-5\">\n              <img loading=\"lazy\" decoding=\"async\" width=\"1418\" height=\"1536\" src=\"https:\/\/kinfirm.com\/app\/uploads\/2022\/05\/ofiso-foto1.jpg\" class=\"control__cnv h-full w-full object-cover rounded-[20px] object-right-center\" alt=\"\" srcset=\"https:\/\/kinfirm.com\/app\/uploads\/2022\/05\/ofiso-foto1.jpg 1418w, https:\/\/kinfirm.com\/app\/uploads\/2022\/05\/ofiso-foto1-277x300.jpg 277w, https:\/\/kinfirm.com\/app\/uploads\/2022\/05\/ofiso-foto1-945x1024.jpg 945w, https:\/\/kinfirm.com\/app\/uploads\/2022\/05\/ofiso-foto1-277x300@2x.jpg 554w\" sizes=\"auto, (max-width: 1418px) 100vw, 1418px\" \/>\n            <\/div>\n\n            <div class=\"md:order-2 order-1 reverse__text lg:col-span-7 p-6 py-10\">\n              <div class=\"lg:max-w-[480px] \">\n                <h2 class=\"h text-gray-100 tracking-small lg:text-64px md:text-48px sm:text-32px text-24px sm:mb-8 mb-4\">\n                  <span class=\"slash\">\/<\/span>Mes kalbame \u017emoni\u0173 kalba\n                <\/h2>\n                                  <div class=\"c prose md:prose-md tracking-small\">\n                    <p>Jums nereik\u0117s \u201egooglinti\u201c, k\u0105 rei\u0161kia \u012fvair\u016bs programavimo kodai ar terminai \u2013 mes kalbame J\u016bs\u0173 kalba. Viskas, k\u0105 darome, yra sukurta \u017emoni\u0173\u2013\u017emon\u0117ms.<\/p>\n\n                  <\/div>\n                              <\/div>\n            <\/div>\n\n          <\/div>\n\n        <\/div>\n\n      <\/div>\n\n    <\/section>\n    <\/div>\n  \n\n\n<div class=\"section-wrapper sm:mt-14 mt-5 \">\n      <section class=\"py-0 pb-10 px-4\" data-scroll-section>\n\n      <div class=\"relative overflow-hidden\">\n        <div class=\"container-large bg-gray-100 md:pl-4 pr-0 pl-0\">\n          <div class=\"grid lg:grid-cols-12 md:grid-cols-2 grid-cols-1 xl:gap-x-28 lg:gap-x-20 gap-x-10 items-center\">\n\n            <div class=\"order-none md:order-1 reverse__img h-full lg:col-span-5\">\n              <img loading=\"lazy\" decoding=\"async\" width=\"1200\" height=\"1200\" src=\"https:\/\/kinfirm.com\/app\/uploads\/2022\/05\/pic_04@2x.jpg\" class=\"control__cnv h-full w-full object-cover rounded-[20px] object-right-center\" alt=\"\" srcset=\"https:\/\/kinfirm.com\/app\/uploads\/2022\/05\/pic_04@2x.jpg 1200w, https:\/\/kinfirm.com\/app\/uploads\/2022\/05\/pic_04@2x-150x150@2x.jpg 300w, https:\/\/kinfirm.com\/app\/uploads\/2022\/05\/pic_04@2x-1024x1024.jpg 1024w, https:\/\/kinfirm.com\/app\/uploads\/2022\/05\/pic_04@2x-150x150.jpg 150w, https:\/\/kinfirm.com\/app\/uploads\/2022\/05\/pic_04@2x-300x300@2x.jpg 600w\" sizes=\"auto, (max-width: 1200px) 100vw, 1200px\" \/>\n            <\/div>\n\n            <div class=\"md:order-none order-1 reverse__text lg:col-span-7 p-6 py-10\">\n              <div class=\"lg:max-w-[480px] mx-auto\">\n                <h2 class=\"h text-gray-100 tracking-small lg:text-64px md:text-48px sm:text-32px text-24px sm:mb-8 mb-4\">\n                  <span class=\"slash\">\/<\/span>Inovatyvus po\u017ei\u016bris\n                <\/h2>\n                                  <div class=\"c prose md:prose-md tracking-small\">\n                    <p>Tikime, kad programin\u0117 \u012franga turi dirbti taip, kaip dirba J\u016bs\u0173 verslas, o ne atvirk\u0161\u010diai. Tod\u0117l programuojame individualius poreikius atitinkan\u010dias sistemas, leid\u017eian\u010dias \u012fgyti konkurencin\u012f prana\u0161um\u0105.<\/p>\n\n                  <\/div>\n                              <\/div>\n            <\/div>\n\n          <\/div>\n\n        <\/div>\n\n      <\/div>\n\n    <\/section>\n    <\/div>\n  \n\n\n<div class=\"section-wrapper \">\n    <section class=\"lg:py-24 md:py-12 py-6\" data-scroll-section>\n    <div class=\"container\">\n      <h2 class=\"lg:pb-16 md:pb-10 pb-6 text-white tracking-small lg:text-64px md:text-48px sm:text-32px text-24px\">\n        <span class=\"flex\">\n        <span class=\"slash\">\/<\/span> <span class=\"content\"><p>Programavimo paslaugos<\/p>\n<\/span>\n        <\/span>\n      <\/h2>\n\n      <div class=\"btn-gray__group\">\n\n                          <a href=\"https:\/\/kinfirm.com\/lt\/programavimo-paslaugos\/klientu-savitarnos-portalai\/\" class=\"btn-gray__link\">\n                    <div class=\"btn-gray__title\">\n              Klient\u0173 savitarnos portalai\n            <\/div>\n                  <\/a>\n                                  <a href=\"https:\/\/kinfirm.com\/lt\/programavimo-paslaugos\/uzsakymu-valdymo-sistemos\/\" class=\"btn-gray__link\">\n                    <div class=\"btn-gray__title\">\n              U\u017esakym\u0173 valdymo sistemos\n            <\/div>\n                  <\/a>\n                                  <a href=\"https:\/\/kinfirm.com\/lt\/programavimo-paslaugos\/klientu-valdymo-sistemos\/\" class=\"btn-gray__link\">\n                    <div class=\"btn-gray__title\">\n              Klient\u0173 valdymo sistemos\n            <\/div>\n                  <\/a>\n                                  <a href=\"https:\/\/kinfirm.com\/lt\/programavimo-paslaugos\/verslo-valdymo-sistemos\/\" class=\"btn-gray__link\">\n                    <div class=\"btn-gray__title\">\n              Verslo valdymo sistemos\n            <\/div>\n                  <\/a>\n                                  <a href=\"https:\/\/kinfirm.com\/lt\/programavimo-paslaugos\/internetiniu-portalu-kurimas\/\" class=\"btn-gray__link\">\n                    <div class=\"btn-gray__title\">\n              Internetini\u0173 portal\u0173 k\u016brimas\n            <\/div>\n                  <\/a>\n                                  <a href=\"https:\/\/kinfirm.com\/lt\/programavimo-paslaugos\/elektroniniu-parduotuviu-kurimas\/\" class=\"btn-gray__link\">\n                    <div class=\"btn-gray__title\">\n              Elektronini\u0173 parduotuvi\u0173 k\u016brimas\n            <\/div>\n                  <\/a>\n                                  <a href=\"https:\/\/kinfirm.com\/lt\/programavimo-paslaugos\/interneto-svetainiu-kurimas\/\" class=\"btn-gray__link\">\n                    <div class=\"btn-gray__title\">\n              Interneto svetaini\u0173 k\u016brimas\n            <\/div>\n                  <\/a>\n                                  <a href=\"https:\/\/kinfirm.com\/lt\/api-integracijos\/\" class=\"btn-gray__link\">\n                    <div class=\"btn-gray__title\">\n              API integracijos\n            <\/div>\n                  <\/a>\n                                  <a href=\"https:\/\/kinfirm.com\/lt\/programavimo-paslaugos\/dirbtinio-intelekto-sprendimai\/\" class=\"btn-gray__link\">\n                    <div class=\"btn-gray__title\">\n              Dirbtinio intelekto sprendimai\n            <\/div>\n                  <\/a>\n                                  <a href=\"https:\/\/kinfirm.com\/lt\/konsultacijos-programavimo-klausimais\/\" class=\"btn-gray__link\">\n                    <div class=\"btn-gray__title\">\n              Konsultacijos\n            <\/div>\n                  <\/a>\n                \n      <\/div>\n\n    <\/div>\n  <\/section>\n  <\/div>\n","protected":false},"excerpt":{"rendered":"","protected":false},"author":1,"featured_media":0,"parent":0,"menu_order":10,"comment_status":"closed","ping_status":"closed","template":"page-blocks.blade.php","meta":{"_acf_changed":false,"inline_featured_image":false,"footnotes":""},"class_list":["post-14","page","type-page","status-publish","hentry"],"acf":[],"yoast_head":"<!-- This site is optimized with the Yoast SEO plugin v26.9 - https:\/\/yoast.com\/product\/yoast-seo-wordpress\/ -->\n<title>Programavimo paslaugos \/Kinfirm<\/title>\n<meta name=\"description\" content=\"Esame programuotoj\u0173 komanda ambicingiems projektams. Kuriame klient\u0173 savitarnos portalus, skaitmenizuojame verslo procesus.\" \/>\n<meta name=\"robots\" content=\"index, follow, max-snippet:-1, max-image-preview:large, max-video-preview:-1\" \/>\n<link rel=\"canonical\" href=\"https:\/\/kinfirm.com\/lt\/apie-mus\/\" \/>\n<meta property=\"og:locale\" content=\"lt_LT\" \/>\n<meta property=\"og:type\" content=\"article\" \/>\n<meta property=\"og:title\" content=\"Programavimo paslaugos \/Kinfirm\" \/>\n<meta property=\"og:description\" content=\"Esame programuotoj\u0173 komanda ambicingiems projektams. Kuriame klient\u0173 savitarnos portalus, skaitmenizuojame verslo procesus.\" \/>\n<meta property=\"og:url\" content=\"https:\/\/kinfirm.com\/lt\/apie-mus\/\" \/>\n<meta property=\"og:site_name\" content=\"Kinfirm\" \/>\n<meta property=\"article:modified_time\" content=\"2024-03-25T22:14:48+00:00\" \/>\n<meta property=\"og:image\" content=\"https:\/\/kinfirm.com\/app\/uploads\/2022\/05\/kinfirm_og.jpg\" \/>\n\t<meta property=\"og:image:width\" content=\"1200\" \/>\n\t<meta property=\"og:image:height\" content=\"673\" \/>\n\t<meta property=\"og:image:type\" content=\"image\/jpeg\" \/>\n<meta name=\"twitter:card\" content=\"summary_large_image\" \/>\n<script type=\"application\/ld+json\" class=\"yoast-schema-graph\">{\"@context\":\"https:\/\/schema.org\",\"@graph\":[{\"@type\":\"WebPage\",\"@id\":\"https:\/\/kinfirm.com\/lt\/apie-mus\/\",\"url\":\"https:\/\/kinfirm.com\/lt\/apie-mus\/\",\"name\":\"Programavimo paslaugos \/Kinfirm\",\"isPartOf\":{\"@id\":\"https:\/\/kinfirm.com\/lt\/#website\"},\"datePublished\":\"2022-05-09T11:24:05+00:00\",\"dateModified\":\"2024-03-25T22:14:48+00:00\",\"description\":\"Esame programuotoj\u0173 komanda ambicingiems projektams. Kuriame klient\u0173 savitarnos portalus, skaitmenizuojame verslo procesus.\",\"breadcrumb\":{\"@id\":\"https:\/\/kinfirm.com\/lt\/apie-mus\/#breadcrumb\"},\"inLanguage\":\"lt-LT\",\"potentialAction\":[{\"@type\":\"ReadAction\",\"target\":[\"https:\/\/kinfirm.com\/lt\/apie-mus\/\"]}]},{\"@type\":\"BreadcrumbList\",\"@id\":\"https:\/\/kinfirm.com\/lt\/apie-mus\/#breadcrumb\",\"itemListElement\":[{\"@type\":\"ListItem\",\"position\":1,\"name\":\"Home\",\"item\":\"https:\/\/kinfirm.com\/lt\/\"},{\"@type\":\"ListItem\",\"position\":2,\"name\":\"Apie mus\"}]},{\"@type\":\"WebSite\",\"@id\":\"https:\/\/kinfirm.com\/lt\/#website\",\"url\":\"https:\/\/kinfirm.com\/lt\/\",\"name\":\"Kinfirm\",\"description\":\"\",\"publisher\":{\"@id\":\"https:\/\/kinfirm.com\/lt\/#organization\"},\"potentialAction\":[{\"@type\":\"SearchAction\",\"target\":{\"@type\":\"EntryPoint\",\"urlTemplate\":\"https:\/\/kinfirm.com\/lt\/?s={search_term_string}\"},\"query-input\":{\"@type\":\"PropertyValueSpecification\",\"valueRequired\":true,\"valueName\":\"search_term_string\"}}],\"inLanguage\":\"lt-LT\"},{\"@type\":\"Organization\",\"@id\":\"https:\/\/kinfirm.com\/lt\/#organization\",\"name\":\"Kinfirm\",\"url\":\"https:\/\/kinfirm.com\/lt\/\",\"logo\":{\"@type\":\"ImageObject\",\"inLanguage\":\"lt-LT\",\"@id\":\"https:\/\/kinfirm.com\/lt\/#\/schema\/logo\/image\/\",\"url\":\"https:\/\/kinfirm.com\/app\/uploads\/2022\/05\/Kinfirm-logo.svg\",\"contentUrl\":\"https:\/\/kinfirm.com\/app\/uploads\/2022\/05\/Kinfirm-logo.svg\",\"width\":\"1024\",\"height\":\"1024\",\"caption\":\"Kinfirm\"},\"image\":{\"@id\":\"https:\/\/kinfirm.com\/lt\/#\/schema\/logo\/image\/\"}}]}<\/script>\n<!-- \/ Yoast SEO plugin. -->","yoast_head_json":{"title":"Programavimo paslaugos \/Kinfirm","description":"Esame programuotoj\u0173 komanda ambicingiems projektams. Kuriame klient\u0173 savitarnos portalus, skaitmenizuojame verslo procesus.","robots":{"index":"index","follow":"follow","max-snippet":"max-snippet:-1","max-image-preview":"max-image-preview:large","max-video-preview":"max-video-preview:-1"},"canonical":"https:\/\/kinfirm.com\/lt\/apie-mus\/","og_locale":"lt_LT","og_type":"article","og_title":"Programavimo paslaugos \/Kinfirm","og_description":"Esame programuotoj\u0173 komanda ambicingiems projektams. Kuriame klient\u0173 savitarnos portalus, skaitmenizuojame verslo procesus.","og_url":"https:\/\/kinfirm.com\/lt\/apie-mus\/","og_site_name":"Kinfirm","article_modified_time":"2024-03-25T22:14:48+00:00","og_image":[{"width":1200,"height":673,"url":"https:\/\/kinfirm.com\/app\/uploads\/2022\/05\/kinfirm_og.jpg","type":"image\/jpeg"}],"twitter_card":"summary_large_image","schema":{"@context":"https:\/\/schema.org","@graph":[{"@type":"WebPage","@id":"https:\/\/kinfirm.com\/lt\/apie-mus\/","url":"https:\/\/kinfirm.com\/lt\/apie-mus\/","name":"Programavimo paslaugos \/Kinfirm","isPartOf":{"@id":"https:\/\/kinfirm.com\/lt\/#website"},"datePublished":"2022-05-09T11:24:05+00:00","dateModified":"2024-03-25T22:14:48+00:00","description":"Esame programuotoj\u0173 komanda ambicingiems projektams. Kuriame klient\u0173 savitarnos portalus, skaitmenizuojame verslo procesus.","breadcrumb":{"@id":"https:\/\/kinfirm.com\/lt\/apie-mus\/#breadcrumb"},"inLanguage":"lt-LT","potentialAction":[{"@type":"ReadAction","target":["https:\/\/kinfirm.com\/lt\/apie-mus\/"]}]},{"@type":"BreadcrumbList","@id":"https:\/\/kinfirm.com\/lt\/apie-mus\/#breadcrumb","itemListElement":[{"@type":"ListItem","position":1,"name":"Home","item":"https:\/\/kinfirm.com\/lt\/"},{"@type":"ListItem","position":2,"name":"Apie mus"}]},{"@type":"WebSite","@id":"https:\/\/kinfirm.com\/lt\/#website","url":"https:\/\/kinfirm.com\/lt\/","name":"Kinfirm","description":"","publisher":{"@id":"https:\/\/kinfirm.com\/lt\/#organization"},"potentialAction":[{"@type":"SearchAction","target":{"@type":"EntryPoint","urlTemplate":"https:\/\/kinfirm.com\/lt\/?s={search_term_string}"},"query-input":{"@type":"PropertyValueSpecification","valueRequired":true,"valueName":"search_term_string"}}],"inLanguage":"lt-LT"},{"@type":"Organization","@id":"https:\/\/kinfirm.com\/lt\/#organization","name":"Kinfirm","url":"https:\/\/kinfirm.com\/lt\/","logo":{"@type":"ImageObject","inLanguage":"lt-LT","@id":"https:\/\/kinfirm.com\/lt\/#\/schema\/logo\/image\/","url":"https:\/\/kinfirm.com\/app\/uploads\/2022\/05\/Kinfirm-logo.svg","contentUrl":"https:\/\/kinfirm.com\/app\/uploads\/2022\/05\/Kinfirm-logo.svg","width":"1024","height":"1024","caption":"Kinfirm"},"image":{"@id":"https:\/\/kinfirm.com\/lt\/#\/schema\/logo\/image\/"}}]}},"_links":{"self":[{"href":"https:\/\/kinfirm.com\/lt\/wp-json\/wp\/v2\/pages\/14","targetHints":{"allow":["GET"]}}],"collection":[{"href":"https:\/\/kinfirm.com\/lt\/wp-json\/wp\/v2\/pages"}],"about":[{"href":"https:\/\/kinfirm.com\/lt\/wp-json\/wp\/v2\/types\/page"}],"author":[{"embeddable":true,"href":"https:\/\/kinfirm.com\/lt\/wp-json\/wp\/v2\/users\/1"}],"replies":[{"embeddable":true,"href":"https:\/\/kinfirm.com\/lt\/wp-json\/wp\/v2\/comments?post=14"}],"version-history":[{"count":5,"href":"https:\/\/kinfirm.com\/lt\/wp-json\/wp\/v2\/pages\/14\/revisions"}],"predecessor-version":[{"id":3681,"href":"https:\/\/kinfirm.com\/lt\/wp-json\/wp\/v2\/pages\/14\/revisions\/3681"}],"wp:attachment":[{"href":"https:\/\/kinfirm.com\/lt\/wp-json\/wp\/v2\/media?parent=14"}],"curies":[{"name":"wp","href":"https:\/\/api.w.org\/{rel}","templated":true}]}}