{"id":1375,"date":"2022-08-18T11:59:45","date_gmt":"2022-08-18T08:59:45","guid":{"rendered":"https:\/\/kinfirm.com\/?page_id=1375"},"modified":"2024-03-11T23:09:21","modified_gmt":"2024-03-11T21:09:21","slug":"programavimo-blogas","status":"publish","type":"page","link":"https:\/\/kinfirm.com\/lt\/programavimo-blogas\/","title":{"rendered":"Blogas"},"content":{"rendered":"<div class=\"section-wrapper \">\n    <section class=\" sm:pt-[190px] pt-[120px] flex flex-col justify-center\">\n    <div class=\"container\">\n      <div class=\"border-b border-solid border-gray-40 sm:pb-[120px] pb-[50px]\">\n                  <h1 class=\"tracking-small lg:text-96px md:text-64px text-40px text-white\"><span class=\"slash\">\/<\/span>\u012e\u017evalgos apie programavim\u0105, skaitmenizacij\u0105\n          <\/h1>\n                          <div class=\"prose tracking-small text-white md:text-32px sm:text-24px md:mt-8 mt-6\">\n            <p>\u010cia rasite naudingos informacijos apie programavimo paslaugas, naujausias programin\u0117s \u012frangos tendencijas ar pagalb\u0105 skland\u017eiam verslo skaitmenizavimui.<\/p>\n\n          <\/div>\n                              <\/div>\n    <\/div>\n  <\/section>\n  <\/div>\n\n\n<div class=\"section-wrapper \">\n      <section class=\"sm:py-28 py-6\" data-scroll-section>\n      <div class=\"container\">\n        \n      <div class=\"tools tools__light\">\n                   \n          <div class=\"tools__box\">\n            <div class=\"sm:mb-6 mb-4\">\n              <div class=\"tools__box__cnv\">\n                                  <a href=\"https:\/\/kinfirm.com\/lt\/unikalus-programavimo-sprendimas-padejo-sutaupyti-90000-euru\/\">\n                \n                                          <img loading=\"lazy\" decoding=\"async\" width=\"1024\" height=\"1024\" src=\"https:\/\/kinfirm.com\/app\/uploads\/2024\/03\/cost-saving.webp\" class=\" wp-post-image\" alt=\"\" srcset=\"https:\/\/kinfirm.com\/app\/uploads\/2024\/03\/cost-saving.webp 1024w, https:\/\/kinfirm.com\/app\/uploads\/2024\/03\/cost-saving-150x150@2x.webp 300w, https:\/\/kinfirm.com\/app\/uploads\/2024\/03\/cost-saving-150x150.webp 150w, https:\/\/kinfirm.com\/app\/uploads\/2024\/03\/cost-saving-300x300@2x.webp 600w\" sizes=\"auto, (max-width: 1024px) 100vw, 1024px\" \/>\n                    \n                                  <\/a>\n                              <\/div>\n            <\/div>\n\n                                          <a href=\"https:\/\/kinfirm.com\/lt\/unikalus-programavimo-sprendimas-padejo-sutaupyti-90000-euru\/\">\n                              <h2 class=\"h text-24px mb-3\">\n                  Unikalus programavimo sprendimas pad\u0117jo m\u016bs\u0173 klientams sutaupyti ~90 000 eur\u0173\n                <\/h2>\n                              <\/a>\n                                                  \n                      <\/div>\n\n                   \n          <div class=\"tools__box\">\n            <div class=\"sm:mb-6 mb-4\">\n              <div class=\"tools__box__cnv\">\n                                  <a href=\"https:\/\/kinfirm.com\/lt\/unikalus-programavimo-sprendimas-ar-egzistuojanti-sistema\/\">\n                \n                                          <img loading=\"lazy\" decoding=\"async\" width=\"1024\" height=\"1024\" src=\"https:\/\/kinfirm.com\/app\/uploads\/2024\/02\/1702381875022.jpeg\" class=\" wp-post-image\" alt=\"\" srcset=\"https:\/\/kinfirm.com\/app\/uploads\/2024\/02\/1702381875022.jpeg 1024w, https:\/\/kinfirm.com\/app\/uploads\/2024\/02\/1702381875022-150x150@2x.jpeg 300w, https:\/\/kinfirm.com\/app\/uploads\/2024\/02\/1702381875022-150x150.jpeg 150w, https:\/\/kinfirm.com\/app\/uploads\/2024\/02\/1702381875022-300x300@2x.jpeg 600w\" sizes=\"auto, (max-width: 1024px) 100vw, 1024px\" \/>\n                    \n                                  <\/a>\n                              <\/div>\n            <\/div>\n\n                                          <a href=\"https:\/\/kinfirm.com\/lt\/unikalus-programavimo-sprendimas-ar-egzistuojanti-sistema\/\">\n                              <h2 class=\"h text-24px mb-3\">\n                  Unikalus programavimo sprendimas ar egzistuojanti sistema?\n                <\/h2>\n                              <\/a>\n                                                  \n                      <\/div>\n\n                   \n          <div class=\"tools__box\">\n            <div class=\"sm:mb-6 mb-4\">\n              <div class=\"tools__box__cnv\">\n                                  <a href=\"https:\/\/kinfirm.com\/lt\/klientu-savitarnos-portalo-privalumai-ir-naudos\/\">\n                \n                                          <img loading=\"lazy\" decoding=\"async\" width=\"1280\" height=\"853\" src=\"https:\/\/kinfirm.com\/app\/uploads\/2022\/11\/klientu-savitarnos-portalas.jpg\" class=\" wp-post-image\" alt=\"\" srcset=\"https:\/\/kinfirm.com\/app\/uploads\/2022\/11\/klientu-savitarnos-portalas.jpg 1280w, https:\/\/kinfirm.com\/app\/uploads\/2022\/11\/klientu-savitarnos-portalas-300x200.jpg 300w, https:\/\/kinfirm.com\/app\/uploads\/2022\/11\/klientu-savitarnos-portalas-1024x682.jpg 1024w, https:\/\/kinfirm.com\/app\/uploads\/2022\/11\/klientu-savitarnos-portalas-300x200@2x.jpg 600w\" sizes=\"auto, (max-width: 1280px) 100vw, 1280px\" \/>\n                    \n                                  <\/a>\n                              <\/div>\n            <\/div>\n\n                                          <a href=\"https:\/\/kinfirm.com\/lt\/klientu-savitarnos-portalo-privalumai-ir-naudos\/\">\n                              <h2 class=\"h text-24px mb-3\">\n                  Klient\u0173 savitarnos portalo privalumai ir naudos\n                <\/h2>\n                              <\/a>\n                                                  \n                      <\/div>\n\n                   \n          <div class=\"tools__box\">\n            <div class=\"sm:mb-6 mb-4\">\n              <div class=\"tools__box__cnv\">\n                                  <a href=\"https:\/\/kinfirm.com\/lt\/kada-ir-kodel-unikalus-el-komercijos-sprendimas-yra-geriausias-pasirinkimas\/\">\n                \n                                          <img loading=\"lazy\" decoding=\"async\" width=\"1920\" height=\"1280\" src=\"https:\/\/kinfirm.com\/app\/uploads\/2022\/08\/elektronine-parduotuve.jpg\" class=\" wp-post-image\" alt=\"\" srcset=\"https:\/\/kinfirm.com\/app\/uploads\/2022\/08\/elektronine-parduotuve.jpg 1920w, https:\/\/kinfirm.com\/app\/uploads\/2022\/08\/elektronine-parduotuve-300x200.jpg 300w, https:\/\/kinfirm.com\/app\/uploads\/2022\/08\/elektronine-parduotuve-1024x683.jpg 1024w, https:\/\/kinfirm.com\/app\/uploads\/2022\/08\/elektronine-parduotuve-1536x1024.jpg 1536w, https:\/\/kinfirm.com\/app\/uploads\/2022\/08\/elektronine-parduotuve-300x200@2x.jpg 600w\" sizes=\"auto, (max-width: 1920px) 100vw, 1920px\" \/>\n                    \n                                  <\/a>\n                              <\/div>\n            <\/div>\n\n                                          <a href=\"https:\/\/kinfirm.com\/lt\/kada-ir-kodel-unikalus-el-komercijos-sprendimas-yra-geriausias-pasirinkimas\/\">\n                              <h2 class=\"h text-24px mb-3\">\n                  Kada ir kod\u0117l unikalus el. komercijos sprendimas yra geriausias pasirinkimas?\n                <\/h2>\n                              <\/a>\n                                                  \n                      <\/div>\n\n                   \n          <div class=\"tools__box\">\n            <div class=\"sm:mb-6 mb-4\">\n              <div class=\"tools__box__cnv\">\n                                  <a href=\"https:\/\/kinfirm.com\/lt\/unikalios-programines-irangos-kurimo-privalumai\/\">\n                \n                                          <img loading=\"lazy\" decoding=\"async\" width=\"1920\" height=\"1282\" src=\"https:\/\/kinfirm.com\/app\/uploads\/2022\/08\/programavimas-2.jpg\" class=\" wp-post-image\" alt=\"\" srcset=\"https:\/\/kinfirm.com\/app\/uploads\/2022\/08\/programavimas-2.jpg 1920w, https:\/\/kinfirm.com\/app\/uploads\/2022\/08\/programavimas-2-300x200.jpg 300w, https:\/\/kinfirm.com\/app\/uploads\/2022\/08\/programavimas-2-1024x684.jpg 1024w, https:\/\/kinfirm.com\/app\/uploads\/2022\/08\/programavimas-2-1536x1026.jpg 1536w, https:\/\/kinfirm.com\/app\/uploads\/2022\/08\/programavimas-2-300x200@2x.jpg 600w\" sizes=\"auto, (max-width: 1920px) 100vw, 1920px\" \/>\n                    \n                                  <\/a>\n                              <\/div>\n            <\/div>\n\n                                          <a href=\"https:\/\/kinfirm.com\/lt\/unikalios-programines-irangos-kurimo-privalumai\/\">\n                              <h2 class=\"h text-24px mb-3\">\n                  Kod\u0117l ir kada unikalios programin\u0117s \u012frangos k\u016brimas yra geresnis pasirinkimas?\n                <\/h2>\n                              <\/a>\n                                                  \n                      <\/div>\n\n                   \n          <div class=\"tools__box\">\n            <div class=\"sm:mb-6 mb-4\">\n              <div class=\"tools__box__cnv\">\n                                  <a href=\"https:\/\/kinfirm.com\/lt\/ar-verta-ne-it-imonems-tureti-programuotoju-komanda-viduje\/\">\n                \n                                          <img loading=\"lazy\" decoding=\"async\" width=\"1920\" height=\"1280\" src=\"https:\/\/kinfirm.com\/app\/uploads\/2022\/08\/programavimas-1.jpg\" class=\" wp-post-image\" alt=\"\" srcset=\"https:\/\/kinfirm.com\/app\/uploads\/2022\/08\/programavimas-1.jpg 1920w, https:\/\/kinfirm.com\/app\/uploads\/2022\/08\/programavimas-1-300x200.jpg 300w, https:\/\/kinfirm.com\/app\/uploads\/2022\/08\/programavimas-1-1024x683.jpg 1024w, https:\/\/kinfirm.com\/app\/uploads\/2022\/08\/programavimas-1-1536x1024.jpg 1536w, https:\/\/kinfirm.com\/app\/uploads\/2022\/08\/programavimas-1-300x200@2x.jpg 600w\" sizes=\"auto, (max-width: 1920px) 100vw, 1920px\" \/>\n                    \n                                  <\/a>\n                              <\/div>\n            <\/div>\n\n                                          <a href=\"https:\/\/kinfirm.com\/lt\/ar-verta-ne-it-imonems-tureti-programuotoju-komanda-viduje\/\">\n                              <h2 class=\"h text-24px mb-3\">\n                  Ar verta ne IT \u012fmon\u0117ms tur\u0117ti programuotoj\u0173 komand\u0105 viduje?\n                <\/h2>\n                              <\/a>\n                                                  \n                      <\/div>\n\n        \n      <\/div>\n\n            <\/div>\n    <\/section>\n    <\/div>\n  \n\n<div class=\"section-wrapper \">\n    <section class=\"lg:py-24 md:py-12 py-6\" data-scroll-section>\n    <div class=\"container\">\n      <h2 class=\"lg:pb-16 md:pb-10 pb-6 text-white tracking-small lg:text-64px md:text-48px sm:text-32px text-24px\">\n        <span class=\"flex\">\n        <span class=\"slash\">\/<\/span> <span class=\"content\"><p>Programavimo paslaugos<\/p>\n<\/span>\n        <\/span>\n      <\/h2>\n\n      <div class=\"btn-gray__group\">\n\n                          <a href=\"https:\/\/kinfirm.com\/lt\/programavimo-paslaugos\/klientu-savitarnos-portalai\/\" class=\"btn-gray__link\">\n                    <div class=\"btn-gray__title\">\n              Klient\u0173 savitarnos portalai\n            <\/div>\n                  <\/a>\n                                  <a href=\"https:\/\/kinfirm.com\/lt\/programavimo-paslaugos\/uzsakymu-valdymo-sistemos\/\" class=\"btn-gray__link\">\n                    <div class=\"btn-gray__title\">\n              U\u017esakym\u0173 valdymo sistemos\n            <\/div>\n                  <\/a>\n                                  <a href=\"https:\/\/kinfirm.com\/lt\/programavimo-paslaugos\/klientu-valdymo-sistemos\/\" class=\"btn-gray__link\">\n                    <div class=\"btn-gray__title\">\n              Klient\u0173 valdymo sistemos\n            <\/div>\n                  <\/a>\n                                  <a href=\"https:\/\/kinfirm.com\/lt\/programavimo-paslaugos\/verslo-valdymo-sistemos\/\" class=\"btn-gray__link\">\n                    <div class=\"btn-gray__title\">\n              Verslo valdymo sistemos\n            <\/div>\n                  <\/a>\n                                  <a href=\"https:\/\/kinfirm.com\/lt\/programavimo-paslaugos\/internetiniu-portalu-kurimas\/\" class=\"btn-gray__link\">\n                    <div class=\"btn-gray__title\">\n              Internetini\u0173 portal\u0173 k\u016brimas\n            <\/div>\n                  <\/a>\n                                  <a href=\"https:\/\/kinfirm.com\/lt\/programavimo-paslaugos\/elektroniniu-parduotuviu-kurimas\/\" class=\"btn-gray__link\">\n                    <div class=\"btn-gray__title\">\n              Elektronini\u0173 parduotuvi\u0173 k\u016brimas\n            <\/div>\n                  <\/a>\n                                  <a href=\"https:\/\/kinfirm.com\/lt\/programavimo-paslaugos\/interneto-svetainiu-kurimas\/\" class=\"btn-gray__link\">\n                    <div class=\"btn-gray__title\">\n              Interneto svetaini\u0173 k\u016brimas\n            <\/div>\n                  <\/a>\n                                  <a href=\"https:\/\/kinfirm.com\/lt\/api-integracijos\/\" class=\"btn-gray__link\">\n                    <div class=\"btn-gray__title\">\n              API integracijos\n            <\/div>\n                  <\/a>\n                                  <a href=\"https:\/\/kinfirm.com\/lt\/programavimo-paslaugos\/dirbtinio-intelekto-sprendimai\/\" class=\"btn-gray__link\">\n                    <div class=\"btn-gray__title\">\n              Dirbtinio intelekto sprendimai\n            <\/div>\n                  <\/a>\n                                  <a href=\"https:\/\/kinfirm.com\/lt\/konsultacijos-programavimo-klausimais\/\" class=\"btn-gray__link\">\n                    <div class=\"btn-gray__title\">\n              Konsultacijos\n            <\/div>\n                  <\/a>\n                \n      <\/div>\n\n    <\/div>\n  <\/section>\n  <\/div>\n","protected":false},"excerpt":{"rendered":"","protected":false},"author":1,"featured_media":0,"parent":0,"menu_order":10,"comment_status":"closed","ping_status":"closed","template":"page-blocks.blade.php","meta":{"_acf_changed":false,"inline_featured_image":false,"footnotes":""},"class_list":["post-1375","page","type-page","status-publish","hentry"],"acf":[],"yoast_head":"<!-- This site is optimized with the Yoast SEO plugin v26.9 - https:\/\/yoast.com\/product\/yoast-seo-wordpress\/ -->\n<title>\u012e\u017evalgos apie programavim\u0105 \/Kinfirm<\/title>\n<meta name=\"robots\" content=\"index, follow, max-snippet:-1, max-image-preview:large, max-video-preview:-1\" \/>\n<link rel=\"canonical\" href=\"https:\/\/kinfirm.com\/lt\/programavimo-blogas\/\" \/>\n<meta property=\"og:locale\" content=\"lt_LT\" \/>\n<meta property=\"og:type\" content=\"article\" \/>\n<meta property=\"og:title\" content=\"\u012e\u017evalgos apie programavim\u0105 \/Kinfirm\" \/>\n<meta property=\"og:url\" content=\"https:\/\/kinfirm.com\/lt\/programavimo-blogas\/\" \/>\n<meta property=\"og:site_name\" content=\"Kinfirm\" \/>\n<meta property=\"article:modified_time\" content=\"2024-03-11T21:09:21+00:00\" \/>\n<meta property=\"og:image\" content=\"https:\/\/kinfirm.com\/app\/uploads\/2022\/05\/kinfirm_og.jpg\" \/>\n\t<meta property=\"og:image:width\" content=\"1200\" \/>\n\t<meta property=\"og:image:height\" content=\"673\" \/>\n\t<meta property=\"og:image:type\" content=\"image\/jpeg\" \/>\n<meta name=\"twitter:card\" content=\"summary_large_image\" \/>\n<script type=\"application\/ld+json\" class=\"yoast-schema-graph\">{\"@context\":\"https:\/\/schema.org\",\"@graph\":[{\"@type\":\"WebPage\",\"@id\":\"https:\/\/kinfirm.com\/lt\/programavimo-blogas\/\",\"url\":\"https:\/\/kinfirm.com\/lt\/programavimo-blogas\/\",\"name\":\"\u012e\u017evalgos apie programavim\u0105 \/Kinfirm\",\"isPartOf\":{\"@id\":\"https:\/\/kinfirm.com\/lt\/#website\"},\"datePublished\":\"2022-08-18T08:59:45+00:00\",\"dateModified\":\"2024-03-11T21:09:21+00:00\",\"breadcrumb\":{\"@id\":\"https:\/\/kinfirm.com\/lt\/programavimo-blogas\/#breadcrumb\"},\"inLanguage\":\"lt-LT\",\"potentialAction\":[{\"@type\":\"ReadAction\",\"target\":[\"https:\/\/kinfirm.com\/lt\/programavimo-blogas\/\"]}]},{\"@type\":\"BreadcrumbList\",\"@id\":\"https:\/\/kinfirm.com\/lt\/programavimo-blogas\/#breadcrumb\",\"itemListElement\":[{\"@type\":\"ListItem\",\"position\":1,\"name\":\"Home\",\"item\":\"https:\/\/kinfirm.com\/lt\/\"},{\"@type\":\"ListItem\",\"position\":2,\"name\":\"Blogas\"}]},{\"@type\":\"WebSite\",\"@id\":\"https:\/\/kinfirm.com\/lt\/#website\",\"url\":\"https:\/\/kinfirm.com\/lt\/\",\"name\":\"Kinfirm\",\"description\":\"\",\"publisher\":{\"@id\":\"https:\/\/kinfirm.com\/lt\/#organization\"},\"potentialAction\":[{\"@type\":\"SearchAction\",\"target\":{\"@type\":\"EntryPoint\",\"urlTemplate\":\"https:\/\/kinfirm.com\/lt\/?s={search_term_string}\"},\"query-input\":{\"@type\":\"PropertyValueSpecification\",\"valueRequired\":true,\"valueName\":\"search_term_string\"}}],\"inLanguage\":\"lt-LT\"},{\"@type\":\"Organization\",\"@id\":\"https:\/\/kinfirm.com\/lt\/#organization\",\"name\":\"Kinfirm\",\"url\":\"https:\/\/kinfirm.com\/lt\/\",\"logo\":{\"@type\":\"ImageObject\",\"inLanguage\":\"lt-LT\",\"@id\":\"https:\/\/kinfirm.com\/lt\/#\/schema\/logo\/image\/\",\"url\":\"https:\/\/kinfirm.com\/app\/uploads\/2022\/05\/Kinfirm-logo.svg\",\"contentUrl\":\"https:\/\/kinfirm.com\/app\/uploads\/2022\/05\/Kinfirm-logo.svg\",\"width\":\"1024\",\"height\":\"1024\",\"caption\":\"Kinfirm\"},\"image\":{\"@id\":\"https:\/\/kinfirm.com\/lt\/#\/schema\/logo\/image\/\"}}]}<\/script>\n<!-- \/ Yoast SEO plugin. -->","yoast_head_json":{"title":"\u012e\u017evalgos apie programavim\u0105 \/Kinfirm","robots":{"index":"index","follow":"follow","max-snippet":"max-snippet:-1","max-image-preview":"max-image-preview:large","max-video-preview":"max-video-preview:-1"},"canonical":"https:\/\/kinfirm.com\/lt\/programavimo-blogas\/","og_locale":"lt_LT","og_type":"article","og_title":"\u012e\u017evalgos apie programavim\u0105 \/Kinfirm","og_url":"https:\/\/kinfirm.com\/lt\/programavimo-blogas\/","og_site_name":"Kinfirm","article_modified_time":"2024-03-11T21:09:21+00:00","og_image":[{"width":1200,"height":673,"url":"https:\/\/kinfirm.com\/app\/uploads\/2022\/05\/kinfirm_og.jpg","type":"image\/jpeg"}],"twitter_card":"summary_large_image","schema":{"@context":"https:\/\/schema.org","@graph":[{"@type":"WebPage","@id":"https:\/\/kinfirm.com\/lt\/programavimo-blogas\/","url":"https:\/\/kinfirm.com\/lt\/programavimo-blogas\/","name":"\u012e\u017evalgos apie programavim\u0105 \/Kinfirm","isPartOf":{"@id":"https:\/\/kinfirm.com\/lt\/#website"},"datePublished":"2022-08-18T08:59:45+00:00","dateModified":"2024-03-11T21:09:21+00:00","breadcrumb":{"@id":"https:\/\/kinfirm.com\/lt\/programavimo-blogas\/#breadcrumb"},"inLanguage":"lt-LT","potentialAction":[{"@type":"ReadAction","target":["https:\/\/kinfirm.com\/lt\/programavimo-blogas\/"]}]},{"@type":"BreadcrumbList","@id":"https:\/\/kinfirm.com\/lt\/programavimo-blogas\/#breadcrumb","itemListElement":[{"@type":"ListItem","position":1,"name":"Home","item":"https:\/\/kinfirm.com\/lt\/"},{"@type":"ListItem","position":2,"name":"Blogas"}]},{"@type":"WebSite","@id":"https:\/\/kinfirm.com\/lt\/#website","url":"https:\/\/kinfirm.com\/lt\/","name":"Kinfirm","description":"","publisher":{"@id":"https:\/\/kinfirm.com\/lt\/#organization"},"potentialAction":[{"@type":"SearchAction","target":{"@type":"EntryPoint","urlTemplate":"https:\/\/kinfirm.com\/lt\/?s={search_term_string}"},"query-input":{"@type":"PropertyValueSpecification","valueRequired":true,"valueName":"search_term_string"}}],"inLanguage":"lt-LT"},{"@type":"Organization","@id":"https:\/\/kinfirm.com\/lt\/#organization","name":"Kinfirm","url":"https:\/\/kinfirm.com\/lt\/","logo":{"@type":"ImageObject","inLanguage":"lt-LT","@id":"https:\/\/kinfirm.com\/lt\/#\/schema\/logo\/image\/","url":"https:\/\/kinfirm.com\/app\/uploads\/2022\/05\/Kinfirm-logo.svg","contentUrl":"https:\/\/kinfirm.com\/app\/uploads\/2022\/05\/Kinfirm-logo.svg","width":"1024","height":"1024","caption":"Kinfirm"},"image":{"@id":"https:\/\/kinfirm.com\/lt\/#\/schema\/logo\/image\/"}}]}},"_links":{"self":[{"href":"https:\/\/kinfirm.com\/lt\/wp-json\/wp\/v2\/pages\/1375","targetHints":{"allow":["GET"]}}],"collection":[{"href":"https:\/\/kinfirm.com\/lt\/wp-json\/wp\/v2\/pages"}],"about":[{"href":"https:\/\/kinfirm.com\/lt\/wp-json\/wp\/v2\/types\/page"}],"author":[{"embeddable":true,"href":"https:\/\/kinfirm.com\/lt\/wp-json\/wp\/v2\/users\/1"}],"replies":[{"embeddable":true,"href":"https:\/\/kinfirm.com\/lt\/wp-json\/wp\/v2\/comments?post=1375"}],"version-history":[{"count":5,"href":"https:\/\/kinfirm.com\/lt\/wp-json\/wp\/v2\/pages\/1375\/revisions"}],"predecessor-version":[{"id":3285,"href":"https:\/\/kinfirm.com\/lt\/wp-json\/wp\/v2\/pages\/1375\/revisions\/3285"}],"wp:attachment":[{"href":"https:\/\/kinfirm.com\/lt\/wp-json\/wp\/v2\/media?parent=1375"}],"curies":[{"name":"wp","href":"https:\/\/api.w.org\/{rel}","templated":true}]}}