{"id":1170,"date":"2022-07-01T00:00:46","date_gmt":"2022-06-30T21:00:46","guid":{"rendered":"https:\/\/kinfirm.com\/?page_id=1170"},"modified":"2024-04-10T01:00:59","modified_gmt":"2024-04-09T22:00:59","slug":"interneto-svetainiu-kurimas","status":"publish","type":"page","link":"https:\/\/kinfirm.com\/lt\/programavimo-paslaugos\/interneto-svetainiu-kurimas\/","title":{"rendered":"Interneto svetain\u0117s"},"content":{"rendered":"<div class=\"section-wrapper \">\n    <section class=\" sm:pt-[190px] pt-[120px] flex flex-col justify-center\">\n    <div class=\"container\">\n      <div class=\"border-b border-solid border-gray-40 sm:pb-[120px] pb-[50px]\">\n                  <h1 class=\"tracking-small lg:text-96px md:text-64px text-40px text-white\"><span class=\"slash\">\/<\/span>Interneto svetaini\u0173<br \/>\r\nk\u016brimas\n          <\/h1>\n                          <div class=\"prose tracking-small text-white md:text-32px sm:text-24px md:mt-8 mt-6\">\n            <p>Jau daugiau nei 10 met\u0173 kuriame unikalaus dizaino, profesionalias ir lengvai valdomas interneto svetaines su <a href=\"https:\/\/kinfirm.com\/lt\/programavimo-paslaugos\/wordpress\/\">WordPress<\/a> arba <a href=\"https:\/\/kinfirm.com\/lt\/programavimo-paslaugos\/laravel\/\">Laravel<\/a> (kai reikalingi nestandartiniai sprendimai).<\/p>\n\n          <\/div>\n                              <\/div>\n    <\/div>\n  <\/section>\n  <\/div>\n\n\n<div class=\"section-wrapper \">\n    <section class=\"md:py-8 py-6 px-4\" data-scroll-section>\n      <div class=\" container \">\n        <div\n          class=\"grid md:grid-cols-2 grid-cols-1 gap-x-10 md:gap-y-6 lg:gap-x-24 items-center justify-between\">\n          <div\n            class=\"md:order-none order-1 p-6 py-10  md:py-16 mx-auto\">\n            <h2 class=\"h text-white tracking-small lg:text-48p  x md:text-48px sm:text-32px text-24px md:mb-8 mb-6\">\n              <span class=\"slash\">\/<\/span>Individualus interneto svetaini\u0173 dizainas\n            <\/h2>\n                          <div class=\"c prose md:prose-md tracking-small text-white\">\n                <p>M\u016bs\u0173 dizaineri\u0173 komanda pasir\u016bpins geriausia vartotoj\u0173 patirtimi.<\/p>\n\n              <\/div>\n                      <\/div>\n\n          <div class=\"w-full order-none md:order-1 h-full flex items-center\">\n            <img loading=\"lazy\" decoding=\"async\" width=\"2560\" height=\"1463\" src=\"https:\/\/kinfirm.com\/app\/uploads\/2024\/03\/elektronines-parduotuves-dizainas-scaled.jpg\" class=\"w-full rounded-[20px]\" alt=\"\" srcset=\"https:\/\/kinfirm.com\/app\/uploads\/2024\/03\/elektronines-parduotuves-dizainas-scaled.jpg 2560w, https:\/\/kinfirm.com\/app\/uploads\/2024\/03\/elektronines-parduotuves-dizainas-300x171.jpg 300w, https:\/\/kinfirm.com\/app\/uploads\/2024\/03\/elektronines-parduotuves-dizainas-1024x585.jpg 1024w, https:\/\/kinfirm.com\/app\/uploads\/2024\/03\/elektronines-parduotuves-dizainas-1536x878.jpg 1536w, https:\/\/kinfirm.com\/app\/uploads\/2024\/03\/elektronines-parduotuves-dizainas-2048x1170.jpg 2048w, https:\/\/kinfirm.com\/app\/uploads\/2024\/03\/elektronines-parduotuves-dizainas-300x171@2x.jpg 600w\" sizes=\"auto, (max-width: 2560px) 100vw, 2560px\" \/>\n          <\/div>\n        <\/div>\n      <\/div>\n    <\/section>\n  <\/div>\n\n\n\n<div class=\"section-wrapper \">\n    <section class=\"md:py-8 py-6 px-4\" data-scroll-section>\n      <div class=\" container \">\n        <div\n          class=\"grid md:grid-cols-2 grid-cols-1 gap-x-10 md:gap-y-6 lg:gap-x-24 items-center justify-between\">\n          <div\n            class=\"md:order-2 order-1 p-6 py-10  md:py-16 mx-auto\">\n            <h2 class=\"h text-white tracking-small lg:text-48p  x md:text-48px sm:text-32px text-24px md:mb-8 mb-6\">\n              <span class=\"slash\">\/<\/span>Profesional\u016bs programavimo sprendimai\n            <\/h2>\n                          <div class=\"c prose md:prose-md tracking-small text-white\">\n                <p>Interneto svetaini\u0173 programavimo darbus atliekame laikydamiesi auk\u0161\u010diausi\u0173 kokyb\u0117s standart\u0173.<\/p>\n\n              <\/div>\n                      <\/div>\n\n          <div class=\"w-full order-none md:order-1 h-full flex items-center\">\n            <img loading=\"lazy\" decoding=\"async\" width=\"2560\" height=\"1463\" src=\"https:\/\/kinfirm.com\/app\/uploads\/2024\/01\/sirin-2-scaled.jpg\" class=\"w-full rounded-[20px]\" alt=\"\" srcset=\"https:\/\/kinfirm.com\/app\/uploads\/2024\/01\/sirin-2-scaled.jpg 2560w, https:\/\/kinfirm.com\/app\/uploads\/2024\/01\/sirin-2-300x171.jpg 300w, https:\/\/kinfirm.com\/app\/uploads\/2024\/01\/sirin-2-1024x585.jpg 1024w, https:\/\/kinfirm.com\/app\/uploads\/2024\/01\/sirin-2-1536x878.jpg 1536w, https:\/\/kinfirm.com\/app\/uploads\/2024\/01\/sirin-2-2048x1170.jpg 2048w, https:\/\/kinfirm.com\/app\/uploads\/2024\/01\/sirin-2-300x171@2x.jpg 600w\" sizes=\"auto, (max-width: 2560px) 100vw, 2560px\" \/>\n          <\/div>\n        <\/div>\n      <\/div>\n    <\/section>\n  <\/div>\n\n\n\n<div class=\"section-wrapper \">\n    <section class=\"md:py-8 py-6 px-4\" data-scroll-section>\n      <div class=\" container \">\n        <div\n          class=\"grid md:grid-cols-2 grid-cols-1 gap-x-10 md:gap-y-6 lg:gap-x-24 items-center justify-between\">\n          <div\n            class=\"md:order-none order-1 p-6 py-10  md:py-16 mx-auto\">\n            <h2 class=\"h text-white tracking-small lg:text-48p  x md:text-48px sm:text-32px text-24px md:mb-8 mb-6\">\n              <span class=\"slash\">\/<\/span>Interneto svetaini\u0173 prie\u017ei\u016bra\n            <\/h2>\n                          <div class=\"c prose md:prose-md tracking-small text-white\">\n                <p>Vykdome nuolatin\u012f internetini\u0173 svetaini\u0173 monitoring\u0105, atliekame sistemos ir moduli\u0173 atnaujinimus.<\/p>\n\n              <\/div>\n                      <\/div>\n\n          <div class=\"w-full order-none md:order-1 h-full flex items-center\">\n            <img loading=\"lazy\" decoding=\"async\" width=\"2560\" height=\"1463\" src=\"https:\/\/kinfirm.com\/app\/uploads\/2022\/05\/taskius-1-scaled.jpg\" class=\"w-full rounded-[20px]\" alt=\"\" srcset=\"https:\/\/kinfirm.com\/app\/uploads\/2022\/05\/taskius-1-scaled.jpg 2560w, https:\/\/kinfirm.com\/app\/uploads\/2022\/05\/taskius-1-300x171.jpg 300w, https:\/\/kinfirm.com\/app\/uploads\/2022\/05\/taskius-1-1024x585.jpg 1024w, https:\/\/kinfirm.com\/app\/uploads\/2022\/05\/taskius-1-1536x878.jpg 1536w, https:\/\/kinfirm.com\/app\/uploads\/2022\/05\/taskius-1-2048x1170.jpg 2048w, https:\/\/kinfirm.com\/app\/uploads\/2022\/05\/taskius-1-300x171@2x.jpg 600w\" sizes=\"auto, (max-width: 2560px) 100vw, 2560px\" \/>\n          <\/div>\n        <\/div>\n      <\/div>\n    <\/section>\n  <\/div>\n\n\n\n<div class=\"section-wrapper \">\n    <section class=\"bg-gray-100 lg:pt-24 sm:py-12 py-8\" data-scroll-section>\n      <div class=\"container\">\n        <div class=\"container-md\">\n                      <h2 class=\"text-white tracking-small lg:text-64px md:text-48px sm:text-32px text-24px md:mb-8 mb-6\">\n              <span class=\"slash\">\/<\/span>Da\u017enai u\u017eduodami klausimai apie<br \/>\r\ninterneto svetaini\u0173 k\u016brim\u0105             <\/h2>\n                    \n            \n              <div class=\"accordion\">\n\n                 \n                  <div class=\"accordion__block\"  :class=\"{ 'active': faq, '': !(faq) }\" x-data=\"{ faq: false }\">\n\n                                          <div class=\"accordion__block--heading\" x-on:click=\"faq = !faq\">\n                        <div class=\"h\">Kokia turinio valdymo sistema naudojama interneto svetain\u0117s k\u016brimui?<\/div>\n                        <div class=\"w-6\">\n                          <svg class=\"fill-current text-white\" width=\"21\" height=\"20\">\n                            <use xlink:href=\"https:\/\/kinfirm.com\/app\/themes\/kinfirm\/public\/images\/icons\/icons.ad8643.svg#arrow-down\"\/>\n                          <\/svg>\n                        <\/div>\n                      <\/div>\n                    \n                                          <div class=\"accordion__block--content\">\n                        <p>Da\u017eniausiai interneto svetaines kuriame su populiariausia pasaulyje turinio valdymo sistema <em><a href=\"https:\/\/kinfirm.com\/lt\/programavimo-paslaugos\/wordpress\/\">WordPress<\/a><\/em>. Sud\u0117tingoms, nestandartin\u0117ms bei dideles apkrovas turin\u010dioms svetain\u0117ms kuriama individuali valdymo sistema su <a href=\"https:\/\/kinfirm.com\/lt\/programavimo-paslaugos\/laravel\/\"><em>Laravel<\/em><\/a>.<\/p>\n\n                      <\/div>\n                                      <\/div>\n                 \n                  <div class=\"accordion__block\"  :class=\"{ 'active': faq, '': !(faq) }\" x-data=\"{ faq: false }\">\n\n                                          <div class=\"accordion__block--heading\" x-on:click=\"faq = !faq\">\n                        <div class=\"h\">Ar gal\u0117sime patys atlikti svetain\u0117s korekcijas?<\/div>\n                        <div class=\"w-6\">\n                          <svg class=\"fill-current text-white\" width=\"21\" height=\"20\">\n                            <use xlink:href=\"https:\/\/kinfirm.com\/app\/themes\/kinfirm\/public\/images\/icons\/icons.ad8643.svg#arrow-down\"\/>\n                          <\/svg>\n                        <\/div>\n                      <\/div>\n                    \n                                          <div class=\"accordion__block--content\">\n                        <p>Interneto svetain\u0117s turinio redagavim\u0105, pildym\u0105 visuomet galite atlikti patys. Da\u017eniausiai dizaino elementai kei\u010diami programi\u0161kai, ta\u010diau esant poreikiui, jie gali b\u016bti valdomi ir turinio valdymo sistemoje. Jeigu nenorite turinio valdyti patys, pagal atskir\u0105 susitarim\u0105 tai galime atlikti ir mes.<\/p>\n\n                      <\/div>\n                                      <\/div>\n                 \n                  <div class=\"accordion__block\"  :class=\"{ 'active': faq, '': !(faq) }\" x-data=\"{ faq: false }\">\n\n                                          <div class=\"accordion__block--heading\" x-on:click=\"faq = !faq\">\n                        <div class=\"h\">Kod\u0117l interneto svetainei reikalinga nuolatin\u0117 prie\u017ei\u016bra?<\/div>\n                        <div class=\"w-6\">\n                          <svg class=\"fill-current text-white\" width=\"21\" height=\"20\">\n                            <use xlink:href=\"https:\/\/kinfirm.com\/app\/themes\/kinfirm\/public\/images\/icons\/icons.ad8643.svg#arrow-down\"\/>\n                          <\/svg>\n                        <\/div>\n                      <\/div>\n                    \n                                          <div class=\"accordion__block--content\">\n                        <p>Kaip ir bet kokia sistema, interneto svetain\u0117 taip pat turi b\u016bti atnaujinama ir pri\u017ei\u016brima. Kei\u010diasi technologijos, atrandamos saugumo spragos &#8211; prie\u017ei\u016bra padeda i\u0161vengti \u012fvairi\u0173 problem\u0173, kurias gali sukelti neatnaujinta svetain\u0117s turinio valdymo sistema, moduliai ar programinio kodo baz\u0117. Pagal esamus poreikius, atliekame nuolatin\u0119 svetaini\u0173 prie\u017ei\u016br\u0105 bei monitoring\u0105.<\/p>\n\n                      <\/div>\n                                      <\/div>\n                 \n                  <div class=\"accordion__block\"  :class=\"{ 'active': faq, '': !(faq) }\" x-data=\"{ faq: false }\">\n\n                                          <div class=\"accordion__block--heading\" x-on:click=\"faq = !faq\">\n                        <div class=\"h\">Ar atliksite mokymus, kaip naudotis interneto svetaine?<\/div>\n                        <div class=\"w-6\">\n                          <svg class=\"fill-current text-white\" width=\"21\" height=\"20\">\n                            <use xlink:href=\"https:\/\/kinfirm.com\/app\/themes\/kinfirm\/public\/images\/icons\/icons.ad8643.svg#arrow-down\"\/>\n                          <\/svg>\n                        <\/div>\n                      <\/div>\n                    \n                                          <div class=\"accordion__block--content\">\n                        <p>\u0160iuolaikin\u0117s technologijos leid\u017eia interneto svetain\u0119 sukurti ir paruo\u0161ti itin patogiam ir paprastam administravimui. \u017dinoma, atliekame trumpus pradinius mokymus bei supa\u017eindiname su turinio valdymo sistemos ypatumais. Esant poreikiui, atliekame i\u0161samesnius mokymus bei nuolatos konsultuojame i\u0161kilus klausimams.<\/p>\n\n                      <\/div>\n                                      <\/div>\n                \n              <\/div>\n            \n        <\/div>\n      <\/div>\n    <\/section>\n  <\/div>\n\n\n<div class=\"section-wrapper \">\n    <section class=\"lg:py-24 md:py-12 py-6\" data-scroll-section>\n    <div class=\"container\">\n      <h2 class=\"lg:pb-16 md:pb-10 pb-6 text-white tracking-small lg:text-64px md:text-48px sm:text-32px text-24px\">\n        <span class=\"slash\">\/<\/span>Interneto svetaini\u0173 kainos\n      <\/h2>\n\n      <div class=\"btn-gray__group\">\n\n                          <a href=\"https:\/\/kinfirm.com\/lt\/interneto-svetaines-kaina\/\" class=\"btn-gray__link\">\n                    <div class=\"btn-gray__title\">\n              Daugiau informacijos\n            <\/div>\n                  <\/a>\n                \n      <\/div>\n\n    <\/div>\n  <\/section>\n  <\/div>\n\n\n<div class=\"section-wrapper \">\n    <section class=\"sm:py-12 py-4\" data-scroll-section>\n      <div class=\"container\">\n        <div class=\"container-md\">\n          <h2 class=\"text-white tracking-small lg:text-64px md:text-48px sm:text-32px text-24px md:mb-8 mb-6\">\n            <span class=\"slash\">\/<\/span>Interneto svetain\u0117s <br \/>\r\nk\u016brimo procesas\n          <\/h2>\n          \n            <div class=\"grid md:grid-cols-2 grid-cols-1 md:gap-16 gap-6\">\n\n                                             <div>\n                  <div class=\"prose md:prose-md text-gray\">\n                    <h4>Konsultacijos ir poreiki\u0173 analiz\u0117<\/h4>\n<p>Efektyvios interneto svetain\u0117s k\u016brimas prasideda nuo \u012fmon\u0117s veiklos, klient\u0173, konkurent\u0173 bei tiksl\u0173 analiz\u0117s.<\/p>\n\n                  <\/div>\n                <\/div>\n                                                           <div>\n                  <div class=\"prose md:prose-md text-gray\">\n                    <h4>Dizainas<\/h4>\n<p>Kuriama svetain\u0117s koncepcija bei dizainas. \u0160is \u017eingsnis neaktualus, jeigu jau turite savo dizaino komandos ar agent\u016bros paruo\u0161t\u0105 dizain\u0105.<\/p>\n\n                  <\/div>\n                <\/div>\n                                                           <div>\n                  <div class=\"prose md:prose-md text-gray\">\n                    <h4>Dizaino karpymas<\/h4>\n<p>Dizainas paver\u010diamas programiniu kodu bei pritaikomas i\u0161maniesiems \u012frenginiams.<\/p>\n\n                  <\/div>\n                <\/div>\n                                                           <div>\n                  <div class=\"prose md:prose-md text-gray\">\n                    <h4>Dizaino sujungimas su sistema<\/h4>\n<p>Atliekamas sukarpyto dizaino sujungimas su turinio valdymo sistema.<\/p>\n\n                  <\/div>\n                <\/div>\n                                                           <div>\n                  <div class=\"prose md:prose-md text-gray\">\n                    <h4>Turinio k\u0117limas ir testavimas<\/h4>\n<p>Keliamas pradinis interneto svetain\u0117s turinys bei atliekamas funkcionalumo t\u0119stavimas.<\/p>\n\n                  <\/div>\n                <\/div>\n                                                           <div>\n                  <div class=\"prose md:prose-md text-gray\">\n                    <h4>Paleidimas, prie\u017ei\u016bra<\/h4>\n<p>Kai svetain\u0117 paruo\u0161ta darbui &#8211; ji perkeliama \u012f J\u016bs\u0173 arba m\u016bs\u0173 administruojam\u0105 server\u012f.<\/p>\n\n                  <\/div>\n                <\/div>\n                            \n            <\/div>\n                  <\/div>\n      <\/div>\n    <\/section>\n  <\/div>\n\n\n<div class=\"section-wrapper \">\n    <section class=\"lg:py-24 md:py-12 py-6\" data-scroll-section>\n    <div class=\"container\">\n      <h2 class=\"lg:pb-16 md:pb-10 pb-6 text-white tracking-small lg:text-64px md:text-48px sm:text-32px text-24px\">\n        <span class=\"slash\">\/<\/span>Pasikalb\u0117kime apie j\u016bs\u0173 <br \/>\r\ninterneto svetain\u0119.\n      <\/h2>\n\n      <div class=\"btn-gray__group\">\n\n                          <a href=\"https:\/\/kinfirm.com\/lt\/programavimo-paslaugu-uzklausa\/\" class=\"btn-gray__link\">\n                    <div class=\"btn-gray__title\">\n              U\u017eklausos forma\n            <\/div>\n                  <\/a>\n                \n      <\/div>\n\n    <\/div>\n  <\/section>\n  <\/div>\n","protected":false},"excerpt":{"rendered":"","protected":false},"author":1,"featured_media":0,"parent":25,"menu_order":0,"comment_status":"closed","ping_status":"closed","template":"page-blocks.blade.php","meta":{"_acf_changed":false,"inline_featured_image":false,"footnotes":""},"class_list":["post-1170","page","type-page","status-publish","hentry"],"acf":[],"yoast_head":"<!-- This site is optimized with the Yoast SEO plugin v26.9 - https:\/\/yoast.com\/product\/yoast-seo-wordpress\/ -->\n<title>Interneto svetaini\u0173 k\u016brimas, programavimo paslaugos \/Kinfirm<\/title>\n<meta name=\"description\" content=\"Interneto svetaini\u0173 k\u016brimas su WordPress. Teikiame interneto svetaini\u0173 programavimo ir prie\u017ei\u016bros paslaugas.\" \/>\n<meta name=\"robots\" content=\"index, follow, max-snippet:-1, max-image-preview:large, max-video-preview:-1\" \/>\n<link rel=\"canonical\" href=\"https:\/\/kinfirm.com\/lt\/programavimo-paslaugos\/interneto-svetainiu-kurimas\/\" \/>\n<meta property=\"og:locale\" content=\"lt_LT\" \/>\n<meta property=\"og:type\" content=\"article\" \/>\n<meta property=\"og:title\" content=\"Interneto svetaini\u0173 k\u016brimas, programavimo paslaugos \/Kinfirm\" \/>\n<meta property=\"og:description\" content=\"Interneto svetaini\u0173 k\u016brimas su WordPress. Teikiame interneto svetaini\u0173 programavimo ir prie\u017ei\u016bros paslaugas.\" \/>\n<meta property=\"og:url\" content=\"https:\/\/kinfirm.com\/lt\/programavimo-paslaugos\/interneto-svetainiu-kurimas\/\" \/>\n<meta property=\"og:site_name\" content=\"Kinfirm\" \/>\n<meta property=\"article:modified_time\" content=\"2024-04-09T22:00:59+00:00\" \/>\n<meta property=\"og:image\" content=\"https:\/\/kinfirm.com\/app\/uploads\/2022\/05\/kinfirm_og.jpg\" \/>\n\t<meta property=\"og:image:width\" content=\"1200\" \/>\n\t<meta property=\"og:image:height\" content=\"673\" \/>\n\t<meta property=\"og:image:type\" content=\"image\/jpeg\" \/>\n<meta name=\"twitter:card\" content=\"summary_large_image\" \/>\n<script type=\"application\/ld+json\" class=\"yoast-schema-graph\">{\"@context\":\"https:\/\/schema.org\",\"@graph\":[{\"@type\":\"WebPage\",\"@id\":\"https:\/\/kinfirm.com\/lt\/programavimo-paslaugos\/interneto-svetainiu-kurimas\/\",\"url\":\"https:\/\/kinfirm.com\/lt\/programavimo-paslaugos\/interneto-svetainiu-kurimas\/\",\"name\":\"Interneto svetaini\u0173 k\u016brimas, programavimo paslaugos \/Kinfirm\",\"isPartOf\":{\"@id\":\"https:\/\/kinfirm.com\/lt\/#website\"},\"datePublished\":\"2022-06-30T21:00:46+00:00\",\"dateModified\":\"2024-04-09T22:00:59+00:00\",\"description\":\"Interneto svetaini\u0173 k\u016brimas su WordPress. Teikiame interneto svetaini\u0173 programavimo ir prie\u017ei\u016bros paslaugas.\",\"breadcrumb\":{\"@id\":\"https:\/\/kinfirm.com\/lt\/programavimo-paslaugos\/interneto-svetainiu-kurimas\/#breadcrumb\"},\"inLanguage\":\"lt-LT\",\"potentialAction\":[{\"@type\":\"ReadAction\",\"target\":[\"https:\/\/kinfirm.com\/lt\/programavimo-paslaugos\/interneto-svetainiu-kurimas\/\"]}]},{\"@type\":\"BreadcrumbList\",\"@id\":\"https:\/\/kinfirm.com\/lt\/programavimo-paslaugos\/interneto-svetainiu-kurimas\/#breadcrumb\",\"itemListElement\":[{\"@type\":\"ListItem\",\"position\":1,\"name\":\"Home\",\"item\":\"https:\/\/kinfirm.com\/lt\/\"},{\"@type\":\"ListItem\",\"position\":2,\"name\":\"Programavimas\",\"item\":\"https:\/\/kinfirm.com\/lt\/programavimo-paslaugos\/\"},{\"@type\":\"ListItem\",\"position\":3,\"name\":\"Interneto svetain\u0117s\"}]},{\"@type\":\"WebSite\",\"@id\":\"https:\/\/kinfirm.com\/lt\/#website\",\"url\":\"https:\/\/kinfirm.com\/lt\/\",\"name\":\"Kinfirm\",\"description\":\"\",\"publisher\":{\"@id\":\"https:\/\/kinfirm.com\/lt\/#organization\"},\"potentialAction\":[{\"@type\":\"SearchAction\",\"target\":{\"@type\":\"EntryPoint\",\"urlTemplate\":\"https:\/\/kinfirm.com\/lt\/?s={search_term_string}\"},\"query-input\":{\"@type\":\"PropertyValueSpecification\",\"valueRequired\":true,\"valueName\":\"search_term_string\"}}],\"inLanguage\":\"lt-LT\"},{\"@type\":\"Organization\",\"@id\":\"https:\/\/kinfirm.com\/lt\/#organization\",\"name\":\"Kinfirm\",\"url\":\"https:\/\/kinfirm.com\/lt\/\",\"logo\":{\"@type\":\"ImageObject\",\"inLanguage\":\"lt-LT\",\"@id\":\"https:\/\/kinfirm.com\/lt\/#\/schema\/logo\/image\/\",\"url\":\"https:\/\/kinfirm.com\/app\/uploads\/2022\/05\/Kinfirm-logo.svg\",\"contentUrl\":\"https:\/\/kinfirm.com\/app\/uploads\/2022\/05\/Kinfirm-logo.svg\",\"width\":\"1024\",\"height\":\"1024\",\"caption\":\"Kinfirm\"},\"image\":{\"@id\":\"https:\/\/kinfirm.com\/lt\/#\/schema\/logo\/image\/\"}}]}<\/script>\n<!-- \/ Yoast SEO plugin. -->","yoast_head_json":{"title":"Interneto svetaini\u0173 k\u016brimas, programavimo paslaugos \/Kinfirm","description":"Interneto svetaini\u0173 k\u016brimas su WordPress. Teikiame interneto svetaini\u0173 programavimo ir prie\u017ei\u016bros paslaugas.","robots":{"index":"index","follow":"follow","max-snippet":"max-snippet:-1","max-image-preview":"max-image-preview:large","max-video-preview":"max-video-preview:-1"},"canonical":"https:\/\/kinfirm.com\/lt\/programavimo-paslaugos\/interneto-svetainiu-kurimas\/","og_locale":"lt_LT","og_type":"article","og_title":"Interneto svetaini\u0173 k\u016brimas, programavimo paslaugos \/Kinfirm","og_description":"Interneto svetaini\u0173 k\u016brimas su WordPress. Teikiame interneto svetaini\u0173 programavimo ir prie\u017ei\u016bros paslaugas.","og_url":"https:\/\/kinfirm.com\/lt\/programavimo-paslaugos\/interneto-svetainiu-kurimas\/","og_site_name":"Kinfirm","article_modified_time":"2024-04-09T22:00:59+00:00","og_image":[{"width":1200,"height":673,"url":"https:\/\/kinfirm.com\/app\/uploads\/2022\/05\/kinfirm_og.jpg","type":"image\/jpeg"}],"twitter_card":"summary_large_image","schema":{"@context":"https:\/\/schema.org","@graph":[{"@type":"WebPage","@id":"https:\/\/kinfirm.com\/lt\/programavimo-paslaugos\/interneto-svetainiu-kurimas\/","url":"https:\/\/kinfirm.com\/lt\/programavimo-paslaugos\/interneto-svetainiu-kurimas\/","name":"Interneto svetaini\u0173 k\u016brimas, programavimo paslaugos \/Kinfirm","isPartOf":{"@id":"https:\/\/kinfirm.com\/lt\/#website"},"datePublished":"2022-06-30T21:00:46+00:00","dateModified":"2024-04-09T22:00:59+00:00","description":"Interneto svetaini\u0173 k\u016brimas su WordPress. Teikiame interneto svetaini\u0173 programavimo ir prie\u017ei\u016bros paslaugas.","breadcrumb":{"@id":"https:\/\/kinfirm.com\/lt\/programavimo-paslaugos\/interneto-svetainiu-kurimas\/#breadcrumb"},"inLanguage":"lt-LT","potentialAction":[{"@type":"ReadAction","target":["https:\/\/kinfirm.com\/lt\/programavimo-paslaugos\/interneto-svetainiu-kurimas\/"]}]},{"@type":"BreadcrumbList","@id":"https:\/\/kinfirm.com\/lt\/programavimo-paslaugos\/interneto-svetainiu-kurimas\/#breadcrumb","itemListElement":[{"@type":"ListItem","position":1,"name":"Home","item":"https:\/\/kinfirm.com\/lt\/"},{"@type":"ListItem","position":2,"name":"Programavimas","item":"https:\/\/kinfirm.com\/lt\/programavimo-paslaugos\/"},{"@type":"ListItem","position":3,"name":"Interneto svetain\u0117s"}]},{"@type":"WebSite","@id":"https:\/\/kinfirm.com\/lt\/#website","url":"https:\/\/kinfirm.com\/lt\/","name":"Kinfirm","description":"","publisher":{"@id":"https:\/\/kinfirm.com\/lt\/#organization"},"potentialAction":[{"@type":"SearchAction","target":{"@type":"EntryPoint","urlTemplate":"https:\/\/kinfirm.com\/lt\/?s={search_term_string}"},"query-input":{"@type":"PropertyValueSpecification","valueRequired":true,"valueName":"search_term_string"}}],"inLanguage":"lt-LT"},{"@type":"Organization","@id":"https:\/\/kinfirm.com\/lt\/#organization","name":"Kinfirm","url":"https:\/\/kinfirm.com\/lt\/","logo":{"@type":"ImageObject","inLanguage":"lt-LT","@id":"https:\/\/kinfirm.com\/lt\/#\/schema\/logo\/image\/","url":"https:\/\/kinfirm.com\/app\/uploads\/2022\/05\/Kinfirm-logo.svg","contentUrl":"https:\/\/kinfirm.com\/app\/uploads\/2022\/05\/Kinfirm-logo.svg","width":"1024","height":"1024","caption":"Kinfirm"},"image":{"@id":"https:\/\/kinfirm.com\/lt\/#\/schema\/logo\/image\/"}}]}},"_links":{"self":[{"href":"https:\/\/kinfirm.com\/lt\/wp-json\/wp\/v2\/pages\/1170","targetHints":{"allow":["GET"]}}],"collection":[{"href":"https:\/\/kinfirm.com\/lt\/wp-json\/wp\/v2\/pages"}],"about":[{"href":"https:\/\/kinfirm.com\/lt\/wp-json\/wp\/v2\/types\/page"}],"author":[{"embeddable":true,"href":"https:\/\/kinfirm.com\/lt\/wp-json\/wp\/v2\/users\/1"}],"replies":[{"embeddable":true,"href":"https:\/\/kinfirm.com\/lt\/wp-json\/wp\/v2\/comments?post=1170"}],"version-history":[{"count":5,"href":"https:\/\/kinfirm.com\/lt\/wp-json\/wp\/v2\/pages\/1170\/revisions"}],"predecessor-version":[{"id":3724,"href":"https:\/\/kinfirm.com\/lt\/wp-json\/wp\/v2\/pages\/1170\/revisions\/3724"}],"up":[{"embeddable":true,"href":"https:\/\/kinfirm.com\/lt\/wp-json\/wp\/v2\/pages\/25"}],"wp:attachment":[{"href":"https:\/\/kinfirm.com\/lt\/wp-json\/wp\/v2\/media?parent=1170"}],"curies":[{"name":"wp","href":"https:\/\/api.w.org\/{rel}","templated":true}]}}