{"id":1154,"date":"2022-06-30T23:54:01","date_gmt":"2022-06-30T20:54:01","guid":{"rendered":"https:\/\/kinfirm.com\/?page_id=1154"},"modified":"2024-03-17T14:31:39","modified_gmt":"2024-03-17T12:31:39","slug":"verslo-valdymo-sistemos","status":"publish","type":"page","link":"https:\/\/kinfirm.com\/lt\/programavimo-paslaugos\/verslo-valdymo-sistemos\/","title":{"rendered":"Verslo valdymo sistemos"},"content":{"rendered":"<div class=\"section-wrapper \">\n    <section class=\" sm:pt-[190px] pt-[120px] flex flex-col justify-center\">\n    <div class=\"container\">\n      <div class=\"border-b border-solid border-gray-40 sm:pb-[120px] pb-[50px]\">\n                  <h1 class=\"tracking-small lg:text-96px md:text-64px text-40px text-white\"><span class=\"slash\">\/<\/span>Verslo valdymo <br \/>\r\nsistem\u0173 programavimas\n          <\/h1>\n                          <div class=\"prose tracking-small text-white md:text-32px sm:text-24px md:mt-8 mt-6\">\n            <p>Kuriame modernias, patogias ir lengvai ple\u010diamas \u012fvairi\u0173 verslo proces\u0173 valdymo sistemas. Vadovaujam\u0117s po\u017ei\u016briu, kad programin\u0117 \u012franga turi dirbti taip, kaip dirba J\u016bs\u0173 verslas, o ne atvirk\u0161\u010diai. Unikali proces\u0173 valdymo sistema &#8211; konkurencinis prana\u0161umas J\u016bs\u0173 verslui.<\/p>\n\n          <\/div>\n                              <\/div>\n    <\/div>\n  <\/section>\n  <\/div>\n\n\n<div class=\"section-wrapper pt-20\">\n    <section class=\"sm:py-12 py-4\" data-scroll-section>\n      <div class=\"container\">\n        <div class=\"container-md\">\n          <h2 class=\"text-white tracking-small lg:text-64px md:text-48px sm:text-32px text-24px md:mb-8 mb-6\">\n            <span class=\"slash\">\/<\/span>Unikali\u0173 verslo valdymo sistem\u0173 privalumai\n          <\/h2>\n          \n            <div class=\"grid md:grid-cols-2 grid-cols-1 md:gap-16 gap-6\">\n\n                                             <div>\n                  <div class=\"prose md:prose-md text-gray\">\n                    <h3>Pritaikyta j\u016bs\u0173 verslui<\/h3>\n<p>Programin\u0117 \u012frang\u0105 turi dirbti taip, kaip j\u016bs\u0173 verslas, o ne atvirk\u0161\u010diai. Unikalios sistemos k\u016brimas leid\u017eia sistem\u0105 projektuoti pagal j\u016bs\u0173 procesus.<\/p>\n\n                  <\/div>\n                <\/div>\n                                                           <div>\n                  <div class=\"prose md:prose-md text-gray\">\n                    <h3>Poky\u010di\u0173 valdymas<\/h3>\n<p>Kei\u010diasi verslo specifika ar paslaug\u0173 spektras? Individualiai sukurta sistema suteikia galimyb\u0119 greitai \u012fgyvendinti poky\u010dius.<\/p>\n\n                  <\/div>\n                <\/div>\n                                                           <div>\n                  <div class=\"prose md:prose-md text-gray\">\n                    <h3>24\/7 pasiekiamumas<\/h3>\n<p>Steb\u0117kite situacij\u0105 bet kur ir bet kada. Sistema pasiekiama interneto nar\u0161ykl\u0117s pagalba.<\/p>\n\n                  <\/div>\n                <\/div>\n                                                           <div>\n                  <div class=\"prose md:prose-md text-gray\">\n                    <h3>Duomen\u0173 integravimas<\/h3>\n<p>Galimyb\u0117 sujungti skirtingas sistemas ir keistis duomenimis realiu laiku.<\/p>\n\n                  <\/div>\n                <\/div>\n                            \n            <\/div>\n                  <\/div>\n      <\/div>\n    <\/section>\n  <\/div>\n\n\n<div class=\"section-wrapper pt-20\">\n    <section class=\"md:py-8 py-6 px-4\" data-scroll-section>\n      <div class=\" container \">\n        <div\n          class=\"grid md:grid-cols-2 grid-cols-1 gap-x-10 md:gap-y-6 lg:gap-x-24 items-center justify-between\">\n          <div\n            class=\"md:order-2 order-1 p-6 py-10  md:py-16 mx-auto\">\n            <h2 class=\"h text-white tracking-small lg:text-48p  x md:text-48px sm:text-32px text-24px md:mb-8 mb-6\">\n              <span class=\"slash\">\/<\/span>Valdykite versl\u0105 \u0161iuolaiki\u0161kai\n            <\/h2>\n                      <\/div>\n\n          <div class=\"w-full order-none md:order-1 h-full flex items-center\">\n            <img loading=\"lazy\" decoding=\"async\" width=\"2560\" height=\"1463\" src=\"https:\/\/kinfirm.com\/app\/uploads\/2024\/02\/kinfirm-2-scaled.jpg\" class=\"w-full rounded-[20px]\" alt=\"\" srcset=\"https:\/\/kinfirm.com\/app\/uploads\/2024\/02\/kinfirm-2-scaled.jpg 2560w, https:\/\/kinfirm.com\/app\/uploads\/2024\/02\/kinfirm-2-300x171.jpg 300w, https:\/\/kinfirm.com\/app\/uploads\/2024\/02\/kinfirm-2-1024x585.jpg 1024w, https:\/\/kinfirm.com\/app\/uploads\/2024\/02\/kinfirm-2-1536x878.jpg 1536w, https:\/\/kinfirm.com\/app\/uploads\/2024\/02\/kinfirm-2-2048x1170.jpg 2048w, https:\/\/kinfirm.com\/app\/uploads\/2024\/02\/kinfirm-2-300x171@2x.jpg 600w\" sizes=\"auto, (max-width: 2560px) 100vw, 2560px\" \/>\n          <\/div>\n        <\/div>\n      <\/div>\n    <\/section>\n  <\/div>\n\n\n\n<div class=\"section-wrapper \">\n    <section class=\"lg:py-24 md:py-12 py-6\" data-scroll-section>\n    <div class=\"container\">\n      <h2 class=\"lg:pb-16 md:pb-10 pb-6 text-white tracking-small lg:text-64px md:text-48px sm:text-32px text-24px\">\n        <span class=\"slash\">\/<\/span>Pasikalb\u0117kime apie J\u016bs\u0173 verslo<br \/>\r\nvaldymo sistem\u0105\n      <\/h2>\n\n      <div class=\"btn-gray__group\">\n\n                          <a href=\"https:\/\/kinfirm.com\/lt\/kontaktai\/\" class=\"btn-gray__link\">\n                    <div class=\"btn-gray__title\">\n              Kontaktai\n            <\/div>\n                  <\/a>\n                \n      <\/div>\n\n    <\/div>\n  <\/section>\n  <\/div>\n","protected":false},"excerpt":{"rendered":"","protected":false},"author":1,"featured_media":0,"parent":25,"menu_order":0,"comment_status":"closed","ping_status":"closed","template":"page-blocks.blade.php","meta":{"_acf_changed":false,"inline_featured_image":false,"footnotes":""},"class_list":["post-1154","page","type-page","status-publish","hentry"],"acf":[],"yoast_head":"<!-- This site is optimized with the Yoast SEO plugin v26.9 - https:\/\/yoast.com\/product\/yoast-seo-wordpress\/ -->\n<title>Verslo valdymo sistem\u0173 programavimas \/Kinfirm<\/title>\n<meta name=\"description\" content=\"Kuriame modernias, patogias ir versl\u0105 valdyti padedan\u010dias sistemas. Su\u017einokite preliminariais verslo valdymo sistem\u0173 kainas.\" \/>\n<meta name=\"robots\" content=\"index, follow, max-snippet:-1, max-image-preview:large, max-video-preview:-1\" \/>\n<link rel=\"canonical\" href=\"https:\/\/kinfirm.com\/lt\/programavimo-paslaugos\/verslo-valdymo-sistemos\/\" \/>\n<meta property=\"og:locale\" content=\"lt_LT\" \/>\n<meta property=\"og:type\" content=\"article\" \/>\n<meta property=\"og:title\" content=\"Verslo valdymo sistem\u0173 programavimas \/Kinfirm\" \/>\n<meta property=\"og:description\" content=\"Kuriame modernias, patogias ir versl\u0105 valdyti padedan\u010dias sistemas. Su\u017einokite preliminariais verslo valdymo sistem\u0173 kainas.\" \/>\n<meta property=\"og:url\" content=\"https:\/\/kinfirm.com\/lt\/programavimo-paslaugos\/verslo-valdymo-sistemos\/\" \/>\n<meta property=\"og:site_name\" content=\"Kinfirm\" \/>\n<meta property=\"article:modified_time\" content=\"2024-03-17T12:31:39+00:00\" \/>\n<meta property=\"og:image\" content=\"https:\/\/kinfirm.com\/app\/uploads\/2022\/05\/kinfirm_og.jpg\" \/>\n\t<meta property=\"og:image:width\" content=\"1200\" \/>\n\t<meta property=\"og:image:height\" content=\"673\" \/>\n\t<meta property=\"og:image:type\" content=\"image\/jpeg\" \/>\n<meta name=\"twitter:card\" content=\"summary_large_image\" \/>\n<script type=\"application\/ld+json\" class=\"yoast-schema-graph\">{\"@context\":\"https:\/\/schema.org\",\"@graph\":[{\"@type\":\"WebPage\",\"@id\":\"https:\/\/kinfirm.com\/lt\/programavimo-paslaugos\/verslo-valdymo-sistemos\/\",\"url\":\"https:\/\/kinfirm.com\/lt\/programavimo-paslaugos\/verslo-valdymo-sistemos\/\",\"name\":\"Verslo valdymo sistem\u0173 programavimas \/Kinfirm\",\"isPartOf\":{\"@id\":\"https:\/\/kinfirm.com\/lt\/#website\"},\"datePublished\":\"2022-06-30T20:54:01+00:00\",\"dateModified\":\"2024-03-17T12:31:39+00:00\",\"description\":\"Kuriame modernias, patogias ir versl\u0105 valdyti padedan\u010dias sistemas. Su\u017einokite preliminariais verslo valdymo sistem\u0173 kainas.\",\"breadcrumb\":{\"@id\":\"https:\/\/kinfirm.com\/lt\/programavimo-paslaugos\/verslo-valdymo-sistemos\/#breadcrumb\"},\"inLanguage\":\"lt-LT\",\"potentialAction\":[{\"@type\":\"ReadAction\",\"target\":[\"https:\/\/kinfirm.com\/lt\/programavimo-paslaugos\/verslo-valdymo-sistemos\/\"]}]},{\"@type\":\"BreadcrumbList\",\"@id\":\"https:\/\/kinfirm.com\/lt\/programavimo-paslaugos\/verslo-valdymo-sistemos\/#breadcrumb\",\"itemListElement\":[{\"@type\":\"ListItem\",\"position\":1,\"name\":\"Home\",\"item\":\"https:\/\/kinfirm.com\/lt\/\"},{\"@type\":\"ListItem\",\"position\":2,\"name\":\"Programavimas\",\"item\":\"https:\/\/kinfirm.com\/lt\/programavimo-paslaugos\/\"},{\"@type\":\"ListItem\",\"position\":3,\"name\":\"Verslo valdymo sistemos\"}]},{\"@type\":\"WebSite\",\"@id\":\"https:\/\/kinfirm.com\/lt\/#website\",\"url\":\"https:\/\/kinfirm.com\/lt\/\",\"name\":\"Kinfirm\",\"description\":\"\",\"publisher\":{\"@id\":\"https:\/\/kinfirm.com\/lt\/#organization\"},\"potentialAction\":[{\"@type\":\"SearchAction\",\"target\":{\"@type\":\"EntryPoint\",\"urlTemplate\":\"https:\/\/kinfirm.com\/lt\/?s={search_term_string}\"},\"query-input\":{\"@type\":\"PropertyValueSpecification\",\"valueRequired\":true,\"valueName\":\"search_term_string\"}}],\"inLanguage\":\"lt-LT\"},{\"@type\":\"Organization\",\"@id\":\"https:\/\/kinfirm.com\/lt\/#organization\",\"name\":\"Kinfirm\",\"url\":\"https:\/\/kinfirm.com\/lt\/\",\"logo\":{\"@type\":\"ImageObject\",\"inLanguage\":\"lt-LT\",\"@id\":\"https:\/\/kinfirm.com\/lt\/#\/schema\/logo\/image\/\",\"url\":\"https:\/\/kinfirm.com\/app\/uploads\/2022\/05\/Kinfirm-logo.svg\",\"contentUrl\":\"https:\/\/kinfirm.com\/app\/uploads\/2022\/05\/Kinfirm-logo.svg\",\"width\":\"1024\",\"height\":\"1024\",\"caption\":\"Kinfirm\"},\"image\":{\"@id\":\"https:\/\/kinfirm.com\/lt\/#\/schema\/logo\/image\/\"}}]}<\/script>\n<!-- \/ Yoast SEO plugin. -->","yoast_head_json":{"title":"Verslo valdymo sistem\u0173 programavimas \/Kinfirm","description":"Kuriame modernias, patogias ir versl\u0105 valdyti padedan\u010dias sistemas. Su\u017einokite preliminariais verslo valdymo sistem\u0173 kainas.","robots":{"index":"index","follow":"follow","max-snippet":"max-snippet:-1","max-image-preview":"max-image-preview:large","max-video-preview":"max-video-preview:-1"},"canonical":"https:\/\/kinfirm.com\/lt\/programavimo-paslaugos\/verslo-valdymo-sistemos\/","og_locale":"lt_LT","og_type":"article","og_title":"Verslo valdymo sistem\u0173 programavimas \/Kinfirm","og_description":"Kuriame modernias, patogias ir versl\u0105 valdyti padedan\u010dias sistemas. Su\u017einokite preliminariais verslo valdymo sistem\u0173 kainas.","og_url":"https:\/\/kinfirm.com\/lt\/programavimo-paslaugos\/verslo-valdymo-sistemos\/","og_site_name":"Kinfirm","article_modified_time":"2024-03-17T12:31:39+00:00","og_image":[{"width":1200,"height":673,"url":"https:\/\/kinfirm.com\/app\/uploads\/2022\/05\/kinfirm_og.jpg","type":"image\/jpeg"}],"twitter_card":"summary_large_image","schema":{"@context":"https:\/\/schema.org","@graph":[{"@type":"WebPage","@id":"https:\/\/kinfirm.com\/lt\/programavimo-paslaugos\/verslo-valdymo-sistemos\/","url":"https:\/\/kinfirm.com\/lt\/programavimo-paslaugos\/verslo-valdymo-sistemos\/","name":"Verslo valdymo sistem\u0173 programavimas \/Kinfirm","isPartOf":{"@id":"https:\/\/kinfirm.com\/lt\/#website"},"datePublished":"2022-06-30T20:54:01+00:00","dateModified":"2024-03-17T12:31:39+00:00","description":"Kuriame modernias, patogias ir versl\u0105 valdyti padedan\u010dias sistemas. Su\u017einokite preliminariais verslo valdymo sistem\u0173 kainas.","breadcrumb":{"@id":"https:\/\/kinfirm.com\/lt\/programavimo-paslaugos\/verslo-valdymo-sistemos\/#breadcrumb"},"inLanguage":"lt-LT","potentialAction":[{"@type":"ReadAction","target":["https:\/\/kinfirm.com\/lt\/programavimo-paslaugos\/verslo-valdymo-sistemos\/"]}]},{"@type":"BreadcrumbList","@id":"https:\/\/kinfirm.com\/lt\/programavimo-paslaugos\/verslo-valdymo-sistemos\/#breadcrumb","itemListElement":[{"@type":"ListItem","position":1,"name":"Home","item":"https:\/\/kinfirm.com\/lt\/"},{"@type":"ListItem","position":2,"name":"Programavimas","item":"https:\/\/kinfirm.com\/lt\/programavimo-paslaugos\/"},{"@type":"ListItem","position":3,"name":"Verslo valdymo sistemos"}]},{"@type":"WebSite","@id":"https:\/\/kinfirm.com\/lt\/#website","url":"https:\/\/kinfirm.com\/lt\/","name":"Kinfirm","description":"","publisher":{"@id":"https:\/\/kinfirm.com\/lt\/#organization"},"potentialAction":[{"@type":"SearchAction","target":{"@type":"EntryPoint","urlTemplate":"https:\/\/kinfirm.com\/lt\/?s={search_term_string}"},"query-input":{"@type":"PropertyValueSpecification","valueRequired":true,"valueName":"search_term_string"}}],"inLanguage":"lt-LT"},{"@type":"Organization","@id":"https:\/\/kinfirm.com\/lt\/#organization","name":"Kinfirm","url":"https:\/\/kinfirm.com\/lt\/","logo":{"@type":"ImageObject","inLanguage":"lt-LT","@id":"https:\/\/kinfirm.com\/lt\/#\/schema\/logo\/image\/","url":"https:\/\/kinfirm.com\/app\/uploads\/2022\/05\/Kinfirm-logo.svg","contentUrl":"https:\/\/kinfirm.com\/app\/uploads\/2022\/05\/Kinfirm-logo.svg","width":"1024","height":"1024","caption":"Kinfirm"},"image":{"@id":"https:\/\/kinfirm.com\/lt\/#\/schema\/logo\/image\/"}}]}},"_links":{"self":[{"href":"https:\/\/kinfirm.com\/lt\/wp-json\/wp\/v2\/pages\/1154","targetHints":{"allow":["GET"]}}],"collection":[{"href":"https:\/\/kinfirm.com\/lt\/wp-json\/wp\/v2\/pages"}],"about":[{"href":"https:\/\/kinfirm.com\/lt\/wp-json\/wp\/v2\/types\/page"}],"author":[{"embeddable":true,"href":"https:\/\/kinfirm.com\/lt\/wp-json\/wp\/v2\/users\/1"}],"replies":[{"embeddable":true,"href":"https:\/\/kinfirm.com\/lt\/wp-json\/wp\/v2\/comments?post=1154"}],"version-history":[{"count":5,"href":"https:\/\/kinfirm.com\/lt\/wp-json\/wp\/v2\/pages\/1154\/revisions"}],"predecessor-version":[{"id":3532,"href":"https:\/\/kinfirm.com\/lt\/wp-json\/wp\/v2\/pages\/1154\/revisions\/3532"}],"up":[{"embeddable":true,"href":"https:\/\/kinfirm.com\/lt\/wp-json\/wp\/v2\/pages\/25"}],"wp:attachment":[{"href":"https:\/\/kinfirm.com\/lt\/wp-json\/wp\/v2\/media?parent=1154"}],"curies":[{"name":"wp","href":"https:\/\/api.w.org\/{rel}","templated":true}]}}